{"id":152296,"date":"2022-05-12T09:00:41","date_gmt":"2022-05-12T12:00:41","guid":{"rendered":"https:\/\/ri.taesa.com.br\/?page_id=152296"},"modified":"2023-03-15T10:13:24","modified_gmt":"2023-03-15T13:13:24","slug":"corporate-profile-2","status":"publish","type":"page","link":"https:\/\/ri.taesa.com.br\/en\/corporate-profile-2\/","title":{"rendered":"Corporate Profile"},"content":{"rendered":"<div class=\"wpb-content-wrapper\"><p>[vc_row][vc_column][vc_column_text]<\/p>\n<div><strong>Transmissora Alian\u00e7a de Energia El\u00e9trica S.A. \u2013 TAESA<\/strong> \u2013 is one of the largest private electric energy transmission groups in Brazil in terms of Annual Permitted Revenues (also known as RAP). The company is exclusively dedicated to the construction, operation and maintenance of transmission assets, with 13,211 km of lines in operation and 1,918 km of lines under construction, totaling 15,129 km of extension and 103 substations. In addition, it has assets in operation with voltages between 230 and 525kV, and is present in all 5 Regions of the country (18 States and the Federal District), as well as an Operation and Control Center in Bras\u00edlia. Currently, TAESA holds 43 transmission concessions: (i) 11 concessions that comprise the holding company (TSN, Novatrans, ETEO, GTESA, PATESA, Munirah, NTE, STE, ATE, and ATE II); (ii) 12 full investees (Brasnorte, ATE III, S\u00e3o Gotardo, Mariana, Miracema, Jana\u00faba, Sant\u2019Ana, S\u00e3o Jo\u00e3o, S\u00e3o Pedro, Lagoa Nova, Anana\u00ed, Pitiguari, Sa\u00edra and Tangar\u00e1 ); and (iii) shareholding interest in 19 companies (ETAU, Transmineiras, AIE Group, and TBE Group).<\/div>\n<p>[\/vc_column_text][\/vc_column][\/vc_row][vc_row][vc_column width=&#8221;1\/2&#8243;][vc_column_text css=&#8221;.vc_custom_1561143872429{margin-bottom: 20px !important;}&#8221;]<\/p>\n<h5>Simplified map with TAESA\u2019s concessions<\/h5>\n<p>[\/vc_column_text][vc_single_image image=&#8221;152402&#8243; img_size=&#8221;full&#8221; css=&#8221;.vc_custom_1678885833379{margin-right: 0px !important;margin-bottom: 0px !important;margin-left: 0px !important;border-top-width: 1px !important;border-right-width: 1px !important;border-bottom-width: 1px !important;border-left-width: 1px !important;border-left-color: #eaeaea !important;border-right-color: #eaeaea !important;border-top-color: #eaeaea !important;border-bottom-color: #eaeaea !important;}&#8221;][vc_column_text css=&#8221;.vc_custom_1561144083709{padding-top: 5px !important;padding-bottom: 6px !important;padding-left: 15px !important;background-color: #eaeaea !important;}&#8221;]<\/p>\n<p style=\"text-align: left; font-size: 14px;\"><a href=\"http:\/\/ri.taesa.com.br\/en\/taesa\/concessions\/\">Further details on the Concessions section<\/a><\/p>\n<p>[\/vc_column_text][\/vc_column][vc_column width=&#8221;1\/2&#8243; css=&#8221;.vc_custom_1551450681168{margin-top: 44px !important;}&#8221;][vc_table allow_html=&#8221;1&#8243; el_class=&#8221;ajuste-bot bold-tab&#8221;][borders_all;borders_all;bg#001141;c#ffffff;b]TAESA%E2%80%99s%20Main%20Figures|[borders_all;borders_all;14px]%3Cb%3E43%20concessions%3A%3C%2Fb%3E%2010%20concessions%20in%20the%20holding%20company%2C%2014%20full%20investees%2C%20and%20shareholding%20interest%20in%2019%20companies|[borders_all;borders_all;borders_all;14px]Total%20of%20%3Cb%3E15.129km%3C%2Fb%3E%20of%20transmission%20lines%20and%20101%20substations%20(%3Cb%3E13.211km%3C%2Fb%3E%20of%20lines%20in%20operation%20and%20%3Cb%3E1.918km%3C%2Fb%3E%20of%20lines%20under%20construction)|[borders_all;borders_all;borders_all;14px]Present%20in%20%3Cb%3E18%20States%20and%20the%20Federal%20District%3A%3C%2Fb%3E%20Alagoas%2C%20Bahia%2C%20Esp%C3%ADrito%20Santo%2C%20Goi%C3%A1s%2C%20Maranh%C3%A3o%2C%20Mato%20Grosso%2C%20Minas%20Gerais%2C%20Par%C3%A1%2C%20Para%C3%ADba%2C%20Paran%C3%A1%2C%20Pernambuco%2C%20Piau%C3%AD%2C%20Rio%20Grande%20do%20Norte%2C%20Rio%20Grande%20do%20Sul%2C%20Santa%20Catarina%2C%20S%C3%A3o%20Paulo%2C%20Sergipe%2C%20and%20Tocantins.|[14px;borders_all;borders_all]Average%20concession%20term%3A%20%3Cb%3E15.2%20years%3C%2Fb%3E%20(as%20of%2007%2F03%2F2022)|[14px;borders_all;borders_all]Line%20availability%20rate%3A%20%3Cb%3E%2099.95%25%3C%2Fb%3E%20%2F%20Variable%20Portion%20(PV)%3A%20%3Cb%3ER%24%2030.3million%3C%2Fb%3E|[14px;borders_all;borders_all]Total%20RAP%20%3Cb%3ER%24%203%2C834.5million%3C%2Fb%3E%20(2022-2023%20cycle)%3A%20%3Cb%3ER%24%203%2C529%20%20million%3C%2Fb%3E%20operational%20(%20and%20%3Cb%3ER%24%20%E2%80%AD305.6%20million%3C%2Fb%3E%20under%20construction|[borders_all;14px]Investments%20done%20between%202006%20and%201Q21%20(CAPEX%20%2B%20M%26A)%3A%20%3Cb%3ER%24%208.7%20billion%3C%2Fb%3E|[14px;borders_all;borders_all]Dividends%20paid%20between%202006%20in%202023%3A%20%3Cb%3ER%24%2012.8%20billion%3C%2Fb%3E[\/vc_table][vc_column_text css=&#8221;.vc_custom_1559850768954{margin-top: -15px !important;}&#8221;]<\/p>\n<h6>\u00b9 Market share considers only category 2 and 3 concessions.<\/h6>\n<p>[\/vc_column_text][\/vc_column][\/vc_row][vc_row css=&#8221;.vc_custom_1557424977965{margin-top: 15px !important;}&#8221;][vc_column][vc_table allow_html=&#8221;1&#8243; el_class=&#8221;ajuste-top&#8221;][borders_all;bg#001141;c#ffffff;b]Financial%20Information%20(9M22-%20TAESA%20Consolidated)|[borders_all;14px]EBITDA%20of%20%3Cb%3ER%24%201%2C682%20million%3C%2Fb%3E%20and%20EBITDA%20margin%20of%20%3Cb%3E61.30%25%3C%2Fb%3E|[borders_all;14px]IFRS%20Net%20Income%20of%20%3Cb%3ER%24%201426.4%09million%3C%2Fb%3E%20%2F%20Adjusted%20Net%20Income%C2%B2(2021)%20of%20%3Cb%3ER%24%201%2C805.615million%3C%2Fb%3E%20%2F%20Distributed%20Dividends%20and%20JCP%20(2022)%20(Interest%20on%20Equity)%20of%20%3Cb%3ER%24%20506.8%20million%3C%2Fb%3E|[borders_all;borders_all;14px]Gross%20Debt%20of%20%3Cb%3ER%24%208%2C499.8%20billion%3C%2Fb%3E%20%2F%20Cash%20balance%20of%20%3Cb%3ER%241%2C838%20billion%3C%2Fb%3E%20%2F%20Net%20Debt%20of%20%3Cb%3ER%24%208%2C905%20million%3C%2Fb%3E%3C%2Fbr%3EAverage%20Nominal%20Cost%20of%20%3Cb%3E5.27%25%3C%2Fb%3E%20and%20Average%20Term%20of%20%3Cb%3E5.1%20years%3C%2Fb%3E|[borders_all;14px]Net%20Debt%2FEBITDA%3A%20%3Cb%3E3.7x%3C%2Fb%3E%20(it%20considers%20%20jointly%20controlled%20and%20associated%20companies)|[borders_all;14px]Market%20Cap%3A%20%3Cb%3ER%24%2014.3billion%3C%2Fb%3E%20(as%20of%2009%2F26%2F2022)[\/vc_table][vc_column_text css=&#8221;.vc_custom_1561121654720{margin-top: -15px !important;}&#8221;]<\/p>\n<h6>\u00b2 The Adjusted Net Income excludes the effects of the CPC 47 adoption, reflecting the previously adopted accounting method (Financial Asset at amortized cost).<\/h6>\n<p>[\/vc_column_text][\/vc_column][\/vc_row]<\/p>\n<\/div><span class=\"et_bloom_bottom_trigger\"><\/span>","protected":false},"excerpt":{"rendered":"<p>[vc_row][vc_column][vc_column_text] Transmissora Alian\u00e7a de Energia El\u00e9trica S.A. \u2013 TAESA \u2013 is one of the largest private electric energy transmission groups in Brazil in terms of Annual Permitted Revenues (also known as RAP). The company is exclusively dedicated to the construction, operation and maintenance of transmission assets, with 13,211 km of lines in operation and 1,918 [&hellip;]<\/p>\n","protected":false},"author":1,"featured_media":152324,"parent":0,"menu_order":1,"comment_status":"closed","ping_status":"closed","template":"","meta":{"footnotes":""},"class_list":["post-152296","page","type-page","status-publish","has-post-thumbnail","hentry"],"_links":{"self":[{"href":"https:\/\/ri.taesa.com.br\/en\/wp-json\/wp\/v2\/pages\/152296","targetHints":{"allow":["GET"]}}],"collection":[{"href":"https:\/\/ri.taesa.com.br\/en\/wp-json\/wp\/v2\/pages"}],"about":[{"href":"https:\/\/ri.taesa.com.br\/en\/wp-json\/wp\/v2\/types\/page"}],"author":[{"embeddable":true,"href":"https:\/\/ri.taesa.com.br\/en\/wp-json\/wp\/v2\/users\/1"}],"replies":[{"embeddable":true,"href":"https:\/\/ri.taesa.com.br\/en\/wp-json\/wp\/v2\/comments?post=152296"}],"version-history":[{"count":1,"href":"https:\/\/ri.taesa.com.br\/en\/wp-json\/wp\/v2\/pages\/152296\/revisions"}],"predecessor-version":[{"id":152864,"href":"https:\/\/ri.taesa.com.br\/en\/wp-json\/wp\/v2\/pages\/152296\/revisions\/152864"}],"wp:featuredmedia":[{"embeddable":true,"href":"https:\/\/ri.taesa.com.br\/en\/wp-json\/wp\/v2\/media\/152324"}],"wp:attachment":[{"href":"https:\/\/ri.taesa.com.br\/en\/wp-json\/wp\/v2\/media?parent=152296"}],"curies":[{"name":"wp","href":"https:\/\/api.w.org\/{rel}","templated":true}]}}