{"id":2486,"date":"2024-03-12T00:02:41","date_gmt":"2024-03-12T03:02:41","guid":{"rendered":"http:\/\/ri.taesa.com.br\/?page_id=2486"},"modified":"2026-03-19T10:11:33","modified_gmt":"2026-03-19T13:11:33","slug":"corporate-profile","status":"publish","type":"page","link":"https:\/\/ri.taesa.com.br\/en\/taesa\/corporate-profile\/","title":{"rendered":"Corporate Profile"},"content":{"rendered":"<div class=\"wpb-content-wrapper\"><p>[vc_row][vc_column][vc_column_text css=&#8221;&#8221;]<strong>Transmissora Alian\u00e7a de Energia El\u00e9trica S.A. \u2013 TAESA<\/strong> \u2013 is one of the largest private electric energy transmission groups in Brazil in terms of Annual Permitted Revenues (also known as RAP). The company is exclusively dedicated to the construction, operation and maintenance of transmission assets, with 14,509 km of lines in operation and 804 km of lines under construction, totaling 15,313 km of extension and 113 substations. In addition, it has assets in operation with voltages between 69kV and 525kV, and is present in all 5 Regions of the country (18 States and the Federal District), as well as an System Operations Center in Rio de Janeiro. Currently, TAESA holds 44 transmission concessions: (i) 14 concessions that comprise the holding company (TSN, Novatrans, ETEO, GTESA, PATESA, Munirah, NTE, STE, ATE, ATE II, ATE III, Miracema, Sa\u00edra and Sant\u2019Ana); (ii) 11 full investees (Brasnorte, S\u00e3o Gotardo, Mariana,\u00a0 Jana\u00faba,\u00a0 S\u00e3o Jo\u00e3o, S\u00e3o Pedro, Lagoa Nova, Anana\u00ed, Pitiguari, Tangar\u00e1 and Juru\u00e1); and (iii) shareholding interest in 19 companies (ETAU, AIE Group and TBE Group).[\/vc_column_text][\/vc_column][\/vc_row][vc_row][vc_column width=&#8221;1\/2&#8243;][vc_column_text css=&#8221;.vc_custom_1561143872429{margin-bottom: 20px !important;}&#8221;]<\/p>\n<h5>Simplified map with TAESA\u2019s concessions<\/h5>\n<p>[\/vc_column_text][vc_single_image image=&#8221;152402&#8243; img_size=&#8221;full&#8221; css=&#8221;.vc_custom_1678885833379{margin-right: 0px !important;margin-bottom: 0px !important;margin-left: 0px !important;border-top-width: 1px !important;border-right-width: 1px !important;border-bottom-width: 1px !important;border-left-width: 1px !important;border-left-color: #eaeaea !important;border-right-color: #eaeaea !important;border-top-color: #eaeaea !important;border-bottom-color: #eaeaea !important;}&#8221;][vc_column_text css=&#8221;.vc_custom_1561144083709{padding-top: 5px !important;padding-bottom: 6px !important;padding-left: 15px !important;background-color: #eaeaea !important;}&#8221;]<\/p>\n<p style=\"text-align: left; font-size: 14px;\"><a href=\"http:\/\/ri.taesa.com.br\/en\/taesa\/concessions\/\">Further details on the Concessions section<\/a><\/p>\n<p>[\/vc_column_text][\/vc_column][vc_column width=&#8221;1\/2&#8243; css=&#8221;.vc_custom_1551450681168{margin-top: 44px !important;}&#8221;][vc_table allow_html=&#8221;1&#8243; el_class=&#8221;ajuste-bot bold-tab&#8221;][borders_all;borders_all;bg#001141;c#ffffff;b]TAESA%E2%80%99s%20Main%20Figures|[borders_all;borders_all;14px]%3Cb%3E44%20concessions%3A%3C%2Fb%3E%2014%20concessions%20in%20the%20holding%20company%2C%2011%20full%20investees%2C%20and%20shareholding%20interest%20in%2019%20companies|[borders_all;borders_all;borders_all;14px]Total%20of%20%3Cb%3E15%2C313%20km%3C%2Fb%3E%20of%20transmission%20lines%20and%20113%20substations%20(%3Cb%3E14%2C509%20km%3C%2Fb%3E%20of%20lines%20in%20operation%20and%20%3Cb%3E804%20km%3C%2Fb%3E%20of%20lines%20under%20construction)|[borders_all;borders_all;borders_all;14px]Present%20in%20%3Cb%3E18%20States%20and%20the%20Federal%20District%3A%3C%2Fb%3E%20Alagoas%2C%20Bahia%2C%20Esp%C3%ADrito%20Santo%2C%20Goi%C3%A1s%2C%20Maranh%C3%A3o%2C%20Mato%20Grosso%2C%20Minas%20Gerais%2C%20Par%C3%A1%2C%20Para%C3%ADba%2C%20Paran%C3%A1%2C%20Pernambuco%2C%20Piau%C3%AD%2C%20Rio%20Grande%20do%20Norte%2C%20Rio%20Grande%20do%20Sul%2C%20Santa%20Catarina%2C%20S%C3%A3o%20Paulo%2C%20Tocantins%20and%20%20Rio%20de%20Janeiro.|[14px;borders_all;borders_all]Average%20concession%20term%3A%20%3Cb%3E14%20years%3C%2Fb%3E%20(as%20of%2012%2F01%2F2024)|[14px;borders_all;borders_all]Line%20availability%20rate%3A%20%3Cb%3E%2099.94%25%3C%2Fb%3E%20%2F%20Variable%20Portion%20(PV)%3A%20%3Cb%3ER%24%2014.9%20million%20(2025)%3C%2Fb%3E|[14px;borders_all;borders_all]Total%20RAP%20%3Cb%3ER%24%204.4%20billion%3C%2Fb%3E%20(2025-2026%20cycle)%3A%20%3Cb%3ER%24%204.0%20billion%3C%2Fb%3E%20operational%20(%20and%20%3Cb%3ER%24%200.4%20billion%3C%2Fb%3E%20under%20construction)|[borders_all;14px]Investments%20done%20between%202006%20and%201Q25%20(CAPEX%20%2B%20M%26A)%3A%20%3Cb%3ER%24%2013.3%20billion%3C%2Fb%3E|[14px;borders_all;borders_all]Dividends%20and%20Interst%20on%20Equity%20(IoE)%20declared%20between%202006%20and%201Q25%3A%20%3Cb%3ER%24%2014.8%20billion%3C%2Fb%3E[\/vc_table][\/vc_column][\/vc_row][vc_row css=&#8221;.vc_custom_1557424977965{margin-top: 15px !important;}&#8221;][vc_column][vc_table allow_html=&#8221;1&#8243; el_class=&#8221;ajuste-top&#8221;][borders_all;borders_all;bg#001141;c#ffffff;b]Financial%20Information%20(2025%20-%20TAESA%20Consolidated%20Regulatory)|[borders_all;borders_all;14px]EBITDA%20of%20%3Cb%3ER%24%202%2C104.4%20million%3C%2Fb%3E%20and%20EBITDA%20margin%20of%20%3Cb%3E83.7%25%3C%2Fb%3E|[borders_all;borders_all;borders_all;14px]Net%20Income%20of%20%3Cb%3ER%24%201%2C124.1%20million%3C%2Fb%3E%20%20%2F%20Distributed%20Dividends%20and%20JCP%20(2024)%20(Interest%20on%20Equity)%20of%20%3Cb%3ER%24%201%2C124%20million%3C%2Fb%3E|[borders_all;borders_all;borders_all;14px]Gross%20Debt%20of%20%3Cb%3ER%24%2013%2C954.9%20million%3C%2Fb%3E%20%2F%20Cash%20balance%20of%20%3Cb%3ER%24%201%2C568.3%20million%3C%2Fb%3E%20%2F%20Net%20Debt%20of%20%3Cb%3ER%24%2012%2C386.6%20million%3C%2Fb%3E%3C%2Fbr%3EAverage%20Nominal%20Cost%20of%20%3Cb%3E5.34%25%3C%2Fb%3E%20and%20Average%20Term%20of%20%3Cb%3E5.5%20years%3C%2Fb%3E|[14px;borders_all;borders_all]Net%20Debt%2FEBITDA%3A%20%3Cb%3E4.1x%3C%2Fb%3E%20(it%20considers%20%20jointly%20controlled%20and%20associated%20companies)|[14px;borders_all;borders_all]Market%20Cap%3A%20%3Cb%3ER%24%2014.5%20billion%3C%2Fb%3E%20(as%20of%20Mar%2F2026)[\/vc_table][\/vc_column][\/vc_row]<\/p>\n<\/div><span class=\"et_bloom_bottom_trigger\"><\/span>","protected":false},"excerpt":{"rendered":"<p>[vc_row][vc_column][vc_column_text css=&#8221;&#8221;]Transmissora Alian\u00e7a de Energia El\u00e9trica S.A. \u2013 TAESA \u2013 is one of the largest private electric energy transmission groups in Brazil in terms of Annual Permitted Revenues (also known as RAP). The company is exclusively dedicated to the construction, operation and maintenance of transmission assets, with 14,509 km of lines in operation and 804 [&hellip;]<\/p>\n","protected":false},"author":1,"featured_media":3985,"parent":1411,"menu_order":1,"comment_status":"closed","ping_status":"closed","template":"","meta":{"footnotes":""},"class_list":["post-2486","page","type-page","status-publish","has-post-thumbnail","hentry"],"_links":{"self":[{"href":"https:\/\/ri.taesa.com.br\/en\/wp-json\/wp\/v2\/pages\/2486","targetHints":{"allow":["GET"]}}],"collection":[{"href":"https:\/\/ri.taesa.com.br\/en\/wp-json\/wp\/v2\/pages"}],"about":[{"href":"https:\/\/ri.taesa.com.br\/en\/wp-json\/wp\/v2\/types\/page"}],"author":[{"embeddable":true,"href":"https:\/\/ri.taesa.com.br\/en\/wp-json\/wp\/v2\/users\/1"}],"replies":[{"embeddable":true,"href":"https:\/\/ri.taesa.com.br\/en\/wp-json\/wp\/v2\/comments?post=2486"}],"version-history":[{"count":90,"href":"https:\/\/ri.taesa.com.br\/en\/wp-json\/wp\/v2\/pages\/2486\/revisions"}],"predecessor-version":[{"id":298935,"href":"https:\/\/ri.taesa.com.br\/en\/wp-json\/wp\/v2\/pages\/2486\/revisions\/298935"}],"up":[{"embeddable":true,"href":"https:\/\/ri.taesa.com.br\/en\/wp-json\/wp\/v2\/pages\/1411"}],"wp:featuredmedia":[{"embeddable":true,"href":"https:\/\/ri.taesa.com.br\/en\/wp-json\/wp\/v2\/media\/3985"}],"wp:attachment":[{"href":"https:\/\/ri.taesa.com.br\/en\/wp-json\/wp\/v2\/media?parent=2486"}],"curies":[{"name":"wp","href":"https:\/\/api.w.org\/{rel}","templated":true}]}}