{"id":2490,"date":"2022-04-25T14:17:08","date_gmt":"2022-04-25T17:17:08","guid":{"rendered":"http:\/\/ri.taesa.com.br\/?page_id=2490"},"modified":"2024-10-04T09:51:57","modified_gmt":"2024-10-04T12:51:57","slug":"awards-and-recognitions","status":"publish","type":"page","link":"https:\/\/ri.taesa.com.br\/en\/taesa\/awards-and-recognitions\/","title":{"rendered":"Awards and Recognitions"},"content":{"rendered":"<div class=\"wpb-content-wrapper\"><p>[vc_row][vc_column width=&#8221;1\/4&#8243;][vc_single_image image=&#8221;293989&#8243; img_size=&#8221;full&#8221; css=&#8221;&#8221;][\/vc_column][vc_column width=&#8221;3\/4&#8243;][vc_column_text css=&#8221;&#8221;]<\/p>\n<h5><span data-teams=\"true\"><span class=\"ui-provider a b c d e f g h i j k l m n o p q r s t u v w x y z ab ac ae af ag ah ai aj ak\" dir=\"ltr\">28th ANEFAC Award\u00a0<\/span><\/span><\/h5>\n<p>&nbsp;<\/p>\n<p><span data-teams=\"true\"><span class=\"ui-provider a b c d e f g h i j k l m n o p q r s t u v w x y z ab ac ae af ag ah ai aj ak\" dir=\"ltr\">We are one of the winning companies of the 28th edition of the ANEFAC Award \u2013 Transparency Trophy, in the category with net income below R$ 5 billion, in recognition of our Financial Statements for 2023. The participating organizations are endorsed based on a rigorous criteria, which includes the quality and consistency of the information, clarity in the presentation of financial data, adherence to current accounting standards and the transparency in communication with the stakeholders. The analysis process is carried out by a rigorous committee of specialists, composed of more than 60 professionals, guaranteeing the impartiality and credibility of the selection process.<\/span><\/span>[\/vc_column_text][\/vc_column][\/vc_row][vc_row][vc_column][vc_separator css=&#8221;.vc_custom_1548075215716{margin-top: 20px !important;margin-bottom: 40px !important;}&#8221;][\/vc_column][\/vc_row][vc_row][vc_column width=&#8221;1\/4&#8243;][vc_single_image image=&#8221;293090&#8243; img_size=&#8221;full&#8221; alignment=&#8221;center&#8221; css=&#8221;.vc_custom_1717511369660{margin-bottom: 20px !important;padding-right: 20px !important;padding-left: 20px !important;}&#8221;][\/vc_column][vc_column width=&#8221;3\/4&#8243;][vc_column_text css=&#8221;&#8221;]<\/p>\n<h5><strong>Great Place to Work Award and Certificate<\/strong><\/h5>\n<p>&nbsp;<\/p>\n<p>For the 4th consecutive year, TAESA won the GPTW Energia Highlight (4th edition) \u2013 Generation, Distribution and Transmission, referring to research carried out in 2023. In 2024, we occupied 4th place in the ranking and this recognition proves that all employees contributed to the construction a safe and inspiring work environment.<\/p>\n<p>GPTW is a global consultancy that supports organizations to achieve better results through a culture of trust, high performance and innovation.[\/vc_column_text][\/vc_column][\/vc_row][vc_row][vc_column][vc_separator css=&#8221;.vc_custom_1548075215716{margin-top: 20px !important;margin-bottom: 40px !important;}&#8221;][\/vc_column][\/vc_row][vc_row][vc_column width=&#8221;1\/4&#8243;][vc_single_image image=&#8221;146776&#8243; img_size=&#8221;full&#8221; alignment=&#8221;center&#8221; css=&#8221;.vc_custom_1676554850460{margin-bottom: 20px !important;padding-right: 20px !important;padding-left: 20px !important;}&#8221;][\/vc_column][vc_column width=&#8221;3\/4&#8243;][vc_column_text]<\/p>\n<h5><strong>Top 100 Innovators in the Use of IT 2022 \u2013 IT M\u00eddia<\/strong><\/h5>\n<p>&nbsp;<\/p>\n<p>TAESA won the award for the third consecutive year and, in 2022, the awarded project was the virtual reality (TAESA VR), which makes it possible to interact with the environment, carry out guided tours and training.<\/p>\n<p>In 2020, the Company innovated with the TAESA Health platform, which reinforces genuine care for people. In 2021, the operational efficiency of SIGNO stood out, facilitating the decision-making of the Operation and reduces the risks of the variable portion, guaranteeing excellence in everything we do.[\/vc_column_text][\/vc_column][\/vc_row][vc_row][vc_column][vc_separator css=&#8221;.vc_custom_1548075215716{margin-top: 20px !important;margin-bottom: 40px !important;}&#8221;][\/vc_column][\/vc_row][vc_row css=&#8221;.vc_custom_1548696632960{margin-bottom: 40px !important;}&#8221; el_id=&#8221;nomobile&#8221;][vc_column width=&#8221;1\/4&#8243; offset=&#8221;vc_hidden-sm vc_hidden-xs&#8221;][vc_single_image image=&#8221;81303&#8243; img_size=&#8221;full&#8221; alignment=&#8221;center&#8221; css=&#8221;.vc_custom_1626350327615{margin-bottom: 20px !important;padding-right: 20px !important;padding-left: 20px !important;}&#8221;][\/vc_column][vc_column width=&#8221;3\/4&#8243;][vc_column_text]<\/p>\n<h5><strong>Melhores da Bolsa 2021<\/strong><\/h5>\n<p>&nbsp;<\/p>\n<p>TAESA was recognized as the best-in-class company in the public utility sector by \u201cMelhores da Bolsa 2021\u201d, InfoMoney\u2019s annual award based on a ranking criteria designed by financial services provider Economatica and the business school at Ibmec. The ranking analysis incorporates both quantitative and qualitative criteria for publicly traded companies over a period of three years, prizing consistency in results.[\/vc_column_text][\/vc_column][\/vc_row][vc_row][vc_column][vc_separator css=&#8221;.vc_custom_1548075215716{margin-top: 20px !important;margin-bottom: 40px !important;}&#8221;][\/vc_column][\/vc_row][vc_row][vc_column width=&#8221;1\/4&#8243;][vc_single_image image=&#8221;44543&#8243; img_size=&#8221;180&#215;180&#8243; alignment=&#8221;center&#8221; css=&#8221;.vc_custom_1573068265201{margin-bottom: 20px !important;}&#8221;][\/vc_column][vc_column width=&#8221;3\/4&#8243;][vc_column_text]<\/p>\n<h5><strong>Best Practices in HSW Award<\/strong><\/h5>\n<p>&nbsp;<\/p>\n<p>Taesa was chosen as the best Energy company in the category Health and Safety at Work (\u201cHSW\u201d) by the National Association of the Work Security and Protection Material Industry (Associa\u00e7\u00e3o Nacional da Ind\u00fastria de Material de Seguran\u00e7a e Prote\u00e7\u00e3o ao Trabalho &#8211; ANIMASEG) in 2019. Indicated by the Brazilian Association of Electric Energy Companies (Associa\u00e7\u00e3o Brasileira de Companhias de Energia El\u00e9trica &#8211; ABCE), Taesa had accomplished all the requirements to receive the award, including the commitment of the Company&#8217;s senior management to the labor safety policy, the absence of serious accidents involving its employees in the previous year, and its excellent performance on HSW issues.[\/vc_column_text][\/vc_column][\/vc_row][vc_row][vc_column][vc_separator css=&#8221;.vc_custom_1548075215716{margin-top: 20px !important;margin-bottom: 40px !important;}&#8221;][\/vc_column][\/vc_row][vc_row][vc_column width=&#8221;1\/4&#8243;][vc_single_image image=&#8221;42951&#8243; img_size=&#8221;180&#215;180&#8243; alignment=&#8221;center&#8221; css=&#8221;.vc_custom_1565793499590{margin-bottom: 20px !important;}&#8221;][\/vc_column][vc_column width=&#8221;3\/4&#8243;][vc_column_text]<\/p>\n<h5><em>Broadcast Empresas<\/em> Award<\/h5>\n<p>&nbsp;<\/p>\n<p>Taesa was granted the Broadcast Empresas Award, elaborated by Ag\u00eancia Estado in partnership with Econom\u00e1tica, which analyzed 190 publicly-traded companies with shares traded on B3 (S\u00e3o Paulo Stock Exchange) during 2018. The award brings the Top 10 in the ranking of the companies with the best performance in 2018, from the shareholder\u2019s point of view. The Company was in 9th place and was well rated based on the focus on project delivery, attractive dividend policy and consistent growth strategy. In addition, the Company received the Small Cap award, as it is the best positioned company in the ranking in this category of companies listed on B3.[\/vc_column_text][\/vc_column][\/vc_row][vc_row][vc_column][vc_separator css=&#8221;.vc_custom_1548075215716{margin-top: 20px !important;margin-bottom: 40px !important;}&#8221;][\/vc_column][\/vc_row][vc_row][vc_column width=&#8221;1\/4&#8243;][vc_single_image image=&#8221;28537&#8243; img_size=&#8221;full&#8221; alignment=&#8221;center&#8221; css=&#8221;.vc_custom_1552667801286{margin-bottom: 20px !important;}&#8221;][\/vc_column][vc_column width=&#8221;3\/4&#8243;][vc_column_text]<\/p>\n<h5>Valor Carreira Award<\/h5>\n<p>&nbsp;<\/p>\n<p>TAESA was recognized in 5th place in the category of 501 to 1,000 employees. This is a celebration that recognizes companies that deploy the best people management practices and lead organizations to the next level in value delivery.[\/vc_column_text][\/vc_column][\/vc_row][vc_row][vc_column][vc_separator css=&#8221;.vc_custom_1548075215716{margin-top: 20px !important;margin-bottom: 40px !important;}&#8221;][\/vc_column][\/vc_row][vc_row][vc_column width=&#8221;1\/4&#8243;][vc_single_image image=&#8221;2976&#8243; img_size=&#8221;150&#215;286&#8243; alignment=&#8221;center&#8221; css=&#8221;.vc_custom_1552667882950{margin-bottom: 20px !important;}&#8221;][\/vc_column][vc_column width=&#8221;3\/4&#8243;][vc_column_text]<\/p>\n<h5>Valor 1000 Award<\/h5>\n<p>&nbsp;<\/p>\n<p>The VALOR ECON\u00d4MICO magazine, one of the major Brazilian publication on economics and business in Brazil, elected TAESA, in its 15th edition of the VALOR 1000 award, as the best Electric Energy company in the country. The companies are evaluated, while reviewing the sectorial champions, by the following set of indicators: Net Revenue, EBITDA Margin, Sustainable Growth, Return on Equity, Margin of Activity, Current Liquidity, Turnover and Interest Coverage.[\/vc_column_text][\/vc_column][\/vc_row][vc_row][vc_column][vc_separator css=&#8221;.vc_custom_1548075215716{margin-top: 20px !important;margin-bottom: 40px !important;}&#8221;][\/vc_column][\/vc_row][vc_row][vc_column width=&#8221;1\/4&#8243;][vc_single_image image=&#8221;2947&#8243; img_size=&#8221;thumb&#8221; alignment=&#8221;center&#8221;][vc_single_image image=&#8221;2953&#8243; img_size=&#8221;thumb&#8221; alignment=&#8221;center&#8221; css=&#8221;.vc_custom_1548076067391{margin-bottom: 20px !important;}&#8221;][\/vc_column][vc_column width=&#8221;3\/4&#8243;][vc_column_text]<\/p>\n<h5>Transpar\u00eancia Trophy<\/h5>\n<p>&nbsp;<\/p>\n<p>The ANEFAC\u00ae Transpar\u00eancia Trophy &#8211; ANEFAC &#8211; FIPECAFI &#8211; SERASA EXPERIAN Award was created in 1997 to recognize and honor the companies that have the best practices regarding transparency in accounting information published in the market through their financial statements. \u00c1lvaro Ricardino was the creator of the award. He encourages corporate transparency in the market and counts on the technical evaluation of FIPECAFI (Funda\u00e7\u00e3o Instituto de Pesquisas Cont\u00e1beis, Atuariais e Financeiras) and the encouragement of Serasa Experian.<\/p>\n<p>Being the only award related to this category in Brazil, the winners are defined after the review of more than two thousand financial statements. Among the criteria to nominate the winners, we highlight the following ones: the quality and degree of information contained in the financial statements and the explanatory notes, the transparency of the information provided, the quality and consistency of the management report and the adherence to accounting principles in the fiscal year prior to the grant of the awards. The selection is divided into two categories: companies with net revenues above R$ 5 billion and companies with net revenues up to R$ 5 billion.[\/vc_column_text][\/vc_column][\/vc_row][vc_row][vc_column][vc_separator css=&#8221;.vc_custom_1548075215716{margin-top: 20px !important;margin-bottom: 40px !important;}&#8221;][\/vc_column][\/vc_row]<\/p>\n<\/div><span class=\"et_bloom_bottom_trigger\"><\/span>","protected":false},"excerpt":{"rendered":"<p>[vc_row][vc_column width=&#8221;1\/4&#8243;][vc_single_image image=&#8221;293989&#8243; img_size=&#8221;full&#8221; css=&#8221;&#8221;][\/vc_column][vc_column width=&#8221;3\/4&#8243;][vc_column_text css=&#8221;&#8221;] 28th ANEFAC Award\u00a0 &nbsp; We are one of the winning companies of the 28th edition of the ANEFAC Award \u2013 Transparency Trophy, in the category with net income below R$ 5 billion, in recognition of our Financial Statements for 2023. The participating organizations are endorsed based on a [&hellip;]<\/p>\n","protected":false},"author":1,"featured_media":2945,"parent":1411,"menu_order":9,"comment_status":"closed","ping_status":"closed","template":"","meta":{"footnotes":""},"class_list":["post-2490","page","type-page","status-publish","has-post-thumbnail","hentry"],"_links":{"self":[{"href":"https:\/\/ri.taesa.com.br\/en\/wp-json\/wp\/v2\/pages\/2490","targetHints":{"allow":["GET"]}}],"collection":[{"href":"https:\/\/ri.taesa.com.br\/en\/wp-json\/wp\/v2\/pages"}],"about":[{"href":"https:\/\/ri.taesa.com.br\/en\/wp-json\/wp\/v2\/types\/page"}],"author":[{"embeddable":true,"href":"https:\/\/ri.taesa.com.br\/en\/wp-json\/wp\/v2\/users\/1"}],"replies":[{"embeddable":true,"href":"https:\/\/ri.taesa.com.br\/en\/wp-json\/wp\/v2\/comments?post=2490"}],"version-history":[{"count":13,"href":"https:\/\/ri.taesa.com.br\/en\/wp-json\/wp\/v2\/pages\/2490\/revisions"}],"predecessor-version":[{"id":293992,"href":"https:\/\/ri.taesa.com.br\/en\/wp-json\/wp\/v2\/pages\/2490\/revisions\/293992"}],"up":[{"embeddable":true,"href":"https:\/\/ri.taesa.com.br\/en\/wp-json\/wp\/v2\/pages\/1411"}],"wp:featuredmedia":[{"embeddable":true,"href":"https:\/\/ri.taesa.com.br\/en\/wp-json\/wp\/v2\/media\/2945"}],"wp:attachment":[{"href":"https:\/\/ri.taesa.com.br\/en\/wp-json\/wp\/v2\/media?parent=2490"}],"curies":[{"name":"wp","href":"https:\/\/api.w.org\/{rel}","templated":true}]}}