{"id":69982,"date":"2021-04-21T18:00:28","date_gmt":"2021-04-21T21:00:28","guid":{"rendered":"https:\/\/ri.taesa.com.br\/compliance\/"},"modified":"2024-02-21T15:41:17","modified_gmt":"2024-02-21T18:41:17","slug":"compliance","status":"publish","type":"page","link":"https:\/\/ri.taesa.com.br\/en\/compliance\/","title":{"rendered":"Compliance"},"content":{"rendered":"<div class=\"wpb-content-wrapper\"><p>[vc_row css=&#8221;.vc_custom_1669647565095{padding-bottom: 65px !important;}&#8221;][vc_column][vc_column_text css=&#8221;.vc_custom_1669726530148{padding-top: 25px !important;padding-right: 25px !important;padding-bottom: 25px !important;padding-left: 25px !important;background-color: #ededed !important;}&#8221;]<\/p>\n<h4 style=\"text-align: center;\"><span style=\"color: #253e6a;\">Mensagem da Alta Administra\u00e7\u00e3o<\/span><\/h4>\n<p>[\/vc_column_text][vc_column_text]<\/p>\n<p data-pm-slice=\"1 1 []\">A TAESA possui a integridade como um dos seus valores e entende a import\u00e2ncia do compliance como uma pe\u00e7a fundamental para manter uma empresa \u00e9tica, \u00edntegra e transparente em todas as suas rela\u00e7\u00f5es de neg\u00f3cio.<\/p>\n<p>Os princ\u00edpios da legalidade, honestidade e responsabilidade est\u00e3o presentes n\u00e3o apenas em nosso C\u00f3digo de Conduta \u00c9tica e Compliance, mas nas tomadas de decis\u00e3o e no nosso modo de agir, da mesma forma que o respeito, a equidade, a transpar\u00eancia, a lealdade e a boa gest\u00e3o nos fazem uma empresa alinhada com nossa miss\u00e3o, vis\u00e3o e valores.<\/p>\n<p>Estamos engajados com o nosso compromisso de combater a corrup\u00e7\u00e3o e o ass\u00e9dio em todas as suas formas e para isso possu\u00edmos um programa de compliance ativo para prevenir, detectar e remediar atos e condutas il\u00edcitas.<\/p>\n<p>Acreditamos que a integridade \u00e9 fundamental para construirmos rela\u00e7\u00f5es de confian\u00e7a.[\/vc_column_text][vc_column_text]<\/p>\n<h6 data-pm-slice=\"1 1 []\">Diretor Presidente da TAESA<\/h6>\n<p>[\/vc_column_text][\/vc_column][\/vc_row]<\/p>\n<\/div><span class=\"et_bloom_bottom_trigger\"><\/span>","protected":false},"excerpt":{"rendered":"<p>[vc_row css=&#8221;.vc_custom_1669647565095{padding-bottom: 65px !important;}&#8221;][vc_column][vc_column_text css=&#8221;.vc_custom_1669726530148{padding-top: 25px !important;padding-right: 25px !important;padding-bottom: 25px !important;padding-left: 25px !important;background-color: #ededed !important;}&#8221;] Mensagem da Alta Administra\u00e7\u00e3o [\/vc_column_text][vc_column_text] A TAESA possui a integridade como um dos seus valores e entende a import\u00e2ncia do compliance como uma pe\u00e7a fundamental para manter uma empresa \u00e9tica, \u00edntegra e transparente em todas as suas rela\u00e7\u00f5es de neg\u00f3cio. [&hellip;]<\/p>\n","protected":false},"author":1,"featured_media":0,"parent":0,"menu_order":0,"comment_status":"closed","ping_status":"closed","template":"","meta":{"footnotes":""},"class_list":["post-69982","page","type-page","status-publish","hentry"],"_links":{"self":[{"href":"https:\/\/ri.taesa.com.br\/en\/wp-json\/wp\/v2\/pages\/69982","targetHints":{"allow":["GET"]}}],"collection":[{"href":"https:\/\/ri.taesa.com.br\/en\/wp-json\/wp\/v2\/pages"}],"about":[{"href":"https:\/\/ri.taesa.com.br\/en\/wp-json\/wp\/v2\/types\/page"}],"author":[{"embeddable":true,"href":"https:\/\/ri.taesa.com.br\/en\/wp-json\/wp\/v2\/users\/1"}],"replies":[{"embeddable":true,"href":"https:\/\/ri.taesa.com.br\/en\/wp-json\/wp\/v2\/comments?post=69982"}],"version-history":[{"count":4,"href":"https:\/\/ri.taesa.com.br\/en\/wp-json\/wp\/v2\/pages\/69982\/revisions"}],"predecessor-version":[{"id":291167,"href":"https:\/\/ri.taesa.com.br\/en\/wp-json\/wp\/v2\/pages\/69982\/revisions\/291167"}],"wp:attachment":[{"href":"https:\/\/ri.taesa.com.br\/en\/wp-json\/wp\/v2\/media?parent=69982"}],"curies":[{"name":"wp","href":"https:\/\/api.w.org\/{rel}","templated":true}]}}