{"id":111044,"date":"2022-01-27T13:15:40","date_gmt":"2022-01-27T16:15:40","guid":{"rendered":"https:\/\/ri.taesa.com.br\/investor-day-landing_page\/"},"modified":"2024-02-07T15:08:20","modified_gmt":"2024-02-07T18:08:20","slug":"investor-day-landing_page","status":"publish","type":"page","link":"https:\/\/ri.taesa.com.br\/es\/investor-day-landing_page\/","title":{"rendered":"Investor Day"},"content":{"rendered":"<div class=\"wpb-content-wrapper\"><p>[vc_row css=\u00bb.vc_custom_1707327084065{margin-top: 0px !important;margin-bottom: 0px !important;}\u00bb][vc_column][vc_column_text el_class=\u00bbtxtbox\u00bb]<a class=\"aba-passada\" href=\"https:\/\/ri.taesa.com.br\/es\/investor-day-2023\/\">Investor Day 2023<\/a><a class=\"aba-atual\" href=\"https:\/\/ri.taesa.com.br\/es\/investor-day-landing_page\/\">Investor Day 2021<\/a>[\/vc_column_text][\/vc_column][\/vc_row][vc_row content_placement=\u00bbmiddle\u00bb css=\u00bb.vc_custom_1643827949250{margin-top: 28px !important;margin-bottom: 40px !important;}\u00bb][vc_column width=\u00bb1\/3&#8243;][vc_single_image image=\u00bb93090&#8243; img_size=\u00bb121&#215;180&#8243; el_class=\u00bblogoinvest\u00bb][\/vc_column][vc_column width=\u00bb2\/3&#8243;][vc_column_text el_class=\u00bbtitulo\u00bb]<\/p>\n<h2 style=\"text-align: right;\">INVESTOR DAY 2021<\/h2>\n<hr align=\"right\" \/>\n<h4 style=\"text-align: right;\">3 DE DICIEMBRE<\/h4>\n<p>[\/vc_column_text][\/vc_column][\/vc_row][vc_row css=\u00bb.vc_custom_1643833467302{margin-bottom: 25px !important;}\u00bb][vc_column][vc_column_text css=\u00bb.vc_custom_1652891388144{padding-top: 25px !important;padding-right: 25px !important;padding-bottom: 25px !important;padding-left: 25px !important;background-color: #c8d2e2 !important;border-radius: 25px !important;}\u00bb el_class=\u00bbtxtbox\u00bb]<\/p>\n<p style=\"font-weight: 400;\">El Taesa Investor Day se realiz\u00f3 de forma 100% virtual y en vivo.\u00a0 A diferencia de otros encuentros anuales con inversores, presentamos un evento interactivo, participativo y, sobre todo, representativo de la compa\u00f1\u00eda y de nuestra base actual de accionistas.<\/p>\n<p style=\"font-weight: 400;\">Iniciamos el evento con los Directores compartiendo la cadena de valor de la Compa\u00f1\u00eda. Luego, innovamos con Taesa Talks, talleres con diversas \u00e1reas de la Compa\u00f1\u00eda, donde los colaboradores mostraron de primera mano c\u00f3mo brindamos un excelente servicio con seguridad, confiabilidad y sustentabilidad. Invitamos al economista de Ita\u00fa, Pedro Renault, para abordar el tema de la inflaci\u00f3n en el sector y tambi\u00e9n tuvimos influencers digitales para conversar con nuestro CFO y RI Manager. Finalizamos con una mirada al futuro, donde nuestro Presidente habl\u00f3 sobre la estrategia a largo plazo y la creaci\u00f3n de valor.<\/p>\n<p>[\/vc_column_text][\/vc_column][\/vc_row][vc_row css=\u00bb.vc_custom_1643926262349{margin-bottom: 25px !important;}\u00bb el_class=\u00bbpops\u00bb][vc_column][vc_column_text css=\u00bb.vc_custom_1643829710169{margin-bottom: 20px !important;}\u00bb]<\/p>\n<h3>Palco Principal<\/h3>\n<p>[\/vc_column_text][vc_row_inner][vc_column_inner width=\u00bb1\/4&#8243;][vc_single_image image=\u00bb93096&#8243; img_size=\u00bbfull\u00bb onclick=\u00bbcustom_link\u00bb css=\u00bb.vc_custom_1643916111643{margin-bottom: 15px !important;}\u00bb link=\u00bb#\u00bb el_class=\u00bbpopmake-93039&#8243;][vc_column_text el_class=\u00bbtxtbox\u00bb css=\u00bb.vc_custom_1652891617457{margin-bottom: 40px !important;}\u00bb]<strong><a class=\"popmake-93039\" href=\"#\">Mejores Momentos*<\/a><\/strong>[\/vc_column_text][\/vc_column_inner][vc_column_inner width=\u00bb1\/4&#8243;][vc_single_image image=\u00bb93099&#8243; img_size=\u00bbfull\u00bb onclick=\u00bbcustom_link\u00bb css=\u00bb.vc_custom_1643924864151{margin-bottom: 15px !important;}\u00bb link=\u00bb#\u00bb el_class=\u00bbpopmake-93414&#8243;][vc_column_text el_class=\u00bbtxtbox\u00bb css=\u00bb.vc_custom_1652891641243{margin-bottom: 40px !important;}\u00bb]<a class=\"popmake-93414\" href=\"#\"><strong>Abertura (CEO y CFO)*<\/strong><\/a>[\/vc_column_text][\/vc_column_inner][vc_column_inner width=\u00bb1\/4&#8243;][vc_single_image image=\u00bb94920&#8243; img_size=\u00bbfull\u00bb onclick=\u00bbcustom_link\u00bb css=\u00bb.vc_custom_1645802206163{margin-bottom: 15px !important;}\u00bb link=\u00bb#\u00bb el_class=\u00bbpopmake-93416&#8243;][vc_column_text el_class=\u00bbtxtbox\u00bb css=\u00bb.vc_custom_1652891662485{margin-bottom: 40px !important;}\u00bb]<a class=\"popmake-93416 \" href=\"#\"><strong>Cadena de valor de Taesa*<\/strong><\/a>[\/vc_column_text][\/vc_column_inner][vc_column_inner width=\u00bb1\/4&#8243;][vc_single_image image=\u00bb94923&#8243; img_size=\u00bbfull\u00bb onclick=\u00bbcustom_link\u00bb css=\u00bb.vc_custom_1645802233557{margin-bottom: 15px !important;}\u00bb link=\u00bb#\u00bb el_class=\u00bbpopmake-93418&#8243;][vc_column_text el_class=\u00bbtxtbox\u00bb css=\u00bb.vc_custom_1652891685921{margin-bottom: 40px !important;}\u00bb]<a class=\"popmake-93418\" href=\"#\"><strong>\u00cdndices de inflaci\u00f3n y sus impactos en la transmisi\u00f3n con Pedro Renault de ItauBBA*<\/strong><\/a>[\/vc_column_text][\/vc_column_inner][\/vc_row_inner][vc_row_inner][vc_column_inner width=\u00bb1\/4&#8243;][vc_single_image image=\u00bb94926&#8243; img_size=\u00bbfull\u00bb onclick=\u00bbcustom_link\u00bb css=\u00bb.vc_custom_1645802250477{margin-bottom: 15px !important;}\u00bb link=\u00bb#\u00bb el_class=\u00bbpopmake-93420&#8243;][vc_column_text el_class=\u00bbtxtbox\u00bb css=\u00bb.vc_custom_1652891702159{margin-bottom: 40px !important;}\u00bb]<a class=\"popmake-93420\" href=\"#\"><strong>Chatea con influencers digitales*<\/strong><\/a>[\/vc_column_text][\/vc_column_inner][vc_column_inner width=\u00bb1\/4&#8243;][vc_single_image image=\u00bb93111&#8243; img_size=\u00bbfull\u00bb onclick=\u00bbcustom_link\u00bb css=\u00bb.vc_custom_1644243065384{margin-bottom: 15px !important;}\u00bb link=\u00bb#\u00bb el_class=\u00bbpopmake-93422&#8243;][vc_column_text el_class=\u00bbtxtbox\u00bb css=\u00bb.vc_custom_1652891734437{margin-bottom: 40px !important;}\u00bb]<a class=\"popmake-93422\" href=\"#\"><strong>Mensaje de la Junta: C\u00f3mo perpetuar la creaci\u00f3n de valor*<\/strong><\/a>[\/vc_column_text][\/vc_column_inner][vc_column_inner width=\u00bb1\/4&#8243;][vc_single_image image=\u00bb94929&#8243; img_size=\u00bbfull\u00bb onclick=\u00bbcustom_link\u00bb css=\u00bb.vc_custom_1645802269100{margin-bottom: 15px !important;}\u00bb link=\u00bb#\u00bb el_class=\u00bbpopmake-93424&#8243;][vc_column_text el_class=\u00bbtxtbox\u00bb css=\u00bb.vc_custom_1652891754062{margin-bottom: 40px !important;}\u00bb]<a class=\"popmake-93424\" href=\"#\"><strong>Palabras de cierre*<\/strong><\/a>[\/vc_column_text][\/vc_column_inner][\/vc_row_inner][\/vc_column][\/vc_row][vc_row css=\u00bb.vc_custom_1643926251066{margin-bottom: 25px !important;}\u00bb el_class=\u00bbpops\u00bb][vc_column][vc_column_text css=\u00bb.vc_custom_1643834833729{margin-bottom: 20px !important;}\u00bb]<\/p>\n<h3>Workshops<\/h3>\n<p>[\/vc_column_text][vc_row_inner][vc_column_inner width=\u00bb1\/4&#8243;][vc_single_image image=\u00bb93117&#8243; img_size=\u00bbfull\u00bb onclick=\u00bbcustom_link\u00bb css=\u00bb.vc_custom_1643925250456{margin-bottom: 15px !important;}\u00bb link=\u00bb#\u00bb el_class=\u00bbpopmake-93426&#8243;][vc_column_text el_class=\u00bbtxtbox\u00bb css=\u00bb.vc_custom_1652891798655{margin-bottom: 40px !important;}\u00bb]<a class=\"popmake-93426\" href=\"#\"><strong>Taller Sala A 1: Construyendo Gigantes*<\/strong><\/a>[\/vc_column_text][\/vc_column_inner][vc_column_inner width=\u00bb1\/4&#8243;][vc_single_image image=\u00bb93120&#8243; img_size=\u00bbfull\u00bb onclick=\u00bbcustom_link\u00bb css=\u00bb.vc_custom_1643926004091{margin-bottom: 15px !important;}\u00bb link=\u00bb#\u00bb el_class=\u00bbpopmake-93428&#8243;][vc_column_text el_class=\u00bbtxtbox\u00bb css=\u00bb.vc_custom_1652891815918{margin-bottom: 40px !important;}\u00bb]<a class=\"popmake-93428\" href=\"#\"><strong>Taller Sala A 2: Diferenciales de Operaci\u00f3n*<\/strong><\/a>[\/vc_column_text][\/vc_column_inner][vc_column_inner width=\u00bb1\/4&#8243;][vc_single_image image=\u00bb93123&#8243; img_size=\u00bbfull\u00bb onclick=\u00bbcustom_link\u00bb css=\u00bb.vc_custom_1643926052970{margin-bottom: 15px !important;}\u00bb link=\u00bb#\u00bb el_class=\u00bbpopmake-93430&#8243;][vc_column_text el_class=\u00bbtxtbox\u00bb css=\u00bb.vc_custom_1652891831936{margin-bottom: 40px !important;}\u00bb]<a class=\"popmake-93430\" href=\"#\"><strong>Taller Sala A 3: Sistemas Inteligentes*<\/strong><\/a>[\/vc_column_text][\/vc_column_inner][vc_column_inner width=\u00bb1\/4&#8243;][vc_single_image image=\u00bb93126&#8243; img_size=\u00bbfull\u00bb onclick=\u00bbcustom_link\u00bb css=\u00bb.vc_custom_1643926073883{margin-bottom: 15px !important;}\u00bb link=\u00bb#\u00bb el_class=\u00bbpopmake-93432&#8243;][vc_column_text el_class=\u00bbtxtbox\u00bb css=\u00bb.vc_custom_1652891849086{margin-bottom: 40px !important;}\u00bb]<a class=\"popmake-93432\" href=\"#\"><strong>Taller Sala B 1: Innovaci\u00f3n en Mantenimiento*<\/strong><\/a>[\/vc_column_text][\/vc_column_inner][\/vc_row_inner][vc_row_inner][vc_column_inner width=\u00bb1\/4&#8243;][vc_single_image image=\u00bb93129&#8243; img_size=\u00bbfull\u00bb css=\u00bb.vc_custom_1643925850158{margin-bottom: 15px !important;}\u00bb el_class=\u00bbpopmake-93434&#8243;][vc_column_text el_class=\u00bbtxtbox\u00bb css=\u00bb.vc_custom_1652891864324{margin-bottom: 40px !important;}\u00bb]<a class=\"popmake-93434\" href=\"#\"><strong>Taller Sala B 2: Maximizaci\u00f3n de la Disponibilidad*<\/strong><\/a>[\/vc_column_text][\/vc_column_inner][vc_column_inner width=\u00bb1\/4&#8243;][vc_single_image image=\u00bb93132&#8243; img_size=\u00bbfull\u00bb onclick=\u00bbcustom_link\u00bb css=\u00bb.vc_custom_1643925880896{margin-bottom: 15px !important;}\u00bb link=\u00bb#\u00bb el_class=\u00bbpopmake-93436&#8243;][vc_column_text el_class=\u00bbtxtbox\u00bb css=\u00bb.vc_custom_1652891885441{margin-bottom: 40px !important;}\u00bb]<a class=\"popmake-93436\" href=\"#\"><strong>Taller Sala B 3: Minimizar el Impacto de los Eventos*<\/strong><\/a>[\/vc_column_text][\/vc_column_inner][vc_column_inner width=\u00bb1\/4&#8243;][vc_single_image image=\u00bb93135&#8243; img_size=\u00bbfull\u00bb onclick=\u00bbcustom_link\u00bb css=\u00bb.vc_custom_1643925901981{margin-bottom: 15px !important;}\u00bb link=\u00bb#\u00bb el_class=\u00bbpopmake-93438&#8243;][vc_column_text el_class=\u00bbtxtbox\u00bb css=\u00bb.vc_custom_1652891904325{margin-bottom: 40px !important;}\u00bb]<a class=\"popmake-93438\" href=\"#\"><strong>Taller Sala C 1: Desmitificando la Regulaci\u00f3n de Transmisi\u00f3n*<\/strong><\/a>[\/vc_column_text][\/vc_column_inner][vc_column_inner width=\u00bb1\/4&#8243;][vc_single_image image=\u00bb93138&#8243; img_size=\u00bbfull\u00bb onclick=\u00bbcustom_link\u00bb css=\u00bb.vc_custom_1643925924108{margin-bottom: 15px !important;}\u00bb link=\u00bb#\u00bb el_class=\u00bbpopmake-93440&#8243;][vc_column_text el_class=\u00bbtxtbox\u00bb css=\u00bb.vc_custom_1652891928098{margin-bottom: 40px !important;}\u00bb]<a class=\"popmake-93440\" href=\"#\"><strong>Taller Sala C 2: Cultura de la Organizaci\u00f3n*<\/strong><\/a>[\/vc_column_text][\/vc_column_inner][\/vc_row_inner][vc_row_inner][vc_column_inner width=\u00bb1\/4&#8243;][vc_single_image image=\u00bb93141&#8243; img_size=\u00bbfull\u00bb onclick=\u00bbcustom_link\u00bb css=\u00bb.vc_custom_1643925952332{margin-bottom: 15px !important;}\u00bb link=\u00bb#\u00bb el_class=\u00bbpopmake-93443&#8243;][vc_column_text el_class=\u00bbtxtbox\u00bb css=\u00bb.vc_custom_1652891949464{margin-bottom: 40px !important;}\u00bb]<a class=\"popmake-93443\" href=\"#\"><strong>Taller Sala C 3: Gestion de Seguridad*<\/strong><\/a>[\/vc_column_text][\/vc_column_inner][\/vc_row_inner][\/vc_column][\/vc_row][vc_row css=\u00bb.vc_custom_1643833474868{margin-bottom: 25px !important;}\u00bb][vc_column][vc_column_text css=\u00bb.vc_custom_1653327353768{margin-bottom: 20px !important;}\u00bb]<\/p>\n<h3>Biblioteca virtual<\/h3>\n<p>[\/vc_column_text][vc_tta_accordion shape=\u00bbsquare\u00bb c_icon=\u00bb\u00bb active_section=\u00bb0&#8243; collapsible_all=\u00bbtrue\u00bb][vc_tta_section i_icon_fontawesome=\u00bbfas fa-play\u00bb add_icon=\u00bbtrue\u00bb title=\u00bbV\u00eddeos Internos*\u00bb tab_id=\u00bb1643834870155-86819ed1-edbe\u00bb][vc_row_inner el_class=\u00bbpops\u00bb][vc_column_inner width=\u00bb1\/4&#8243;][vc_single_image image=\u00bb94052&#8243; img_size=\u00bbfull\u00bb onclick=\u00bbcustom_link\u00bb img_link_target=\u00bb_blank\u00bb link=\u00bb#\u00bb el_class=\u00bbpopmake-94093&#8243;][\/vc_column_inner][vc_column_inner width=\u00bb1\/4&#8243;][vc_single_image image=\u00bb94037&#8243; img_size=\u00bbfull\u00bb onclick=\u00bbcustom_link\u00bb img_link_target=\u00bb_blank\u00bb link=\u00bbhttps:\/\/www.youtube.com\/watch?v=_FYIMcHYdfo&amp;ab_channel=TAESATransmissoraAlian%C3%A7adeEnergiaEl%C3%A9tricaS.A.\u00bb el_class=\u00bbpopmake-94095&#8243;][\/vc_column_inner][vc_column_inner width=\u00bb1\/4&#8243;][vc_single_image image=\u00bb94040&#8243; img_size=\u00bbfull\u00bb onclick=\u00bbcustom_link\u00bb img_link_target=\u00bb_blank\u00bb link=\u00bbhttps:\/\/www.youtube.com\/watch?v=rSxk0SEmd4U&amp;ab_channel=TAESATransmissoraAlian%C3%A7adeEnergiaEl%C3%A9tricaS.A.\u00bb el_class=\u00bbpopmake-94097&#8243;][\/vc_column_inner][vc_column_inner width=\u00bb1\/4&#8243;][vc_single_image image=\u00bb94043&#8243; img_size=\u00bbfull\u00bb onclick=\u00bbcustom_link\u00bb img_link_target=\u00bb_blank\u00bb link=\u00bbhttps:\/\/www.youtube.com\/watch?v=1pZeLsC7LH0&amp;ab_channel=TAESATransmissoraAlian%C3%A7adeEnergiaEl%C3%A9tricaS.A.\u00bb el_class=\u00bbpopmake-94099&#8243;][\/vc_column_inner][\/vc_row_inner][vc_row_inner el_class=\u00bbpops\u00bb][vc_column_inner width=\u00bb1\/4&#8243;][vc_single_image image=\u00bb94046&#8243; img_size=\u00bbfull\u00bb onclick=\u00bbcustom_link\u00bb img_link_target=\u00bb_blank\u00bb link=\u00bb#\u00bb el_class=\u00bbpopmake-94101&#8243;][\/vc_column_inner][vc_column_inner width=\u00bb1\/4&#8243;][vc_single_image image=\u00bb94049&#8243; img_size=\u00bbfull\u00bb onclick=\u00bbcustom_link\u00bb img_link_target=\u00bb_blank\u00bb link=\u00bb#\u00bb el_class=\u00bbpopmake-94103&#8243;][\/vc_column_inner][vc_column_inner width=\u00bb1\/4&#8243;][\/vc_column_inner][vc_column_inner width=\u00bb1\/4&#8243;][\/vc_column_inner][\/vc_row_inner][\/vc_tta_section][vc_tta_section i_icon_fontawesome=\u00bbfas fa-play\u00bb add_icon=\u00bbtrue\u00bb title=\u00bbPresentaciones*\u00bb tab_id=\u00bb1643834956209-dfb8ac7a-ca66&#8243;][vc_row_inner el_class=\u00bbpops\u00bb][vc_column_inner width=\u00bb1\/4&#8243;][vc_single_image image=\u00bb93519&#8243; img_size=\u00bbfull\u00bb onclick=\u00bbcustom_link\u00bb img_link_target=\u00bb_blank\u00bb link=\u00bbhttps:\/\/taesa-s3.s3.us-west-2.amazonaws.com\/institucional\/wp-content\/uploads\/2021\/06\/24132439\/taesa_cartilha_diversidade_genero.pdf\u00bb][\/vc_column_inner][vc_column_inner width=\u00bb1\/4&#8243;][vc_single_image image=\u00bb93522&#8243; img_size=\u00bbfull\u00bb onclick=\u00bbcustom_link\u00bb img_link_target=\u00bb_blank\u00bb link=\u00bbhttps:\/\/taesa-s3.s3.us-west-2.amazonaws.com\/institucional\/wp-content\/uploads\/2021\/08\/26153346\/empoderamento_feminino_otimizado2.pdf\u00bb][\/vc_column_inner][vc_column_inner width=\u00bb1\/4&#8243;][vc_single_image image=\u00bb93525&#8243; img_size=\u00bbfull\u00bb onclick=\u00bbcustom_link\u00bb img_link_target=\u00bb_blank\u00bb link=\u00bbhttps:\/\/taesa-s3.s3.us-west-2.amazonaws.com\/institucional\/wp-content\/uploads\/2021\/11\/17174432\/taesa_cartilha_raca-1.pdf\u00bb][\/vc_column_inner][vc_column_inner width=\u00bb1\/4&#8243;][vc_single_image image=\u00bb93515&#8243; img_size=\u00bbfull\u00bb][\/vc_column_inner][\/vc_row_inner][\/vc_tta_section][vc_tta_section i_icon_fontawesome=\u00bbfas fa-play\u00bb add_icon=\u00bbtrue\u00bb title=\u00bbV\u00eddeos Externos*\u00bb tab_id=\u00bb1643834954438-62444045-2691&#8243;][vc_row_inner el_class=\u00bbpops\u00bb][vc_column_inner width=\u00bb1\/4&#8243;][vc_single_image image=\u00bb112526&#8243; img_size=\u00bbfull\u00bb onclick=\u00bbcustom_link\u00bb img_link_target=\u00bb_blank\u00bb link=\u00bbhttps:\/\/edu.b3.com.br\/para-voce\/entenda-o-mercado\/conheca-a-historia-da-b3&#8243;][\/vc_column_inner][vc_column_inner width=\u00bb1\/4&#8243;][vc_single_image image=\u00bb112534&#8243; img_size=\u00bbfull\u00bb onclick=\u00bbcustom_link\u00bb img_link_target=\u00bb_blank\u00bb link=\u00bbhttps:\/\/www.youtube.com\/watch?v=1VyMQLPOa08&amp;ab_channel=SantanderBrasil\u00bb][\/vc_column_inner][vc_column_inner width=\u00bb1\/4&#8243;][vc_single_image image=\u00bb112538&#8243; img_size=\u00bbfull\u00bb onclick=\u00bbcustom_link\u00bb img_link_target=\u00bb_blank\u00bb link=\u00bbhttps:\/\/ri.taesa.com.br\/wp-content\/uploads\/2022\/05\/17.-XP_Corretora.pptx\u00bb][\/vc_column_inner][vc_column_inner width=\u00bb1\/4&#8243;][\/vc_column_inner][\/vc_row_inner][\/vc_tta_section][vc_tta_section i_icon_fontawesome=\u00bbfas fa-play\u00bb add_icon=\u00bbtrue\u00bb title=\u00bbOtros*\u00bb tab_id=\u00bb1643834951718-1fee5a83-2763&#8243;][vc_row_inner el_class=\u00bbpops\u00bb][vc_column_inner width=\u00bb1\/4&#8243;][vc_single_image image=\u00bb112516&#8243; img_size=\u00bbfull\u00bb onclick=\u00bbcustom_link\u00bb img_link_target=\u00bb_blank\u00bb link=\u00bbhttps:\/\/ri.taesa.com.br\/wp-content\/uploads\/2022\/05\/14.-Itau_MacroScenario-BRAZIL_Nov21.pdf\u00bb][\/vc_column_inner][vc_column_inner width=\u00bb1\/4&#8243;][vc_single_image image=\u00bb112530&#8243; img_size=\u00bbfull\u00bb onclick=\u00bbcustom_link\u00bb img_link_target=\u00bb_blank\u00bb link=\u00bbhttps:\/\/itaumorningcall.buzzsprout.com\/\u00bb][\/vc_column_inner][vc_column_inner width=\u00bb1\/4&#8243;][\/vc_column_inner][vc_column_inner width=\u00bb1\/4&#8243;][\/vc_column_inner][\/vc_row_inner][\/vc_tta_section][\/vc_tta_accordion][\/vc_column][\/vc_row][vc_row][vc_column][vc_column_text]<\/p>\n<h6><em><b>(*) Informaci\u00f3n disponible solamente en portugu\u00e9s.\u201d<\/b><\/em><\/h6>\n<p>[\/vc_column_text][\/vc_column][\/vc_row]<\/p>\n<\/div><span class=\"et_bloom_bottom_trigger\"><\/span>","protected":false},"excerpt":{"rendered":"<p>[vc_row css=\u00bb.vc_custom_1707327084065{margin-top: 0px !important;margin-bottom: 0px !important;}\u00bb][vc_column][vc_column_text el_class=\u00bbtxtbox\u00bb]Investor Day 2023Investor Day 2021[\/vc_column_text][\/vc_column][\/vc_row][vc_row content_placement=\u00bbmiddle\u00bb css=\u00bb.vc_custom_1643827949250{margin-top: 28px !important;margin-bottom: 40px !important;}\u00bb][vc_column width=\u00bb1\/3&#8243;][vc_single_image image=\u00bb93090&#8243; img_size=\u00bb121&#215;180&#8243; el_class=\u00bblogoinvest\u00bb][\/vc_column][vc_column width=\u00bb2\/3&#8243;][vc_column_text el_class=\u00bbtitulo\u00bb] INVESTOR DAY 2021 3 DE DICIEMBRE [\/vc_column_text][\/vc_column][\/vc_row][vc_row css=\u00bb.vc_custom_1643833467302{margin-bottom: 25px !important;}\u00bb][vc_column][vc_column_text css=\u00bb.vc_custom_1652891388144{padding-top: 25px !important;padding-right: 25px !important;padding-bottom: 25px !important;padding-left: 25px !important;background-color: #c8d2e2 !important;border-radius: 25px !important;}\u00bb el_class=\u00bbtxtbox\u00bb] El Taesa Investor Day se realiz\u00f3 de forma [&hellip;]<\/p>\n","protected":false},"author":1,"featured_media":0,"parent":0,"menu_order":0,"comment_status":"closed","ping_status":"closed","template":"","meta":{"footnotes":""},"class_list":["post-111044","page","type-page","status-publish","hentry"],"_links":{"self":[{"href":"https:\/\/ri.taesa.com.br\/es\/wp-json\/wp\/v2\/pages\/111044","targetHints":{"allow":["GET"]}}],"collection":[{"href":"https:\/\/ri.taesa.com.br\/es\/wp-json\/wp\/v2\/pages"}],"about":[{"href":"https:\/\/ri.taesa.com.br\/es\/wp-json\/wp\/v2\/types\/page"}],"author":[{"embeddable":true,"href":"https:\/\/ri.taesa.com.br\/es\/wp-json\/wp\/v2\/users\/1"}],"replies":[{"embeddable":true,"href":"https:\/\/ri.taesa.com.br\/es\/wp-json\/wp\/v2\/comments?post=111044"}],"version-history":[{"count":12,"href":"https:\/\/ri.taesa.com.br\/es\/wp-json\/wp\/v2\/pages\/111044\/revisions"}],"predecessor-version":[{"id":290819,"href":"https:\/\/ri.taesa.com.br\/es\/wp-json\/wp\/v2\/pages\/111044\/revisions\/290819"}],"wp:attachment":[{"href":"https:\/\/ri.taesa.com.br\/es\/wp-json\/wp\/v2\/media?parent=111044"}],"curies":[{"name":"wp","href":"https:\/\/api.w.org\/{rel}","templated":true}]}}