{"id":152330,"date":"2022-05-12T09:00:41","date_gmt":"2022-05-12T12:00:41","guid":{"rendered":"https:\/\/ri.taesa.com.br\/?page_id=152330"},"modified":"2023-03-15T10:28:33","modified_gmt":"2023-03-15T13:28:33","slug":"perfil-corporativo-3","status":"publish","type":"page","link":"https:\/\/ri.taesa.com.br\/es\/perfil-corporativo-3\/","title":{"rendered":"Perfil Corporativo"},"content":{"rendered":"<div class=\"wpb-content-wrapper\"><p>[vc_row][vc_column][vc_column_text]<\/p>\n<div><strong>Transmissora Alian\u00e7a de Energia El\u00e9trica S.A. \u2013 TAESA<\/strong> \u2013 es uno de los mayores grupos privados de transmisi\u00f3n de energ\u00eda el\u00e9ctrica de Brasil en t\u00e9rminos del Ingreso Anual \u2013 RAP. La empresa se dedica exclusivamente a la construcci\u00f3n, operaci\u00f3n y mantenimiento de activos de transmisi\u00f3n, con 13.211 km de l\u00edneas en operaci\u00f3n y 1.918 km de l\u00edneas en construcci\u00f3n, totalizando 15.129 km de extensi\u00f3n y 103 subestaciones. Adem\u00e1s, posee activos en operaci\u00f3n con nivel de tensi\u00f3n entre 230 y 525kV, presencia en todas las regiones del pa\u00eds (18 Estados y Distrito Federal) y un Centro de Operaci\u00f3n y Control ubicado en Bras\u00edlia. Actualmente TAESA detiene 41 concesiones de transmisi\u00f3n: (i) 10 concesiones que forman la compa\u00f1\u00eda holding (TSN, Novatrans, ETEO, GTESA, PATESA, Munirah, NTE, STE, ATE y ATE II); (ii) 12 invertidas integrales (Brasnorte, ATE III, S\u00e3o Gotardo, Mariana, Miracema, Jana\u00faba, Sant\u2019Ana, S\u00e3o Jo\u00e3o, S\u00e3o Pedro, Lagoa Nova, Anana\u00ed, Pitiguari, Sa\u00edra and Tangar\u00e1); y (iii) 19 participaciones (ETAU, Transmineiras y los Grupos AIE y TBE).<\/div>\n<p>[\/vc_column_text][\/vc_column][\/vc_row][vc_row][vc_column width=\u00bb1\/2&#8243;][vc_column_text css=\u00bb.vc_custom_1561143914583{margin-bottom: 20px !important;}\u00bb]<\/p>\n<h5>Mapa simplificado con las concesiones de TAESA<\/h5>\n<p>[\/vc_column_text][vc_single_image image=\u00bb152403&#8243; img_size=\u00bbfull\u00bb css=\u00bb.vc_custom_1678886868696{margin-right: 0px !important;margin-bottom: 0px !important;margin-left: 0px !important;border-top-width: 1px !important;border-right-width: 1px !important;border-bottom-width: 1px !important;border-left-width: 1px !important;border-left-color: #eaeaea !important;border-right-color: #eaeaea !important;border-top-color: #eaeaea !important;border-bottom-color: #eaeaea !important;}\u00bb][vc_column_text css=\u00bb.vc_custom_1559918728467{padding-top: 14px !important;padding-bottom: 14px !important;padding-left: 15px !important;background-color: #eaeaea !important;}\u00bb]<\/p>\n<p style=\"text-align: left; font-size: 14px;\"><a href=\"http:\/\/ri.taesa.com.br\/es\/la-taesa\/concesiones\/\">Mayores detalles en la secci\u00f3n Concesiones<\/a><\/p>\n<p>[\/vc_column_text][\/vc_column][vc_column width=\u00bb1\/2&#8243; css=\u00bb.vc_custom_1551450681168{margin-top: 44px !important;}\u00bb][vc_table allow_html=\u00bb1&#8243; el_class=\u00bbajuste-bot bold-tab\u00bb][borders_all;borders_all;bg#001141;c#ffffff;b]TAESA%20en%20N%C3%BAmeros|[borders_all;borders_all;14px]%3Cb%3E43%20concesiones%3A%3C%2Fb%3E%2010%20concesiones%20en%20la%20%3Ci%3Eholding%3C%2Fi%3E%2C%2014%20invertidas%20integrales%20y%2019%20participaciones|[borders_all;borders_all;borders_all;14px]Un%20total%20de%20%3Cb%3E15.129km%3C%2Fb%3E%20de%20l%C3%ADneas%20de%20transmisi%C3%B3n%20y%20101%20subestaciones%20(%3Cb%3E13.211%20km%3C%2Fb%3E%20de%20l%C3%ADneas%20en%20operaci%C3%B3n%20y%20%3Cb%3E1.918%20km%3C%2Fb%3E%20de%20l%C3%ADneas%20en%20construcci%C3%B3n)|[borders_all;borders_all;borders_all;14px]Presencia%20en%20%3Cb%3E18%20Estados%20y%20en%20el%20Distrito%20Federal%3C%2Fb%3E%3A%20Alagoas%2C%20Bahia%2C%20Esp%C3%ADrito%20Santo%2C%20Goi%C3%A1s%2C%20Maranh%C3%A3o%2C%20Mato%20Grosso%2C%20Minas%20Gerais%2C%20Par%C3%A1%2C%20Para%C3%ADba%2C%20Paran%C3%A1%2C%20Pernambuco%2C%20Piau%C3%AD%2C%20Rio%20Grande%20do%20Norte%2C%20Rio%20Grande%20do%20Sul%2C%20Santa%20Catarina%2C%20S%C3%A3o%20Paulo%2C%20Sergipe%20y%20Tocantins.|[14px;borders_all;borders_all]Medio%20plazo%20de%20las%20concesiones%3A%20%3Cb%3E15%2C2%20a%C3%B1os%3C%2Fb%3E%20(al%2007%2F03%2F2022)|[14px;borders_all;borders_all]Tasa%20de%20disponibilidad%20de%20las%20l%C3%ADneas%3A%20%3Cb%3E99%2C95%25%3C%2Fb%3E%20%2F%20Parcela%20Variable%20(deducci%C3%B3n%20por%20indisponibilidad)%20-%20PV%3A%20%3Cb%3ER%24%2030%2C3%20millones%3C%2Fb%3E|[14px;borders_all;borders_all]RAP%20total%20de%20%3Cb%3ER%243.834%2C5%20millones%3C%2Fb%3E%20(ciclo%202022-2023)%3A%20%3Cb%3ER%24%203.529%20millones%3C%2Fb%3E%20operacional%20%20y%20%3Cb%3ER%24%20%E2%80%AD305%2C6%20%E2%80%ACmillones%3C%2Fb%3E%20en%20construcci%C3%B3n|[borders_all;14px]Inversiones%20realizadas%20entre%202006%20y%201T21%20(CAPEX%20%2B%20M%26A)%3A%20%3Cb%3ER%24%208%2C7%20mil%20millones%3C%2Fb%3E|[14px;borders_all;borders_all]Dividendos%20pagados%20entre%202006%20entre%202023%3A%20%3Cb%3ER%24%2012%2C8%20mil%20millones%3C%2Fb%3E[\/vc_table][vc_column_text css=\u00bb.vc_custom_1559918316941{margin-top: -15px !important;}\u00bb]<\/p>\n<h6>\u00b9 Market share solo tiene en cuenta las concesiones de categor\u00eda 2 y 3.<\/h6>\n<p>[\/vc_column_text][\/vc_column][\/vc_row][vc_row css=\u00bb.vc_custom_1557424977965{margin-top: 15px !important;}\u00bb][vc_column][vc_table allow_html=\u00bb1&#8243; el_class=\u00bbajuste-top\u00bb][borders_all;bg#001141;c#ffffff;b]Informaci%C3%B3n%20Financiera%20(9M22%20-%20TAESA%20Consolidado)|[borders_all;14px]EBITDA%20de%20%3Cb%3ER%24%201.682%20millones%3C%2Fb%3E%20y%20margen%20EBITDA%20de%20%3Cb%3E61%2C30%25%3C%2Fb%3E|[borders_all;14px]Utilidad%20Neta%20IFRS%20de%20%3Cb%3ER%24%201426%2C4%20millones%3C%2Fb%3E%20%2F%20Utilidad%20Neta%20Ajustada%C2%B2(2021)%20de%20%3Cb%3ER%24%201.805.615%20millones%3C%2Fb%3E%20%2F%20Dividendos-JCP(2022)%20(Intereses%20sobre%20el%20capital%20propio)%20distribuidos%20de%20%3Cb%3ER%24%20506%2C8%20millones%3C%2Fb%3E|[borders_all;borders_all;14px]Deuda%20Bruta%20de%20%3Cb%3ER%248.499%2C8%20mil%20millones%3C%2Fb%3E%20%2F%20Efectivo%20de%20%3Cb%3ER%24%201.838%20mil%20millones%3C%2Fb%3E%20%2F%20Deuda%20Neta%20de%20%3Cb%3ER%24%208.905%20millones%3C%2Fb%3E%3C%2Fbr%3ECosto%20Promedio%20nominal%20de%20%3Cb%3E5%2C27%25%3C%2Fb%3E%20y%20Plazo%20Medio%20de%20%3Cb%3E5%2C1%20a%C3%B1os%3C%2Fb%3E|[borders_all;14px]Deuda%20Neta%2FEBITDA%3A%20%3Cb%3E3%2C7x%3C%2Fb%3E%20(considera%20las%20empresas%20controladas%20en%20conjunto%20y%20asociadas)|[borders_all;14px]Market%20Cap%3A%20%3Cb%3ER%24%2014%2C3%20mil%20millones%3C%2Fb%3E%20(al%2026%2F09%2F2022)[\/vc_table][vc_column_text css=\u00bb.vc_custom_1561122563832{margin-top: -15px !important;}\u00bb]<\/p>\n<h6>\u00b2 Utilidad Neta Ajustada excluye los efectos de la adopci\u00f3n del CPC 47 reflejando el m\u00e9todo contable utilizado anteriormente (Activo Financiero a costo amortizado)<\/h6>\n<p>[\/vc_column_text][\/vc_column][\/vc_row]<\/p>\n<\/div><span class=\"et_bloom_bottom_trigger\"><\/span>","protected":false},"excerpt":{"rendered":"<p>[vc_row][vc_column][vc_column_text] Transmissora Alian\u00e7a de Energia El\u00e9trica S.A. \u2013 TAESA \u2013 es uno de los mayores grupos privados de transmisi\u00f3n de energ\u00eda el\u00e9ctrica de Brasil en t\u00e9rminos del Ingreso Anual \u2013 RAP. La empresa se dedica exclusivamente a la construcci\u00f3n, operaci\u00f3n y mantenimiento de activos de transmisi\u00f3n, con 13.211 km de l\u00edneas en operaci\u00f3n y 1.918 [&hellip;]<\/p>\n","protected":false},"author":1,"featured_media":152358,"parent":0,"menu_order":1,"comment_status":"closed","ping_status":"closed","template":"","meta":{"footnotes":""},"class_list":["post-152330","page","type-page","status-publish","has-post-thumbnail","hentry"],"_links":{"self":[{"href":"https:\/\/ri.taesa.com.br\/es\/wp-json\/wp\/v2\/pages\/152330","targetHints":{"allow":["GET"]}}],"collection":[{"href":"https:\/\/ri.taesa.com.br\/es\/wp-json\/wp\/v2\/pages"}],"about":[{"href":"https:\/\/ri.taesa.com.br\/es\/wp-json\/wp\/v2\/types\/page"}],"author":[{"embeddable":true,"href":"https:\/\/ri.taesa.com.br\/es\/wp-json\/wp\/v2\/users\/1"}],"replies":[{"embeddable":true,"href":"https:\/\/ri.taesa.com.br\/es\/wp-json\/wp\/v2\/comments?post=152330"}],"version-history":[{"count":3,"href":"https:\/\/ri.taesa.com.br\/es\/wp-json\/wp\/v2\/pages\/152330\/revisions"}],"predecessor-version":[{"id":152867,"href":"https:\/\/ri.taesa.com.br\/es\/wp-json\/wp\/v2\/pages\/152330\/revisions\/152867"}],"wp:featuredmedia":[{"embeddable":true,"href":"https:\/\/ri.taesa.com.br\/es\/wp-json\/wp\/v2\/media\/152358"}],"wp:attachment":[{"href":"https:\/\/ri.taesa.com.br\/es\/wp-json\/wp\/v2\/media?parent=152330"}],"curies":[{"name":"wp","href":"https:\/\/api.w.org\/{rel}","templated":true}]}}