{"id":1859,"date":"2025-08-18T10:00:15","date_gmt":"2025-08-18T13:00:15","guid":{"rendered":"http:\/\/ri.taesa.com.br\/?page_id=1859"},"modified":"2024-08-20T15:13:06","modified_gmt":"2024-08-20T18:13:06","slug":"por-que-investir","status":"publish","type":"page","link":"https:\/\/ri.taesa.com.br\/es\/taesa\/por-que-investir\/","title":{"rendered":"Por qu\u00e9 Invertir en TAESA"},"content":{"rendered":"<div class=\"wpb-content-wrapper\"><p>[vc_row gap=\u00bb20&#8243; css=\u00bb.vc_custom_1555342476183{margin-right: 0px !important;margin-left: 0px !important;}\u00bb][vc_column offset=\u00bbvc_hidden-sm vc_hidden-xs\u00bb][vc_row_inner css=\u00bb.vc_custom_1552397959297{margin-bottom: 0px !important;border-top-width: 1px !important;border-right-width: 1px !important;border-bottom-width: 1px !important;border-left-width: 1px !important;background-color: #f9f9f9 !important;border-left-color: #dde4ec !important;border-left-style: solid !important;border-right-color: #dde4ec !important;border-right-style: solid !important;border-top-color: #dde4ec !important;border-top-style: solid !important;border-bottom-color: #dde4ec !important;border-bottom-style: solid !important;}\u00bb el_class=\u00bbbox-sombra\u00bb][vc_column_inner width=\u00bb1\/4&#8243; css=\u00bb.vc_custom_1552339495331{padding-right: 0px !important;padding-left: 0px !important;}\u00bb][vc_single_image image=\u00bb27488&#8243; img_size=\u00bbfull\u00bb][\/vc_column_inner][vc_column_inner width=\u00bb3\/4&#8243; css=\u00bb.vc_custom_1561989239943{padding-left: 0px !important;}\u00bb][vc_column_text css=\u00bb.vc_custom_1605093097079{margin-top: 23px !important;margin-bottom: 10px !important;margin-left: 20px !important;}\u00bb el_class=\u00bbcorrecaoespacamento\u00bb]<\/p>\n<h4>Base de Activos Premium<\/h4>\n<p>[\/vc_column_text][vc_column_text css=\u00bb.vc_custom_1678887871853{margin-left: 0px !important;}\u00bb]<\/p>\n<ul>\n<li>Una Compa\u00f1\u00eda dedicada exclusivamente a la actividad de transmisi\u00f3n de energ\u00eda el\u00e9ctrica<\/li>\n<li>R$ 4.099 millones de Ingreso Anual Permitido (RAP &#8211; ciclo 2024-2025)<\/li>\n<li>43 concesiones<\/li>\n<li>15.105 km de l\u00edneas de transmisi\u00f3n<\/li>\n<\/ul>\n<p>[\/vc_column_text][\/vc_column_inner][\/vc_row_inner][\/vc_column][\/vc_row][vc_row gap=\u00bb20&#8243; css=\u00bb.vc_custom_1552398092540{margin-right: 0px !important;margin-bottom: 20px !important;margin-left: 0px !important;}\u00bb][vc_column offset=\u00bbvc_hidden-sm vc_hidden-xs\u00bb][vc_row_inner css=\u00bb.vc_custom_1552341219282{margin-bottom: 0px !important;border-top-width: 1px !important;border-right-width: 1px !important;border-bottom-width: 1px !important;border-left-width: 1px !important;background-color: #f9f9f9 !important;border-left-color: #dde4ec !important;border-left-style: solid !important;border-right-color: #dde4ec !important;border-right-style: solid !important;border-top-color: #dde4ec !important;border-top-style: solid !important;border-bottom-color: #dde4ec !important;border-bottom-style: solid !important;}\u00bb el_class=\u00bbbox-sombra\u00bb][vc_column_inner width=\u00bb1\/4&#8243; css=\u00bb.vc_custom_1552339495331{padding-right: 0px !important;padding-left: 0px !important;}\u00bb][vc_single_image image=\u00bb27549&#8243; img_size=\u00bbfull\u00bb][\/vc_column_inner][vc_column_inner width=\u00bb3\/4&#8243; css=\u00bb.vc_custom_1561989248254{padding-left: 0px !important;}\u00bb][vc_column_text css=\u00bb.vc_custom_1605093140711{margin-top: 24px !important;margin-bottom: 10px !important;margin-left: 20px !important;}\u00bb el_class=\u00bbcorrecaoespacamento\u00bb]<\/p>\n<h4>Hist\u00f3rico Consistente de Pago de Dividendos<\/h4>\n<p>[\/vc_column_text][vc_column_text css=\u00bb.vc_custom_1616521260820{margin-left: 0px !important;}\u00bb]<\/p>\n<ul>\n<li>Distribuci\u00f3n de dividendos s\u00f3lida y consistente<\/li>\n<li>Alto <em>payout<\/em> hist\u00f3rico: cerca del 90% (porcentaje de la utilidad neta distribuida en forma de dividendos)<\/li>\n<li>Ingresos altamente predecibles (ingresos fijos reajustados anualmente por la inflaci\u00f3n)<\/li>\n<li>Pol\u00edtica de dividendos establecida en el Estatuto Social de TAESA<\/li>\n<\/ul>\n<p>[\/vc_column_text][\/vc_column_inner][\/vc_row_inner][\/vc_column][\/vc_row][vc_row gap=\u00bb20&#8243; css=\u00bb.vc_custom_1552405505112{margin-right: 0px !important;margin-bottom: -20px !important;margin-left: 0px !important;}\u00bb][vc_column width=\u00bb1\/2&#8243; offset=\u00bbvc_hidden-lg vc_hidden-md\u00bb][vc_row_inner css=\u00bb.vc_custom_1555341763721{margin-bottom: 20px !important;border-top-width: 1px !important;border-right-width: 1px !important;border-bottom-width: 1px !important;border-left-width: 1px !important;background-color: #f9f9f9 !important;border-left-color: #dde4ec !important;border-left-style: solid !important;border-right-color: #dde4ec !important;border-right-style: solid !important;border-top-color: #dde4ec !important;border-top-style: solid !important;border-bottom-color: #dde4ec !important;border-bottom-style: solid !important;}\u00bb el_class=\u00bbbox-sombra\u00bb][vc_column_inner css=\u00bb.vc_custom_1552339495331{padding-right: 0px !important;padding-left: 0px !important;}\u00bb][vc_single_image image=\u00bb27662&#8243; img_size=\u00bbfull\u00bb][vc_column_text css=\u00bb.vc_custom_1605093298183{margin-top: 24px !important;margin-bottom: 10px !important;padding-right: 30px !important;padding-left: 30px !important;}\u00bb el_class=\u00bbcorrecaoespacamentomobile\u00bb]<\/p>\n<h4>Base de Activos Premium<\/h4>\n<p>[\/vc_column_text][vc_column_text css=\u00bb.vc_custom_1678887886042{margin-left: -20px !important;padding-right: 30px !important;padding-left: 30px !important;}\u00bb]<\/p>\n<ul>\n<li>Una Compa\u00f1\u00eda dedicada exclusivamente a la actividad de transmisi\u00f3n de energ\u00eda el\u00e9ctrica<\/li>\n<li>R$ 4.099 millones de Ingreso Anual Permitido (RAP &#8211; ciclo 2024-2025)<\/li>\n<li>43 concesiones<\/li>\n<li>15.105 km de l\u00edneas de transmisi\u00f3n<\/li>\n<\/ul>\n<p>[\/vc_column_text][\/vc_column_inner][\/vc_row_inner][\/vc_column][vc_column width=\u00bb1\/2&#8243; css=\u00bb.vc_custom_1552403430044{background-color: #f9f9f9 !important;}\u00bb offset=\u00bbvc_hidden-lg vc_hidden-md\u00bb][vc_row_inner css=\u00bb.vc_custom_1552341219282{margin-bottom: 0px !important;border-top-width: 1px !important;border-right-width: 1px !important;border-bottom-width: 1px !important;border-left-width: 1px !important;background-color: #f9f9f9 !important;border-left-color: #dde4ec !important;border-left-style: solid !important;border-right-color: #dde4ec !important;border-right-style: solid !important;border-top-color: #dde4ec !important;border-top-style: solid !important;border-bottom-color: #dde4ec !important;border-bottom-style: solid !important;}\u00bb el_class=\u00bbbox-sombra\u00bb][vc_column_inner css=\u00bb.vc_custom_1552339495331{padding-right: 0px !important;padding-left: 0px !important;}\u00bb][vc_single_image image=\u00bb27658&#8243; img_size=\u00bbfull\u00bb][vc_column_text css=\u00bb.vc_custom_1605093303143{margin-top: 24px !important;margin-bottom: 10px !important;padding-right: 30px !important;padding-left: 30px !important;}\u00bb el_class=\u00bbcorrecaoespacamentomobile\u00bb]<\/p>\n<h4>Historial Consistente de Pago de Dividendos<\/h4>\n<p>[\/vc_column_text][vc_column_text css=\u00bb.vc_custom_1622467665386{margin-left: -20px !important;padding-right: 30px !important;padding-left: 30px !important;}\u00bb]<\/p>\n<ul>\n<li>Distribuci\u00f3n de dividendos s\u00f3lida y consistente<\/li>\n<li>Alto <em>payout<\/em> hist\u00f3rico: cerca del 90% (porcentaje de la utilidad neta distribuida en forma de dividendos)<\/li>\n<li>Ingresos altamente previsibles (ingresos fijos reajustados anualmente por la inflaci\u00f3n)<\/li>\n<li>Pol\u00edtica de dividendos establecida en el Estatuto Social de TAESA<\/li>\n<\/ul>\n<p>[\/vc_column_text][\/vc_column_inner][\/vc_row_inner][\/vc_column][\/vc_row][vc_row gap=\u00bb20&#8243; css=\u00bb.vc_custom_1555342649032{margin-right: 0px !important;margin-left: 0px !important;}\u00bb][vc_column offset=\u00bbvc_hidden-sm vc_hidden-xs\u00bb][vc_row_inner css=\u00bb.vc_custom_1552397959297{margin-bottom: 0px !important;border-top-width: 1px !important;border-right-width: 1px !important;border-bottom-width: 1px !important;border-left-width: 1px !important;background-color: #f9f9f9 !important;border-left-color: #dde4ec !important;border-left-style: solid !important;border-right-color: #dde4ec !important;border-right-style: solid !important;border-top-color: #dde4ec !important;border-top-style: solid !important;border-bottom-color: #dde4ec !important;border-bottom-style: solid !important;}\u00bb el_class=\u00bbbox-sombra\u00bb][vc_column_inner width=\u00bb1\/4&#8243; css=\u00bb.vc_custom_1552339495331{padding-right: 0px !important;padding-left: 0px !important;}\u00bb][vc_single_image image=\u00bb27558&#8243; img_size=\u00bbfull\u00bb][\/vc_column_inner][vc_column_inner width=\u00bb3\/4&#8243; css=\u00bb.vc_custom_1561989255958{padding-left: 0px !important;}\u00bb][vc_column_text css=\u00bb.vc_custom_1605093146712{margin-top: 24px !important;margin-bottom: 10px !important;margin-left: 20px !important;}\u00bb el_class=\u00bbcorrecaoespacamento\u00bb]<\/p>\n<h4>Crecimiento Sostenible con Generaci\u00f3n de Valor para el Accionista<\/h4>\n<p>[\/vc_column_text][vc_column_text css=\u00bb.vc_custom_1678887900462{margin-left: 0px !important;}\u00bb]<\/p>\n<ul>\n<li>En 10 a\u00f1os, TAESA ha crecido de 8 a 41 concesiones, incrementando el valor de su Ingreso Anual (RAP) total de R$ 799 millones a R$ 3,8 mil millones<\/li>\n<li>Activos en casi todo Brasil (18 estados y en el Distrito Federal)<\/li>\n<li>Est\u00e1 estrat\u00e9gicamente posicionada para capturar sinergias por medio de nuevas adquisiciones<\/li>\n<li>Principal atenci\u00f3n en activos que generen valor al negocio<\/li>\n<li>13 lotes obtenidos en subastas recientes con retornos bastante atractivos<\/li>\n<\/ul>\n<p>[\/vc_column_text][\/vc_column_inner][\/vc_row_inner][\/vc_column][\/vc_row][vc_row gap=\u00bb20&#8243; css=\u00bb.vc_custom_1552398092540{margin-right: 0px !important;margin-bottom: 20px !important;margin-left: 0px !important;}\u00bb][vc_column offset=\u00bbvc_hidden-sm vc_hidden-xs\u00bb][vc_row_inner css=\u00bb.vc_custom_1552341219282{margin-bottom: 0px !important;border-top-width: 1px !important;border-right-width: 1px !important;border-bottom-width: 1px !important;border-left-width: 1px !important;background-color: #f9f9f9 !important;border-left-color: #dde4ec !important;border-left-style: solid !important;border-right-color: #dde4ec !important;border-right-style: solid !important;border-top-color: #dde4ec !important;border-top-style: solid !important;border-bottom-color: #dde4ec !important;border-bottom-style: solid !important;}\u00bb el_class=\u00bbbox-sombra\u00bb][vc_column_inner width=\u00bb1\/4&#8243; css=\u00bb.vc_custom_1552339495331{padding-right: 0px !important;padding-left: 0px !important;}\u00bb][vc_single_image image=\u00bb27562&#8243; img_size=\u00bbfull\u00bb][\/vc_column_inner][vc_column_inner width=\u00bb3\/4&#8243; css=\u00bb.vc_custom_1561989262975{padding-left: 0px !important;}\u00bb][vc_column_text css=\u00bb.vc_custom_1605093152503{margin-top: 24px !important;margin-bottom: 10px !important;margin-left: 20px !important;}\u00bb el_class=\u00bbcorrecaoespacamento\u00bb]<\/p>\n<h4>Excelencia Operacional<\/h4>\n<p>[\/vc_column_text][vc_column_text css=\u00bb.vc_custom_1660572752197{margin-left: 0px !important;}\u00bb]<\/p>\n<ul>\n<li>Altas tasas de disponibilidad de l\u00edneas de transmisi\u00f3n: por encima del 99,38%<\/li>\n<li>Bajo nivel de Cuota Variable (PV): 2,04 % de la RAP<\/li>\n<li>Uno de los m\u00e1s grandes m\u00e1rgenes EBITDA del sector de transmisi\u00f3n<\/li>\n<li>S\u00f3lida generaci\u00f3n de efectivo operativo<\/li>\n<\/ul>\n<p>[\/vc_column_text][\/vc_column_inner][\/vc_row_inner][\/vc_column][\/vc_row][vc_row gap=\u00bb20&#8243; css=\u00bb.vc_custom_1552410397572{margin-right: 0px !important;margin-bottom: -20px !important;margin-left: 0px !important;}\u00bb][vc_column width=\u00bb1\/2&#8243; offset=\u00bbvc_hidden-lg vc_hidden-md\u00bb][vc_row_inner css=\u00bb.vc_custom_1555341704897{margin-bottom: 20px !important;border-top-width: 1px !important;border-right-width: 1px !important;border-bottom-width: 1px !important;border-left-width: 1px !important;background-color: #f9f9f9 !important;border-left-color: #dde4ec !important;border-left-style: solid !important;border-right-color: #dde4ec !important;border-right-style: solid !important;border-top-color: #dde4ec !important;border-top-style: solid !important;border-bottom-color: #dde4ec !important;border-bottom-style: solid !important;}\u00bb el_class=\u00bbbox-sombra\u00bb][vc_column_inner css=\u00bb.vc_custom_1552339495331{padding-right: 0px !important;padding-left: 0px !important;}\u00bb][vc_single_image image=\u00bb27668&#8243; img_size=\u00bbfull\u00bb][vc_column_text css=\u00bb.vc_custom_1605093309581{margin-top: 24px !important;margin-bottom: 10px !important;padding-right: 30px !important;padding-left: 30px !important;}\u00bb el_class=\u00bbcorrecaoespacamentomobile\u00bb]<\/p>\n<h4>Crecimiento Sustentable con Generaci\u00f3n de Valor para el Accionista<\/h4>\n<p>[\/vc_column_text][vc_column_text css=\u00bb.vc_custom_1678887915718{margin-left: -20px !important;padding-right: 30px !important;padding-left: 30px !important;}\u00bb]<\/p>\n<ul>\n<li>En 10 a\u00f1os, TAESA ha pasado de 8 a 41 concesiones, incrementando el valor de su RAP total de R$ 799 millones a R$ 3,8 mil millones<\/li>\n<li>Activos en casi todo Brasil (18 estados y en el Distrito Federal)<\/li>\n<li>Est\u00e1 estrat\u00e9gicamente posicionada para capturar sinergias por medio de nuevas adquisiciones<\/li>\n<li>Foco en activos que generen valor al negocio<\/li>\n<li>13 lotes obtenidos en subastas recientes con retornos bastante atractivos<\/li>\n<\/ul>\n<p>[\/vc_column_text][\/vc_column_inner][\/vc_row_inner][\/vc_column][vc_column width=\u00bb1\/2&#8243; css=\u00bb.vc_custom_1552404968439{background-color: #f9f9f9 !important;}\u00bb offset=\u00bbvc_hidden-lg vc_hidden-md\u00bb][vc_row_inner css=\u00bb.vc_custom_1552341219282{margin-bottom: 0px !important;border-top-width: 1px !important;border-right-width: 1px !important;border-bottom-width: 1px !important;border-left-width: 1px !important;background-color: #f9f9f9 !important;border-left-color: #dde4ec !important;border-left-style: solid !important;border-right-color: #dde4ec !important;border-right-style: solid !important;border-top-color: #dde4ec !important;border-top-style: solid !important;border-bottom-color: #dde4ec !important;border-bottom-style: solid !important;}\u00bb el_class=\u00bbbox-sombra\u00bb][vc_column_inner css=\u00bb.vc_custom_1552339495331{padding-right: 0px !important;padding-left: 0px !important;}\u00bb][vc_single_image image=\u00bb27671&#8243; img_size=\u00bbfull\u00bb][vc_column_text css=\u00bb.vc_custom_1605093316030{margin-top: 24px !important;margin-bottom: 10px !important;padding-right: 30px !important;padding-left: 30px !important;}\u00bb el_class=\u00bbcorrecaoespacamentomobile\u00bb]<\/p>\n<h4>Excelencia Operacional<\/h4>\n<p>[\/vc_column_text][vc_column_text css=\u00bb.vc_custom_1660572766025{margin-left: -20px !important;padding-right: 30px !important;padding-left: 30px !important;}\u00bb]<\/p>\n<ul>\n<li>Altas tasas de disponibilidad de l\u00edneas de transmisi\u00f3n: por encima del 99,38 %<\/li>\n<li>Bajo nivel de Parcela Variable (PV): 2,04 % de la RAP<\/li>\n<li>Uno de los m\u00e1s grandes m\u00e1rgenes EBITDA del sector de transmisi\u00f3n<\/li>\n<li>S\u00f3lida generaci\u00f3n de efectivo operativo<\/li>\n<\/ul>\n<p>[\/vc_column_text][\/vc_column_inner][\/vc_row_inner][\/vc_column][\/vc_row][vc_row gap=\u00bb20&#8243; css=\u00bb.vc_custom_1555342658260{margin-right: 0px !important;margin-left: 0px !important;}\u00bb][vc_column offset=\u00bbvc_hidden-sm vc_hidden-xs\u00bb][vc_row_inner css=\u00bb.vc_custom_1552397959297{margin-bottom: 0px !important;border-top-width: 1px !important;border-right-width: 1px !important;border-bottom-width: 1px !important;border-left-width: 1px !important;background-color: #f9f9f9 !important;border-left-color: #dde4ec !important;border-left-style: solid !important;border-right-color: #dde4ec !important;border-right-style: solid !important;border-top-color: #dde4ec !important;border-top-style: solid !important;border-bottom-color: #dde4ec !important;border-bottom-style: solid !important;}\u00bb el_class=\u00bbbox-sombra\u00bb][vc_column_inner width=\u00bb1\/4&#8243; css=\u00bb.vc_custom_1552339495331{padding-right: 0px !important;padding-left: 0px !important;}\u00bb][vc_single_image image=\u00bb27574&#8243; img_size=\u00bbfull\u00bb][\/vc_column_inner][vc_column_inner width=\u00bb3\/4&#8243; css=\u00bb.vc_custom_1561989272967{padding-left: 0px !important;}\u00bb][vc_column_text css=\u00bb.vc_custom_1605093170632{margin-top: 24px !important;margin-bottom: 10px !important;margin-left: 20px !important;}\u00bb el_class=\u00bbcorrecaoespacamento\u00bb]<\/p>\n<h4>Historial Comprobado de Disciplina Financiera<\/h4>\n<p>[\/vc_column_text][vc_column_text css=\u00bb.vc_custom_1615916567148{margin-left: 0px !important;}\u00bb]<\/p>\n<ul>\n<li>Estricto control de costos<\/li>\n<li>El m\u00e1s alto <em>rating<\/em> de cr\u00e9dito en las dos agencias de clasificaci\u00f3n de riesgo<\/li>\n<li>Facilidad en la captaci\u00f3n de recursos a costos competitivos<\/li>\n<li>Diligencia en la b\u00fasqueda de inversiones con retornos atractivos<\/li>\n<\/ul>\n<p>[\/vc_column_text][\/vc_column_inner][\/vc_row_inner][\/vc_column][\/vc_row][vc_row gap=\u00bb20&#8243; css=\u00bb.vc_custom_1552398092540{margin-right: 0px !important;margin-bottom: 20px !important;margin-left: 0px !important;}\u00bb][vc_column offset=\u00bbvc_hidden-sm vc_hidden-xs\u00bb][vc_row_inner css=\u00bb.vc_custom_1552341219282{margin-bottom: 0px !important;border-top-width: 1px !important;border-right-width: 1px !important;border-bottom-width: 1px !important;border-left-width: 1px !important;background-color: #f9f9f9 !important;border-left-color: #dde4ec !important;border-left-style: solid !important;border-right-color: #dde4ec !important;border-right-style: solid !important;border-top-color: #dde4ec !important;border-top-style: solid !important;border-bottom-color: #dde4ec !important;border-bottom-style: solid !important;}\u00bb el_class=\u00bbbox-sombra\u00bb][vc_column_inner width=\u00bb1\/4&#8243; css=\u00bb.vc_custom_1552339495331{padding-right: 0px !important;padding-left: 0px !important;}\u00bb][vc_single_image image=\u00bb27577&#8243; img_size=\u00bbfull\u00bb][\/vc_column_inner][vc_column_inner width=\u00bb3\/4&#8243; css=\u00bb.vc_custom_1561989279750{padding-left: 0px !important;}\u00bb][vc_column_text css=\u00bb.vc_custom_1605093176478{margin-top: 24px !important;margin-bottom: 10px !important;margin-left: 20px !important;}\u00bb el_class=\u00bbcorrecaoespacamento\u00bb]<\/p>\n<h4>Alto Nivel de Gobernanza Corporativa<\/h4>\n<p>[\/vc_column_text][vc_column_text css=\u00bb.vc_custom_1561989079287{margin-left: 0px !important;}\u00bb]<\/p>\n<ul>\n<li>S\u00f3lido Acuerdo de Accionistas<\/li>\n<li>Nivel 2 de Gobernanza Corporativa en la B3<\/li>\n<li>Cumple diversos requisitos del <em>Novo Mercado<\/em><\/li>\n<li>Robusto esquema de <em>Compliance<\/em> que incluye diversas pol\u00edticas entre las cuales \u201cAnticorrupci\u00f3n y Soborno\u201d y \u201cPrevenci\u00f3n y Combate al Lavado de Dinero y Financiaci\u00f3n de Terrorismo\u201d<\/li>\n<\/ul>\n<p>[\/vc_column_text][\/vc_column_inner][\/vc_row_inner][\/vc_column][\/vc_row][vc_row gap=\u00bb20&#8243; css=\u00bb.vc_custom_1552398092540{margin-right: 0px !important;margin-bottom: 20px !important;margin-left: 0px !important;}\u00bb][vc_column width=\u00bb1\/2&#8243; offset=\u00bbvc_hidden-lg vc_hidden-md\u00bb][vc_row_inner css=\u00bb.vc_custom_1555341537556{margin-bottom: 20px !important;border-top-width: 1px !important;border-right-width: 1px !important;border-bottom-width: 1px !important;border-left-width: 1px !important;background-color: #f9f9f9 !important;border-left-color: #dde4ec !important;border-left-style: solid !important;border-right-color: #dde4ec !important;border-right-style: solid !important;border-top-color: #dde4ec !important;border-top-style: solid !important;border-bottom-color: #dde4ec !important;border-bottom-style: solid !important;}\u00bb el_class=\u00bbbox-sombra\u00bb][vc_column_inner css=\u00bb.vc_custom_1552339495331{padding-right: 0px !important;padding-left: 0px !important;}\u00bb][vc_single_image image=\u00bb27682&#8243; img_size=\u00bbfull\u00bb][vc_column_text css=\u00bb.vc_custom_1605093323078{margin-top: 24px !important;margin-bottom: 10px !important;padding-right: 30px !important;padding-left: 30px !important;}\u00bb el_class=\u00bbcorrecaoespacamentomobile\u00bb]<\/p>\n<h4>Historial Comprobado de Disciplina Financiera<\/h4>\n<p>[\/vc_column_text][vc_column_text css=\u00bb.vc_custom_1561137495006{margin-left: -20px !important;padding-right: 30px !important;padding-left: 30px !important;}\u00bb]<\/p>\n<ul>\n<li>Estricto control de costos<\/li>\n<li>El m\u00e1s alto <em>rating<\/em> de cr\u00e9dito en las tres agencias de clasificaci\u00f3n de riesgo<\/li>\n<li>Facilidad en la captaci\u00f3n de recursos a costos competitivos<\/li>\n<li>Diligencia en la b\u00fasqueda de inversiones con retornos atractivos<\/li>\n<\/ul>\n<p>[\/vc_column_text][\/vc_column_inner][\/vc_row_inner][\/vc_column][vc_column width=\u00bb1\/2&#8243; css=\u00bb.vc_custom_1552409735548{background-color: #f9f9f9 !important;}\u00bb offset=\u00bbvc_hidden-lg vc_hidden-md\u00bb][vc_row_inner css=\u00bb.vc_custom_1552341219282{margin-bottom: 0px !important;border-top-width: 1px !important;border-right-width: 1px !important;border-bottom-width: 1px !important;border-left-width: 1px !important;background-color: #f9f9f9 !important;border-left-color: #dde4ec !important;border-left-style: solid !important;border-right-color: #dde4ec !important;border-right-style: solid !important;border-top-color: #dde4ec !important;border-top-style: solid !important;border-bottom-color: #dde4ec !important;border-bottom-style: solid !important;}\u00bb el_class=\u00bbbox-sombra\u00bb][vc_column_inner css=\u00bb.vc_custom_1552339495331{padding-right: 0px !important;padding-left: 0px !important;}\u00bb][vc_single_image image=\u00bb27685&#8243; img_size=\u00bbfull\u00bb][vc_column_text css=\u00bb.vc_custom_1605093327591{margin-top: 24px !important;margin-bottom: 10px !important;padding-right: 30px !important;padding-left: 30px !important;}\u00bb el_class=\u00bbcorrecaoespacamentomobile\u00bb]<\/p>\n<h4>Alto Nivel de Gobernanza Corporativa<\/h4>\n<p>[\/vc_column_text][vc_column_text css=\u00bb.vc_custom_1561487281400{margin-left: -20px !important;padding-right: 30px !important;padding-left: 30px !important;}\u00bb]<\/p>\n<ul>\n<li>S\u00f3lido Acuerdo de Accionistas<\/li>\n<li>Nivel 2 de Gobernanza Corporativa en la B3<\/li>\n<li>Cumple diversos requisitos del <em>Novo Mercado<\/em><\/li>\n<li>Robusta capacidad de <em>Compliance<\/em> que incluye diversas pol\u00edticas entre las cuales \u201cAnti corrupci\u00f3n y Soborno\u201d y \u201cPrevenci\u00f3n y Combate al Blanqueo de Dinero y Financiaci\u00f3n del Terrorismo\u201d<\/li>\n<\/ul>\n<p>[\/vc_column_text][\/vc_column_inner][\/vc_row_inner][\/vc_column][\/vc_row]<\/p>\n<\/div><span class=\"et_bloom_bottom_trigger\"><\/span>","protected":false},"excerpt":{"rendered":"<p>[vc_row gap=\u00bb20&#8243; css=\u00bb.vc_custom_1555342476183{margin-right: 0px !important;margin-left: 0px !important;}\u00bb][vc_column offset=\u00bbvc_hidden-sm vc_hidden-xs\u00bb][vc_row_inner css=\u00bb.vc_custom_1552397959297{margin-bottom: 0px !important;border-top-width: 1px !important;border-right-width: 1px !important;border-bottom-width: 1px !important;border-left-width: 1px !important;background-color: #f9f9f9 !important;border-left-color: #dde4ec !important;border-left-style: solid !important;border-right-color: #dde4ec !important;border-right-style: solid !important;border-top-color: #dde4ec !important;border-top-style: solid !important;border-bottom-color: #dde4ec !important;border-bottom-style: solid !important;}\u00bb el_class=\u00bbbox-sombra\u00bb][vc_column_inner width=\u00bb1\/4&#8243; css=\u00bb.vc_custom_1552339495331{padding-right: 0px !important;padding-left: 0px !important;}\u00bb][vc_single_image image=\u00bb27488&#8243; img_size=\u00bbfull\u00bb][\/vc_column_inner][vc_column_inner width=\u00bb3\/4&#8243; css=\u00bb.vc_custom_1561989239943{padding-left: 0px !important;}\u00bb][vc_column_text css=\u00bb.vc_custom_1605093097079{margin-top: 23px !important;margin-bottom: 10px [&hellip;]<\/p>\n","protected":false},"author":1,"featured_media":1881,"parent":2459,"menu_order":2,"comment_status":"closed","ping_status":"closed","template":"","meta":{"footnotes":""},"class_list":["post-1859","page","type-page","status-publish","has-post-thumbnail","hentry"],"_links":{"self":[{"href":"https:\/\/ri.taesa.com.br\/es\/wp-json\/wp\/v2\/pages\/1859","targetHints":{"allow":["GET"]}}],"collection":[{"href":"https:\/\/ri.taesa.com.br\/es\/wp-json\/wp\/v2\/pages"}],"about":[{"href":"https:\/\/ri.taesa.com.br\/es\/wp-json\/wp\/v2\/types\/page"}],"author":[{"embeddable":true,"href":"https:\/\/ri.taesa.com.br\/es\/wp-json\/wp\/v2\/users\/1"}],"replies":[{"embeddable":true,"href":"https:\/\/ri.taesa.com.br\/es\/wp-json\/wp\/v2\/comments?post=1859"}],"version-history":[{"count":28,"href":"https:\/\/ri.taesa.com.br\/es\/wp-json\/wp\/v2\/pages\/1859\/revisions"}],"predecessor-version":[{"id":293601,"href":"https:\/\/ri.taesa.com.br\/es\/wp-json\/wp\/v2\/pages\/1859\/revisions\/293601"}],"up":[{"embeddable":true,"href":"https:\/\/ri.taesa.com.br\/es\/wp-json\/wp\/v2\/pages\/2459"}],"wp:featuredmedia":[{"embeddable":true,"href":"https:\/\/ri.taesa.com.br\/es\/wp-json\/wp\/v2\/media\/1881"}],"wp:attachment":[{"href":"https:\/\/ri.taesa.com.br\/es\/wp-json\/wp\/v2\/media?parent=1859"}],"curies":[{"name":"wp","href":"https:\/\/api.w.org\/{rel}","templated":true}]}}