{"id":1940,"date":"2020-08-17T16:00:30","date_gmt":"2020-08-17T19:00:30","guid":{"rendered":"http:\/\/ri.taesa.com.br\/?page_id=1940"},"modified":"2024-03-20T14:52:39","modified_gmt":"2024-03-20T17:52:39","slug":"sector-de-transmision","status":"publish","type":"page","link":"https:\/\/ri.taesa.com.br\/es\/taesa\/sector-de-transmision\/","title":{"rendered":"Sector de Transmisi\u00f3n"},"content":{"rendered":"<div class=\"wpb-content-wrapper\"><p>[vc_row css=\u00bb.vc_custom_1552941059354{margin-bottom: 20px !important;}\u00bb][vc_column offset=\u00bbvc_hidden-sm vc_hidden-xs\u00bb]\n\t\t\t<!-- START setortransmissao REVOLUTION SLIDER 6.6.15 --><p class=\"rs-p-wp-fix\"><\/p>\n\t\t\t<rs-module-wrap id=\"rev_slider_3_1_wrapper\" data-source=\"gallery\" style=\"visibility:hidden;background:transparent;padding:0;margin:0px auto;margin-top:0;margin-bottom:0;\">\n\t\t\t\t<rs-module id=\"rev_slider_3_1\" style=\"\" data-version=\"6.6.15\">\n\t\t\t\t\t<rs-slides style=\"overflow: hidden; position: absolute;\">\n\t\t\t\t\t\t<rs-slide style=\"position: absolute;\" data-key=\"rs-3\" data-title=\"Slide\" data-anim=\"adpr:false;\">\n\t\t\t\t\t\t\t<img decoding=\"async\" src=\"\/\/ri.taesa.com.br\/wp-content\/plugins\/revslider\/public\/assets\/assets\/dummy.png\" alt=\"\" title=\"Sector de Transmisi\u00f3n\" class=\"rev-slidebg tp-rs-img rs-lazyload\" data-lazyload=\"\/\/ri.taesa.com.br\/wp-content\/uploads\/2018\/11\/banners-setor-transmissao.jpg\" data-no-retina>\n<!---->\t\t\t\t\t\t<\/rs-slide>\n\t\t\t\t\t<\/rs-slides>\n\t\t\t\t<\/rs-module>\n\t\t\t\t<script>\n\t\t\t\t\tsetREVStartSize({c: 'rev_slider_3_1',rl:[1240,1024,778,480],el:[],gw:[1366],gh:[300],type:'standard',justify:'',layout:'fullwidth',mh:\"0\"});if (window.RS_MODULES!==undefined && window.RS_MODULES.modules!==undefined && window.RS_MODULES.modules[\"revslider31\"]!==undefined) {window.RS_MODULES.modules[\"revslider31\"].once = false;window.revapi3 = undefined;if (window.RS_MODULES.checkMinimal!==undefined) window.RS_MODULES.checkMinimal()}\n\t\t\t\t<\/script>\n\t\t\t<\/rs-module-wrap>\n\t\t\t<!-- END REVOLUTION SLIDER -->\n[\/vc_column][\/vc_row][vc_row][vc_column][vc_column_text css=\u00bb.vc_custom_1710955534338{margin-bottom: 20px !important;}\u00bb]El Sistema Interconectado Nacional (SIN) es un sistema de generaci\u00f3n y transmisi\u00f3n de energ\u00eda el\u00e9ctrica de gran tama\u00f1o, operado por empresas de naturaleza p\u00fablica y privada, gestionado por el Operador Nacional del Sistema El\u00e9ctrico (ONS). Este sistema es responsable por la atenci\u00f3n de cerca del 99,9% del mercado brasile\u00f1o de energ\u00eda el\u00e9ctrica y la extensi\u00f3n de su red alcanza aproximadamente <span class=\"ui-provider ed bpt bpu bpv bpw bpx bpy bpz bqa bqb bqc bqd bqe bqf bqg bqh bqi bqj bqk bql bqm bqn bqo bqp bqq bqr bqs bqt bqu bqv bqw bqx bqy bqz bra\" dir=\"ltr\">185 <\/span>mil km de l\u00ednea con voltaje mayor o igual a 230kV.<\/p>\n<p>El ONS est\u00e1 compuesto por miembros asociados y miembros participantes, que son las empresas de generaci\u00f3n, transmisi\u00f3n, distribuci\u00f3n, consumidores libres, importadores y exportadores de energ\u00eda. Participan aun el Ministerio de Minas y Energ\u00eda (MME) y representantes de los Consejos de Consumidores.<\/p>\n<p>Para el ejercicio de sus atribuciones legales y el cumplimiento de su misi\u00f3n institucional, el ONS desarrolla una serie de estudios y acciones ejercidas sobre el sistema y sus agentes propietarios para gestionar las diversas fuentes de energ\u00eda y la red de transmisi\u00f3n, para garantizar la seguridad del suministro continuo en todo el pa\u00eds, con los objetivos de:<\/p>\n<p>(a) promover la optimizaci\u00f3n de la operaci\u00f3n del sistema electro energ\u00e9tico, con el objetivo de menor costo para el sistema, observados los est\u00e1ndares t\u00e9cnicos y los criterios de confiabilidad establecidos en los Procedimientos de Red aprobados por la Agencia Nacional de Energ\u00eda El\u00e9ctrica (ANEEL);<\/p>\n<p>(b) garantizar que todos los agentes del sector el\u00e9ctrico tengan acceso a la red de transmisi\u00f3n de forma no discriminatoria; y<\/p>\n<p>(c) contribuir, de acuerdo con la naturaleza de sus actividades, para que la expansi\u00f3n del SIN se haga al menor costo y tenga como objetivo las mejores condiciones operacionales futuras.<\/p>\n<p>El Contrato de Prestaci\u00f3n del Servicio de Transmisi\u00f3n (CPST) se celebra entre el ONS y las concesionarias de servicio p\u00fablico de transmisi\u00f3n. Establece los t\u00e9rminos y condiciones t\u00e9cnicas y comerciales para la prestaci\u00f3n de los servicios de transmisi\u00f3n. En dicho contrato, las concesionarias de transmisi\u00f3n asumen la responsabilidad por la operaci\u00f3n y el mantenimiento de las instalaciones y reciben el Ingreso Anual (RAP) por la disponibilidad de las instalaciones, y se descuentan las eventuales indisponibilidades observadas. En este instrumento, los agentes de transmisi\u00f3n autorizan al ONS a practicar todos los actos necesarios para representarlos ante los usuarios de la red de transmisi\u00f3n en los Contratos de Uso del Sistema de Transmisi\u00f3n (CUST).<\/p>\n<p>Los activos de transmisi\u00f3n que forman esa red son regulados por la Agencia Nacional de Energ\u00eda El\u00e9ctrica (ANEEL), que por su vez regula ese sector a trav\u00e9s de un modelo de Revenue Cap. Seg\u00fan este modelo, las empresas que operan los activos reciben ingresos basados en la disponibilidad de la l\u00ednea y no en el volumen de energ\u00eda transmitido en el sistema.\u00a0 Por lo tanto, el sector de transmisi\u00f3n no est\u00e1 expuesto al riesgo de volumen.<\/p>\n<p>Creemos que la gesti\u00f3n del ONS soportada por el modelo regulatorio adoptado por la ANEEL hizo con que el mercado de transmisi\u00f3n en Brasil evolucionase de manera segura y consistente. TAESA nunca sufri\u00f3 p\u00e9rdidas significativas por falta de pago de sus clientes, lo que confirma su posicionamiento en un ambiente regulatorio estable y confiable.<\/p>\n<p>Cabe mencionar que todas las concesiones de TAESA est\u00e1n inseridas en el SIN.[\/vc_column_text][\/vc_column][\/vc_row][vc_row][vc_column][vc_column_text css=\u00bb.vc_custom_1679667457040{margin-bottom: 20px !important;}\u00bb]<\/p>\n<h4>La Expansi\u00f3n de la Transmisi\u00f3n<\/h4>\n<p>La confiabilidad de los sistemas el\u00e9ctricos y la calidad de la atenci\u00f3n del mercado de energ\u00eda est\u00e1n \u00edntimamente relacionadas con la eficiencia de su expansi\u00f3n, que depende de una planificaci\u00f3n adecuada. La planificaci\u00f3n de la expansi\u00f3n de los sistemas de generaci\u00f3n y transmisi\u00f3n tiene en cuenta la atenci\u00f3n de la demanda y su crecimiento en el per\u00edodo de an\u00e1lisis, con el objetivo de definir el conjunto de obras que ser\u00e1n necesarias para garantizar la seguridad y la calidad del sistema al menor costo global, contemplando, incluso, las p\u00e9rdidas el\u00e9ctricas.<\/p>\n<p>La Empresa de Investigaci\u00f3n Energ\u00e9tica (EPE), creada en 2004 y vinculada al Ministerio de Minas y Energ\u00eda (MME), tiene la responsabilidad de realizar estudios para el Desarrollo de los Planes de Expansi\u00f3n de la Generaci\u00f3n y Transmisi\u00f3n de energ\u00eda el\u00e9ctrica, en diferentes horizontes de an\u00e1lisis.<\/p>\n<p>Para completar el ciclo de planificaci\u00f3n de la transmisi\u00f3n, es responsabilidad del ONS elaborar el Plan de Ampliaciones y Refuerzos (PAR), en el horizonte de estudios de la operaci\u00f3n, en el que se proponen todas las ampliaciones y los refuerzos necesarios en la Red B\u00e1sica y en las DIT, para garantizar la calidad y la seguridad del SIN.<\/p>\n<p>(Fuente: <a href=\"http:\/\/ons.org.br\/paginas\/energia-no-futuro\/transmissao\/expansao\" target=\"_blank\" rel=\"noopener noreferrer\">http:\/\/ons.org.br<\/a>)<\/p>\n<p>&nbsp;<\/p>\n<p><span style=\"color: #253e6a;\"><strong>La tabla siguiente muestra la capacidad instalada en el SIN en 2023 y 2027 y el porcentaje de cada fuente de energ\u00eda en la matriz energ\u00e9tica de Brasil<\/strong><\/span>[\/vc_column_text][vc_table el_class=\u00bbtabtrans\u00bb][bg#001141;c#ffffff;border_left;border_right;border_top;border_bottom;borders_all;b]GENERACI%C3%93N,[bg#001141;c#ffffff;border_right;border_top;border_bottom;borders_all;b;align-center]2023-%20MW,[bg#001141;c#ffffff;border_right;border_top;border_bottom;borders_all;b;align-center]%25,[bg#001141;c#ffffff;border_right;border_top;border_bottom;borders_all;b;align-center]2027%20-%20MW,[bg#001141;c#ffffff;border_right;border_top;border_bottom;borders_all;b;align-center]%25,[bg#001141;c#ffffff;border_right;border_top;border_bottom;borders_all;b;align-center]VARIACI%C3%93N%20-MW,[bg#001141;c#ffffff;border_right;border_top;border_bottom;borders_all;align-center]%25|[borders_all]Hidroel%C3%A9ctrica,[borders_all;align-right]108.451,[borders_all;align-center]50%2C20%25,[borders_all;align-right]109.105,[borders_all;align-center]42%2C90%25,[borders_all;align-right]654,[borders_all;align-center]0%2C60%25|[borders_all]T%C3%A9rmica%20a%20gas%20%2B%20GNL,[borders_all;align-right]17.208,[borders_all;align-center]8%2C00%25,[borders_all;align-right]21.726,[borders_all;align-center]8%2C50%25,[borders_all;align-right]4.518,[borders_all;align-center]26%2C26%25|[borders_all]E%C3%B3lica,[borders_all;align-right]28.643,[borders_all;align-center]13%2C30%25,[borders_all;align-right]34.816,[borders_all;align-center]13%2C70%25,[borders_all;align-right]6.173,[borders_all;align-center]21%2C55%25|[borders_all]MMGD,[borders_all;align-right]26.395,[borders_all;align-center]12%2C20%25,[borders_all;align-right]42.426,[borders_all;align-center]16%2C70%25,[borders_all;align-right]16.031,[borders_all;align-center]60%2C73%25|[borders_all]T%C3%A9rmica%20y%20%C3%B3leo%20%2B%20di%C3%A9sel,[borders_all;align-right]3.460,[borders_all;align-center]1%2C60%25,[borders_all;align-right]3.791,[borders_all;align-center]1%2C50%25,[borders_all;align-right]331,[borders_all;align-center]9%2C57%25|[borders_all]T%C3%A9rmica%20a%20carb%C3%B3n,[borders_all;align-right]3.017,[borders_all;align-center]1%2C40%25,[borders_all;align-right]3.017,[borders_all;align-center]1%2C20%25,[borders_all;align-right]0,[borders_all;align-center]0%2C00%25|[borders_all]Biomasa,[borders_all;align-right]15.487,[borders_all;align-center]7%2C20%25,[borders_all;align-right]16.698,[borders_all;align-center]6%2C60%25,[borders_all;align-right]1.211,[borders_all;align-center]7%2C82%25|[borders_all]Solar,[borders_all;align-right]11.339,[borders_all;align-center]5%2C20%25,[borders_all;align-right]20.294,[borders_all;align-center]8%2C00%25,[borders_all;align-right]8.955,[borders_all;align-center]78%2C98%25|[borders_all]Nuclear,[borders_all;align-right]1.990,[borders_all;align-center]0%2C90%25,[borders_all;align-right]1.990,[borders_all;align-center]0%2C80%25,[borders_all;align-right]0,[borders_all;align-center]0%2C00%25|[borders_all]Otras,[borders_all;align-right]150,[borders_all;align-center]0%2C10%25,[borders_all;align-right]363,[borders_all;align-center]0%2C10%25,[borders_all;align-right]213,[borders_all;align-center]142%2C00%25|[borders_all;b]Total,[borders_all;align-right;b]216.140,[borders_all;align-center;b]100,[borders_all;align-right;b]254.226,[borders_all;align-center;b]100%25,[borders_all;align-right;b]38.086,[borders_all;align-center;b][\/vc_table][vc_column_text css=\u00bb.vc_custom_1705411083405{margin-bottom: 30px !important;}\u00bb]<\/p>\n<h6><strong><span style=\"color: #253e6a;\">Fuente: https:\/\/www.ons.org.br\/paginas\/sobre-o-sin\/o-sistema-em-numeros &#8211; Enero\/2024<\/span><\/strong><\/h6>\n<p>[\/vc_column_text][vc_column_text css=\u00bb.vc_custom_1679667243375{margin-bottom: 20px !important;}\u00bb]En Mayo de 2022, el Sistema El\u00e9ctrico Brasile\u00f1o alcanz\u00f3 a 183.082 km de l\u00edneas de transmisi\u00f3n, de los cuales aproximadamente el 37,44% del total corresponde a la clase de voltaje de 230 kV y el 39,06% a 500 kV.<\/p>\n<p>&nbsp;<\/p>\n<p><span style=\"color: #253e6a;\"><strong>La tabla siguiente muestra la red de transmisi\u00f3n de energ\u00eda el\u00e9ctrica en el Sistema El\u00e9ctrico Brasile\u00f1o<\/strong><\/span>[\/vc_column_text][vc_table el_class=\u00bbtabtrans\u00bb][bg#001141;c#ffffff;border_left;border_right;border_top;border_bottom;borders_all;b]EXTENSI%C3%93N%20DE%20LA%20RED%20DE%20TRANSMISI%C3%93N,[bg#001141;c#ffffff;border_right;border_top;border_bottom;borders_all;b;align-center]2022*%C2%B9%20-%20MW,[bg#001141;c#ffffff;border_right;border_top;border_bottom;borders_all;align-center]%25,[bg#001141;c#ffffff;border_right;border_top;border_bottom;borders_all;b;align-center]2027**%20-%20MW,[bg#001141;c#ffffff;border_right;border_top;border_bottom;borders_all;align-center]%25,[bg#001141;c#ffffff;border_right;border_top;border_bottom;borders_all;b;align-center]VARIACI%C3%93N%20-%20MW,[bg#001141;c#ffffff;border_right;border_top;border_bottom;borders_all;align-center]%25|[borders_all]800kV%20CC,[borders_all;align-right]9.204,[borders_all;align-center]5%2C13%25,[borders_all;align-right]20.800,[borders_all;align-center]7%2C69%25,[borders_all;align-right]11.596,[borders_all;align-center]126%25|[borders_all]750kV,[borders_all;align-right]2.683,[borders_all;align-center]1%2C50%25,[borders_all;align-right]2.683,[borders_all;align-center]0%2C99%25,[borders_all;align-right]0,[borders_all;align-center]0%25|[borders_all]600kV%20CC,[borders_all;align-right]12.816,[borders_all;align-center]7%2C15%25,[borders_all;align-right]12.816,[borders_all;align-center]4%2C74%25,[borders_all;align-right]0,[borders_all;align-center]0%25|[borders_all;b]500%2F525kV,[borders_all;b;align-right]70.044,[borders_all;b;align-center]39%2C06%25,[borders_all;b;align-right]105.792,[borders_all;b;align-center]39%2C10%25,[borders_all;b;align-right]35.748,[borders_all;b;align-center]51%25|[borders_all]440kV,[borders_all;align-right]6.934,[borders_all;align-center]3%2C87%25,[borders_all;align-right]8.623,[borders_all;align-center]3%2C19%25,[borders_all;align-right]1.689,[borders_all;align-center]24%25|[borders_all]345kV,[borders_all;align-right]10.491,[borders_all;align-center]5%2C85%25,[borders_all;align-right]24.265,[borders_all;align-center]8%2C97%25,[borders_all;align-right]13.774,[borders_all;align-center]131%25|[borders_all;b]230kV,[borders_all;b;align-right]67.137,[borders_all;b;align-center]37%2C44%25,[borders_all;b;align-right]95.557,[borders_all;b;align-center]35%2C32%25,[borders_all;b;align-right]28.420,[borders_all;b;align-center]42%25|[borders_all;b]Total,[borders_all;b;align-right]179.311,[borders_all;b;align-center]100%25,[borders_all;b;align-right]270.536,[borders_all;b;align-center]100%25,[borders_all;b;align-right]91.225,[borders_all;b;align-center]51%25[\/vc_table][vc_column_text css=\u00bb.vc_custom_1653065076568{margin-bottom: 30px !important;}\u00bb]<\/p>\n<h6>Fuente: * Bolet\u00edn mensual de monitoreo del sistema el\u00e9ctrico brasile\u00f1o \u2013 2022 (Sitio MME). ** Datos relevantes de la operaci\u00f3n\/2027 \u2013 PAR (Sitio ONS).<br \/>\n\u00b9 Considera las l\u00edneas de transmisi\u00f3n en operaci\u00f3n de la Red B\u00e1sica, conexiones de usinas, interconexiones internacionales y 190,0 km instalados en el sistema aislado de Boa Vista, Roraima.<\/h6>\n<p>[\/vc_column_text][vc_column_text css=\u00bb.vc_custom_1559920624385{margin-bottom: 20px !important;}\u00bb]A continuaci\u00f3n presentamos el mapa del sistema de transmisi\u00f3n brasile\u00f1o, seg\u00fan lo divulgado en el sitio de ONS.[\/vc_column_text][\/vc_column][\/vc_row][vc_row][vc_column][vc_single_image image=\u00bb159318&#8243; img_size=\u00bbfull\u00bb alignment=\u00bbcenter\u00bb][\/vc_column][\/vc_row]<\/p>\n<\/div><span class=\"et_bloom_bottom_trigger\"><\/span>","protected":false},"excerpt":{"rendered":"<p>[vc_row css=\u00bb.vc_custom_1552941059354{margin-bottom: 20px !important;}\u00bb][vc_column offset=\u00bbvc_hidden-sm vc_hidden-xs\u00bb][\/vc_column][\/vc_row][vc_row][vc_column][vc_column_text css=\u00bb.vc_custom_1710955534338{margin-bottom: 20px !important;}\u00bb]El Sistema Interconectado Nacional (SIN) es un sistema de generaci\u00f3n y transmisi\u00f3n de energ\u00eda el\u00e9ctrica de gran tama\u00f1o, operado por empresas de naturaleza p\u00fablica y privada, gestionado por el Operador Nacional del Sistema El\u00e9ctrico (ONS). Este sistema es responsable por la atenci\u00f3n de cerca del 99,9% del [&hellip;]<\/p>\n","protected":false},"author":1,"featured_media":4109,"parent":2459,"menu_order":6,"comment_status":"closed","ping_status":"closed","template":"","meta":{"footnotes":""},"class_list":["post-1940","page","type-page","status-publish","has-post-thumbnail","hentry"],"_links":{"self":[{"href":"https:\/\/ri.taesa.com.br\/es\/wp-json\/wp\/v2\/pages\/1940","targetHints":{"allow":["GET"]}}],"collection":[{"href":"https:\/\/ri.taesa.com.br\/es\/wp-json\/wp\/v2\/pages"}],"about":[{"href":"https:\/\/ri.taesa.com.br\/es\/wp-json\/wp\/v2\/types\/page"}],"author":[{"embeddable":true,"href":"https:\/\/ri.taesa.com.br\/es\/wp-json\/wp\/v2\/users\/1"}],"replies":[{"embeddable":true,"href":"https:\/\/ri.taesa.com.br\/es\/wp-json\/wp\/v2\/comments?post=1940"}],"version-history":[{"count":18,"href":"https:\/\/ri.taesa.com.br\/es\/wp-json\/wp\/v2\/pages\/1940\/revisions"}],"predecessor-version":[{"id":291433,"href":"https:\/\/ri.taesa.com.br\/es\/wp-json\/wp\/v2\/pages\/1940\/revisions\/291433"}],"up":[{"embeddable":true,"href":"https:\/\/ri.taesa.com.br\/es\/wp-json\/wp\/v2\/pages\/2459"}],"wp:featuredmedia":[{"embeddable":true,"href":"https:\/\/ri.taesa.com.br\/es\/wp-json\/wp\/v2\/media\/4109"}],"wp:attachment":[{"href":"https:\/\/ri.taesa.com.br\/es\/wp-json\/wp\/v2\/media?parent=1940"}],"curies":[{"name":"wp","href":"https:\/\/api.w.org\/{rel}","templated":true}]}}