{"id":2401,"date":"2020-08-19T12:00:58","date_gmt":"2020-08-19T15:00:58","guid":{"rendered":"http:\/\/ri.taesa.com.br\/?page_id=2401"},"modified":"2023-05-02T22:40:41","modified_gmt":"2023-05-03T01:40:41","slug":"cobertura-de-analistas","status":"publish","type":"page","link":"https:\/\/ri.taesa.com.br\/es\/servicios-a-los-inversores\/cobertura-de-analistas\/","title":{"rendered":"Cubrimiento de Analistas"},"content":{"rendered":"<div class=\"wpb-content-wrapper\"><p>[vc_row css=\u00bb.vc_custom_1548964729164{margin-bottom: 40px !important;}\u00bb el_id=\u00bbnomobile\u00bb][vc_column offset=\u00bbvc_hidden-sm vc_hidden-xs\u00bb]\n\t\t\t<!-- START analista REVOLUTION SLIDER 6.6.15 --><p class=\"rs-p-wp-fix\"><\/p>\n\t\t\t<rs-module-wrap id=\"rev_slider_9_1_wrapper\" data-source=\"gallery\" style=\"visibility:hidden;background:transparent;padding:0;margin:0px auto;margin-top:0;margin-bottom:0;\">\n\t\t\t\t<rs-module id=\"rev_slider_9_1\" style=\"\" data-version=\"6.6.15\">\n\t\t\t\t\t<rs-slides style=\"overflow: hidden; position: absolute;\">\n\t\t\t\t\t\t<rs-slide style=\"position: absolute;\" data-key=\"rs-9\" data-title=\"Slide\" data-anim=\"adpr:false;\">\n\t\t\t\t\t\t\t<img decoding=\"async\" src=\"\/\/ri.taesa.com.br\/wp-content\/plugins\/revslider\/public\/assets\/assets\/dummy.png\" alt=\"\" title=\"Cubrimiento de Analistas\" class=\"rev-slidebg tp-rs-img rs-lazyload\" data-lazyload=\"\/\/ri.taesa.com.br\/wp-content\/uploads\/2018\/11\/banners-analista.jpg\" data-no-retina>\n<!---->\t\t\t\t\t\t<\/rs-slide>\n\t\t\t\t\t<\/rs-slides>\n\t\t\t\t<\/rs-module>\n\t\t\t\t<script>\n\t\t\t\t\tsetREVStartSize({c: 'rev_slider_9_1',rl:[1240,1024,778,480],el:[],gw:[1366],gh:[300],type:'standard',justify:'',layout:'fullwidth',mh:\"0\"});if (window.RS_MODULES!==undefined && window.RS_MODULES.modules!==undefined && window.RS_MODULES.modules[\"revslider91\"]!==undefined) {window.RS_MODULES.modules[\"revslider91\"].once = false;window.revapi9 = undefined;if (window.RS_MODULES.checkMinimal!==undefined) window.RS_MODULES.checkMinimal()}\n\t\t\t\t<\/script>\n\t\t\t<\/rs-module-wrap>\n\t\t\t<!-- END REVOLUTION SLIDER -->\n[\/vc_column][\/vc_row][vc_row css=\u00bb.vc_custom_1544466863077{margin-bottom: 20px !important;}\u00bb][vc_column][vc_column_text]El seguimiento de TAESA es acompa\u00f1ada por los analistas mencionados abajo. Es importante notar que las opiniones, estimaciones y previsiones con relaci\u00f3n al desempe\u00f1o de TAESA efectuadas por esos analistas son exclusivas de los mismos y no representan opiniones o previsiones de la Compa\u00f1\u00eda o de su Direcci\u00f3n. TAESA no respalda dichas informaciones ni comparte esas opiniones, conclusiones o recomendaciones por la referencia mencionada abajo o por su distribuci\u00f3n. La Compa\u00f1\u00eda no asegura que la lista de analistas\u00a0 mencionada abajo est\u00e9 completa o actualizada y que las informaciones que se colocan a disposici\u00f3n est\u00e9n sujetas a la autorizaci\u00f3n de los respectivos analistas.[\/vc_column_text][\/vc_column][\/vc_row][vc_row equal_height=\u00bbyes\u00bb el_id=\u00bbanalistas\u00bb][vc_column width=\u00bb1\/3&#8243;][vc_row_inner el_class=\u00bbbox-bg\u00bb][vc_column_inner][vc_column_text el_class=\u00bbbox-analista\u00bb]<\/p>\n<h4><span class=\"vc_tta-title-text\">Banco do Brasil<\/span><\/h4>\n<p><a href=\"mailto:rafaeldias@bb.com.br\">Rafael Bezerra Dias<\/a>[\/vc_column_text][\/vc_column_inner][\/vc_row_inner][\/vc_column][vc_column width=\u00bb1\/3&#8243;][vc_column_text el_class=\u00bbbox-analista\u00bb]<\/p>\n<h4><span class=\"vc_tta-title-text\">Banco Safra<\/span><\/h4>\n<p><a href=\"mailto:daniel.travitzky@safra.com.br\">Daniel Travitsky<\/a><br \/>\n<a href=\"mailto:mario.wobeto@safra.com.br\">Mario Wobeto Pinto<\/a>[\/vc_column_text][\/vc_column][vc_column width=\u00bb1\/3&#8243;][vc_column_text el_class=\u00bbbox-analista\u00bb]<\/p>\n<h4><span class=\"vc_tta-title-text\">Bank of America Merrill Lynch<\/span><\/h4>\n<p><a href=\"mailto:arthur.pereira@bofa.com\">Arthur Pereira<\/a><br \/>\n<a href=\"mailto:gustavo.faria@bofa.com\">Gustavo Faria<\/a>[\/vc_column_text][\/vc_column][\/vc_row][vc_row equal_height=\u00bbyes\u00bb el_id=\u00bbanalistas\u00bb][vc_column width=\u00bb1\/3&#8243;][vc_column_text el_class=\u00bbbox-analista\u00bb]<\/p>\n<h4><span class=\"vc_tta-title-text\">Bradesco<\/span><\/h4>\n<p><a href=\"mailto:francisco.navarrete@bradescobbi.com.br\">Francisco Navarrete<\/a><br \/>\n<a href=\"mailto:andre.silveira@bradescobbi.com.br\">Andr\u00e9 Silveira<\/a><br \/>\n<a href=\"mailto:joao.fagundes@bradescobbi.com.br\">Jo\u00e3o Fagundes<\/a>[\/vc_column_text][\/vc_column][vc_column width=\u00bb1\/3&#8243;][vc_column_text el_class=\u00bbbox-analista\u00bb]<\/p>\n<h4><span class=\"vc_tta-title-text\">BTG Pactual<\/span><\/h4>\n<p><a href=\"mailto:joao.pimentel@btgpactual.com\">Jo\u00e3o Pimentel<\/a><br \/>\n<a href=\"mailto:gisele.gushiken@btgpactual.com\">Gisele Gushiken<\/a><br \/>\n[\/vc_column_text][\/vc_column][vc_column width=\u00bb1\/3&#8243;][vc_column_text el_class=\u00bbbox-analista\u00bb]<\/p>\n<h4><span class=\"vc_tta-title-text\">Credit Suisse<\/span><\/h4>\n<p><a href=\"mailto:carolina.carneiro@credit-suisse.com\">Carolina Carneiro<\/a><br \/>\n<a href=\"mailto:rafael.nagano@credit-suisse.com\">Rafael Nagano<\/a><br \/>\n<a href=\"mailto:bruno.oyamata@credit-suisse.com\">Bruno H. Oyamata<\/a>[\/vc_column_text][\/vc_column][\/vc_row][vc_row equal_height=\u00bbyes\u00bb el_id=\u00bbanalistas\u00bb][vc_column width=\u00bb1\/3&#8243;][vc_column_text el_class=\u00bbbox-analista\u00bb]<\/p>\n<h4><span class=\"vc_tta-title-text\">Genial Investimentos<\/span><\/h4>\n<p><a href=\"mailto:vitor.sousa@genial.com.vc\">Vitor Sousa<\/a>[\/vc_column_text][\/vc_column][vc_column width=\u00bb1\/3&#8243;][vc_column_text el_class=\u00bbbox-analista\u00bb]<\/p>\n<h4><strong>Goldman Sachs<\/strong><\/h4>\n<p><a href=\"mailto:pedro.manfredini@gs.com\">Pedro Manfredini<\/a><br \/>\n<a href=\"mailto:Flavia.Sounis@gs.com\">Flavia Sounis\u00a0\u00a0<\/a><br \/>\n<a href=\"mailto:bruno.vidal@gs.com\">Bruno Vidal<\/a>[\/vc_column_text][\/vc_column][vc_column width=\u00bb1\/3&#8243;][vc_column_text el_class=\u00bbbox-analista\u00bb]<\/p>\n<h4><span class=\"vc_tta-title-text\">Ita\u00fa BBA<\/span><\/h4>\n<p><a href=\"mailto:marcelo.a-sa@itaubba.com\">Marcelo S\u00e1<\/a><br \/>\n<a href=\"mailto:luiza.candiota@itaubba.com\">Luiza Candiota<\/a><br \/>\n<a href=\"mailto:fillipe.andrade@itaubba.com\">Fillipe Andrade<\/a><br \/>\n<a href=\"mailto:matheus.marques@itaubba.com\">Matheus Marques<\/a><br \/>\n<a href=\"mailto:victor.cunha@itaubba.com\">Victor Cunha<\/a>[\/vc_column_text][\/vc_column][\/vc_row][vc_row equal_height=\u00bbyes\u00bb el_id=\u00bbanalistas\u00bb][vc_column width=\u00bb1\/3&#8243;][vc_column_text el_class=\u00bbbox-analista\u00bb]<\/p>\n<h4><span class=\"vc_tta-title-text\">JP Morgan<\/span><\/h4>\n<p><a href=\"mailto:fernando.abdalla@jpmresearchmail.com\">Fernando Abdalla<\/a><br \/>\n<a href=\"mailto:henrique.peretti@jpmorgan.com\">Henrique Peretti<\/a><br \/>\n<a href=\"mailto:victor.burke@jpmchase.com\">Victor Burke<\/a>[\/vc_column_text][vc_column_text el_class=\u00bbbox-analista\u00bb]<\/p>\n<h4><span class=\"vc_tta-title-text\">XP<\/span><\/h4>\n<p><a href=\"mailto:herbert.suede@xpi.com.br\">Herbert Suede<\/a><br \/>\n<a href=\"mailto:maira.maldonado@xpi.com.br\">Ma\u00edra Maldonado<\/a>[\/vc_column_text][\/vc_column][vc_column width=\u00bb1\/3&#8243;][vc_column_text el_class=\u00bbbox-analista\u00bb]<\/p>\n<h4><span class=\"vc_tta-title-text\">Morgan Stanley<\/span><\/h4>\n<p><a href=\"mailto:alexandre.zimmermann@morganstanley.com\">Alexandre Zimmermann<\/a><br \/>\n<a href=\"mailto:fernando.amaral@morganstanley.com\">Fernando P Amaral<\/a><br \/>\n<a href=\"mailto:miguel.rodrigues@morganstanley.com\">Miguel F Rodrigues<\/a>[\/vc_column_text][vc_column_text el_class=\u00bbbox-analista\u00bb]<\/p>\n<h4><span class=\"vc_tta-title-text\">TC Matrix<\/span><\/h4>\n<p><a href=\"mailto:arlindo.souza@tc.com.br\">Arlindo Souza<\/a>[\/vc_column_text][\/vc_column][vc_column width=\u00bb1\/3&#8243;][vc_column_text el_class=\u00bbbox-analista\u00bb]<\/p>\n<h4><span class=\"vc_tta-title-text\">Santander<\/span><\/h4>\n<p><a href=\"mailto:ansampaio@santander.com.br\">Andr\u00e9 de Mello Sampaio<\/a><br \/>\n<a href=\"mailto:guilhermelima@santander.com.br\">Guilherme Lima<\/a><br \/>\n<a href=\"mailto:julia.zaniolo@santander.com.br\">Julia Garbe Zaniolo <\/a>[\/vc_column_text][\/vc_column][\/vc_row]<\/p>\n<\/div><span class=\"et_bloom_bottom_trigger\"><\/span>","protected":false},"excerpt":{"rendered":"<p>[vc_row css=\u00bb.vc_custom_1548964729164{margin-bottom: 40px !important;}\u00bb el_id=\u00bbnomobile\u00bb][vc_column offset=\u00bbvc_hidden-sm vc_hidden-xs\u00bb][\/vc_column][\/vc_row][vc_row css=\u00bb.vc_custom_1544466863077{margin-bottom: 20px !important;}\u00bb][vc_column][vc_column_text]El seguimiento de TAESA es acompa\u00f1ada por los analistas mencionados abajo. Es importante notar que las opiniones, estimaciones y previsiones con relaci\u00f3n al desempe\u00f1o de TAESA efectuadas por esos analistas son exclusivas de los mismos y no representan opiniones o previsiones de la Compa\u00f1\u00eda o de [&hellip;]<\/p>\n","protected":false},"author":1,"featured_media":2336,"parent":2444,"menu_order":4,"comment_status":"closed","ping_status":"closed","template":"","meta":{"footnotes":""},"class_list":["post-2401","page","type-page","status-publish","has-post-thumbnail","hentry"],"_links":{"self":[{"href":"https:\/\/ri.taesa.com.br\/es\/wp-json\/wp\/v2\/pages\/2401","targetHints":{"allow":["GET"]}}],"collection":[{"href":"https:\/\/ri.taesa.com.br\/es\/wp-json\/wp\/v2\/pages"}],"about":[{"href":"https:\/\/ri.taesa.com.br\/es\/wp-json\/wp\/v2\/types\/page"}],"author":[{"embeddable":true,"href":"https:\/\/ri.taesa.com.br\/es\/wp-json\/wp\/v2\/users\/1"}],"replies":[{"embeddable":true,"href":"https:\/\/ri.taesa.com.br\/es\/wp-json\/wp\/v2\/comments?post=2401"}],"version-history":[{"count":19,"href":"https:\/\/ri.taesa.com.br\/es\/wp-json\/wp\/v2\/pages\/2401\/revisions"}],"predecessor-version":[{"id":177600,"href":"https:\/\/ri.taesa.com.br\/es\/wp-json\/wp\/v2\/pages\/2401\/revisions\/177600"}],"up":[{"embeddable":true,"href":"https:\/\/ri.taesa.com.br\/es\/wp-json\/wp\/v2\/pages\/2444"}],"wp:featuredmedia":[{"embeddable":true,"href":"https:\/\/ri.taesa.com.br\/es\/wp-json\/wp\/v2\/media\/2336"}],"wp:attachment":[{"href":"https:\/\/ri.taesa.com.br\/es\/wp-json\/wp\/v2\/media?parent=2401"}],"curies":[{"name":"wp","href":"https:\/\/api.w.org\/{rel}","templated":true}]}}