{"id":2410,"date":"2024-03-12T12:11:40","date_gmt":"2024-03-12T15:11:40","guid":{"rendered":"http:\/\/ri.taesa.com.br\/?page_id=2410"},"modified":"2024-08-22T15:01:53","modified_gmt":"2024-08-22T18:01:53","slug":"remuneracion-a-los-accionistas","status":"publish","type":"page","link":"https:\/\/ri.taesa.com.br\/es\/informacion-financiera\/remuneracion-a-los-accionistas\/","title":{"rendered":"Remuneraci\u00f3n a los Accionistas"},"content":{"rendered":"<div class=\"wpb-content-wrapper\"><p>[vc_row css=\u00bb.vc_custom_1548953506759{margin-bottom: 20px !important;}\u00bb el_id=\u00bbnomobile\u00bb][vc_column offset=\u00bbvc_hidden-sm vc_hidden-xs\u00bb]\n\t\t\t<!-- START dividendos REVOLUTION SLIDER 6.6.15 --><p class=\"rs-p-wp-fix\"><\/p>\n\t\t\t<rs-module-wrap id=\"rev_slider_19_1_wrapper\" data-source=\"gallery\" style=\"visibility:hidden;background:transparent;padding:0;margin:0px auto;margin-top:0;margin-bottom:0;\">\n\t\t\t\t<rs-module id=\"rev_slider_19_1\" style=\"\" data-version=\"6.6.15\">\n\t\t\t\t\t<rs-slides style=\"overflow: hidden; position: absolute;\">\n\t\t\t\t\t\t<rs-slide style=\"position: absolute;\" data-key=\"rs-19\" data-title=\"Slide\" data-anim=\"adpr:false;\">\n\t\t\t\t\t\t\t<img decoding=\"async\" src=\"\/\/ri.taesa.com.br\/wp-content\/plugins\/revslider\/public\/assets\/assets\/dummy.png\" alt=\"\" title=\"Remuneraci\u00f3n a los Accionistas\" class=\"rev-slidebg tp-rs-img rs-lazyload\" data-lazyload=\"\/\/ri.taesa.com.br\/wp-content\/uploads\/2018\/11\/dividendos.jpg\" data-no-retina>\n<!---->\t\t\t\t\t\t<\/rs-slide>\n\t\t\t\t\t<\/rs-slides>\n\t\t\t\t<\/rs-module>\n\t\t\t\t<script>\n\t\t\t\t\tsetREVStartSize({c: 'rev_slider_19_1',rl:[1240,1024,778,480],el:[],gw:[1366],gh:[300],type:'standard',justify:'',layout:'fullwidth',mh:\"0\"});if (window.RS_MODULES!==undefined && window.RS_MODULES.modules!==undefined && window.RS_MODULES.modules[\"revslider191\"]!==undefined) {window.RS_MODULES.modules[\"revslider191\"].once = false;window.revapi19 = undefined;if (window.RS_MODULES.checkMinimal!==undefined) window.RS_MODULES.checkMinimal()}\n\t\t\t\t<\/script>\n\t\t\t<\/rs-module-wrap>\n\t\t\t<!-- END REVOLUTION SLIDER -->\n[\/vc_column][\/vc_row][vc_row][vc_column][vc_column_text css=\u00bb\u00bb]De acuerdo con el Estatuto Social de la Compa\u00f1\u00eda, en el <a href=\"http:\/\/ri.taesa.com.br\/es\/gobernanza-corporativa\/estatuto\/#1544036796081-935c5efa-ce91\" target=\"_blank\" rel=\"noopener noreferrer\">Cap\u00edtulo VI &#8211; Ejercicio Social y Utilidades<\/a>: \u201cLos Accionistas tienen derecho a un dividendo anual no acumulativo de por menos 50% (cincuenta por ciento) de la utilidad neta ajustada del ejercicio, de conformidad con el Art\u00edculo 202 de la Ley de Sociedades por Acciones.\u201d La Compa\u00f1\u00eda ha presentado un historial de pago de dividendos muy por encima de la remuneraci\u00f3n m\u00ednima que figura en el texto anterior de su Estatuto, siguiendo las mejores pr\u00e1cticas de gobernanza corporativa y su estrategia corporativa.<\/p>\n<p>El 08\/05\/2024, TAESA anunci\u00f3, a trav\u00e9s de <a href=\"https:\/\/ri.taesa.com.br\/wp-content\/uploads\/2024\/05\/20240508-Fato-Relevante-Proposta-de-Distribuicao-de-Proventos-v.Espanhol.pdf\" target=\"_blank\" rel=\"noopener\">Hecho Relevante<\/a>, su propuesta de distribuci\u00f3n de utilidades. Con el objetivo de ejecutar la planificaci\u00f3n estrat\u00e9gica y brindar mayor previsibilidad por parte del mercado, la base de c\u00e1lculo para la distribuci\u00f3n de las utilidades de la Compa\u00f1\u00eda ser\u00e1 el beneficio neto regulat\u00f3rio. Para el ejercicio 2024, la distribuci\u00f3n de utilidades propuesta ser\u00e1 de al menos el 75% del beneficio neto regulatorio. A partir del ejercicio 2025, la intenci\u00f3n de la Compa\u00f1\u00eda es proponer la distribuci\u00f3n de las utilidades entre el 90% y el 100% del beneficio neto regulatorio. La propuesta no modifica la distribuci\u00f3n de dividendos m\u00ednimos obligatorios prevista en los Estatutos Sociales de Taesa, que consiste en un dividendo anual no acumulativo de al menos el 50% del beneficio neto ajustado del ejercicio.[\/vc_column_text][\/vc_column][\/vc_row][vc_row][vc_column width=\u00bb1\/6&#8243;][\/vc_column][vc_column width=\u00bb2\/3&#8243;][vc_video link=\u00bbhttps:\/\/www.youtube.com\/watch?v=WqX8ZgI7_-k\u00bb align=\u00bbcenter\u00bb css=\u00bb\u00bb][\/vc_column][vc_column width=\u00bb1\/6&#8243;][\/vc_column][\/vc_row][vc_row css=\u00bb.vc_custom_1552078057856{margin-top: 20px !important;margin-bottom: 10px !important;}\u00bb][vc_column][vc_column_text]<\/p>\n<h4>Dividendos e Intereses sobre el Capital Propio (JCP)<\/h4>\n<p>[\/vc_column_text][\/vc_column][\/vc_row][vc_row css=\u00bb.vc_custom_1552328186619{margin-right: 0px !important;margin-left: 0px !important;}\u00bb][vc_column offset=\u00bbvc_hidden-sm vc_hidden-xs\u00bb][vc_row_inner css=\u00bb.vc_custom_1554735266238{margin-bottom: 20px !important;border-top-width: 1px !important;border-right-width: 1px !important;border-bottom-width: 1px !important;border-left-width: 1px !important;border-left-color: #eaeaea !important;border-left-style: solid !important;border-right-color: #eaeaea !important;border-right-style: solid !important;border-top-color: #eaeaea !important;border-top-style: solid !important;border-bottom-color: #eaeaea !important;border-bottom-style: solid !important;}\u00bb][vc_column_inner][vc_single_image image=\u00bb293612&#8243; img_size=\u00bbfull\u00bb alignment=\u00bbcenter\u00bb css=\u00bb\u00bb][vc_column_text css=\u00bb\u00bb]<\/p>\n<h6><span class=\"ui-provider a b c d e f g h i j k l m n o p q r s t u v w x y z ab ac ae af ag ah ai aj ak\" dir=\"ltr\">(1) Considera intereses sobre el capital propio de R$ 144,9 MM a pagar en junio de 2024, anunciado en el comunicado de resultados del 1T24.<\/span><\/h6>\n<p>[\/vc_column_text][\/vc_column_inner][\/vc_row_inner][\/vc_column][\/vc_row][vc_row css=\u00bb.vc_custom_1552328186619{margin-right: 0px !important;margin-left: 0px !important;}\u00bb][vc_column offset=\u00bbvc_hidden-lg vc_hidden-md\u00bb][vc_row_inner css=\u00bb.vc_custom_1554735266238{margin-bottom: 20px !important;border-top-width: 1px !important;border-right-width: 1px !important;border-bottom-width: 1px !important;border-left-width: 1px !important;border-left-color: #eaeaea !important;border-left-style: solid !important;border-right-color: #eaeaea !important;border-right-style: solid !important;border-top-color: #eaeaea !important;border-top-style: solid !important;border-bottom-color: #eaeaea !important;border-bottom-style: solid !important;}\u00bb][vc_column_inner][vc_single_image image=\u00bb292900&#8243; img_size=\u00bbfull\u00bb alignment=\u00bbcenter\u00bb css=\u00bb\u00bb][vc_column_text css=\u00bb\u00bb]<\/p>\n<h6><span class=\"ui-provider a b c d e f g h i j k l m n o p q r s t u v w x y z ab ac ae af ag ah ai aj ak\" dir=\"ltr\">(1) Considera intereses sobre el capital propio de R$ 144,9 MM a pagar en junio de 2024, anunciado en el comunicado de resultados del 1T24.<\/span><\/h6>\n<p>[\/vc_column_text][\/vc_column_inner][\/vc_row_inner][\/vc_column][\/vc_row][vc_row][vc_column][vc_column_text]<\/p>\n<h4>Dividend Yield*<\/h4>\n<p>[\/vc_column_text][\/vc_column][\/vc_row][vc_row][vc_column][vc_table][bg#001141;c#ffffff;b;align-center]2015,[bg#001141;c#ffffff;b;align-center]2016,[bg#001141;c#ffffff;align-center;b]2017,[bg#001141;c#ffffff;align-center;b]2018,[bg#001141;c#ffffff;align-center;b]2019,[bg#001141;c#ffffff;align-center;b]2020,[bg#001141;c#ffffff;b;align-center]2021,[bg#001141;c#ffffff;align-center;b]2022,[bg#001141;c#ffffff;align-center;b]2023|[align-center]13%2C1%25,[align-center]13%2C0%25,[align-center]8%2C3%25,[align-center]11%2C8%25,[align-center]6%2C1%25,[align-center]9%2C6%25,[align-center]12%2C4%25,[align-center]14%2C0%25,[align-center]7%2C6%25[\/vc_table][vc_column_text]<\/p>\n<h6><em>* El Dividend Yield se calcula con base en el dividendo pagado por acci\u00f3n dividida por el precio de la acci\u00f3n, que en el caso de esta tabla, considera el valor de la acci\u00f3n del 31 de diciembre del a\u00f1o corriente del pago de dividendos.<\/em><\/h6>\n<p>[\/vc_column_text][\/vc_column][\/vc_row][vc_row css=\u00bb.vc_custom_1561969019236{margin-top: 20px !important;margin-bottom: 20px !important;}\u00bb][vc_column][vc_column_text]<a class=\"btn btn-cor-secundaria btn-responsive no-underline\" href=\"https:\/\/ri.taesa.com.br\/wp-content\/uploads\/2022\/09\/Dividendos-site-espanhol-12-03.xlsx\" target=\"_blank\"><i class=\"taesa-download\"><\/i>  Descargar \u2013 Hist\u00f3rico de Pago de Dividendos<\/a>[\/vc_column_text][\/vc_column][\/vc_row][vc_row css=\u00bb.vc_custom_1551205462519{margin-top: 30px !important;}\u00bb][vc_column]<div id=\"app\">\n\n    <div class=\"form-row\">\n\t\t            <div class=\"col-12 col-md mb-4\">\n                <select @change=\"filtro()\" v-model=\"post_selecionado\" name=\"slug_pt\" id=\"\" class=\"form-control\">\n                    <option value=\"\">Todas las categor\u00edas<\/option>\n                    <option v-for=\"meus_post in meus_posts\" :value=\"meus_post.slug\" v-html=\"meus_post.titulo\"><\/option>\n                <\/select>\n            <\/div>\n\t\t\t\t            <div class=\"col-12 col-md mb-4\">\n                <select @change=\"filtro()\" v-model=\"ano_selecionado\" name=\"ano\" id=\"\" class=\"form-control\">\n                    <option value=\"\">Todos los a\u00f1os<\/option>\n                    <option v-for=\"ano in anos\" :value=\"ano\" v-text=\"ano\"><\/option>\n                <\/select>\n            <\/div>\n\t\t\t\t            <div class=\"col-12 col-md mb-4\">\n                <div class=\"form-content taesa-search\">\n                    <input placeholder=\"Buscar\" v-model=\"busca\" name=\"busca\" value=\"\" class=\"form-control\" type=\"text\">\n\n                <\/div>\n            <\/div>\n\t\t        <div class=\"col-12 col-md mb-4 text-right align-self-center\">\n            <small>{{resposta.count}} resultados<\/small>\n        <\/div>\n    <\/div>\n\n    <div style=\"min-height: 200px;\" class=\"mb-4 position-relative\">\n        <div v-if=\"isLoading\" class=\"lds-rolling\"><\/div>\n        <div v-for=\"(post,idx) in posts\" class=\"carregado\" :class=\"{carregando:isLoading}\">\n\n            <a href :href=\"post.link\" @click=\"isZip($event,idx)\" :target=\"post.target_link\" class=\"no-underline\">\n                <div class=\"noticia d-block d-lg-flex\">\n\t\t\t\t\t                        <div class=\"data col-12 col-lg-1\">\n                            <div class=\"d-flex align-items-center justify-content-center\">\n                                <div class=\"text-center\" style=\"line-height: 1.2;\">\n                                    <p class=\"text-uppercase d-inline-block d-lg-block\" v-text=\"post.d_M\"><\/p>\n                                    <small class=\"fs-16 fs-lg-12\" v-text=\"post.ano\"><\/small>\n                                <\/div>\n                            <\/div>\n\n                        <\/div>\n\t\t\t\t\t                    <div class=\"texto col-12 col-lg-11\">\n                        <div class=\"d-block d-lg-flex align-items-center\">\n                            <div class=\"col-12 col-lg-10 p-0\">\n                                <div class=\"d-flex align-items-center\">\n                                    <i style=\"font-size: 2rem;\" class=\"text-cor-secundaria d-inline-block align-middle mr-3\" :class=\"post.icone_pt\"><\/i>\n                                    <div>\n                                        <!--span class=\"\" v-html=\"post.titulo_pt\"><\/span> <span>|<\/span-->\n                                        <span v-html=\"post.titulo\"><\/span>\n                                    <\/div>\n\n                                <\/div>\n                            <\/div>\n                            <div class=\"col-12 col-lg-2 p-0 text-center d-none d-lg-block text-lg-right\">\n                                <i style=\"font-size: 1.5rem;\" v-if=\"!post.documento_multi\" :class=\"post.icone_link\" class=\"text-cor-secundaria d-inline-block align-middle\"><\/i>\n                                <i style=\"font-size: 1.5rem;\" v-if=\"post.documento_multi\" class=\"taesa-zip text-cor-secundaria d-inline-block align-middle\"><\/i>\n                            <\/div>\n                        <\/div>\n\n                    <\/div>\n                <\/div>\n            <\/a>\n\n        <\/div>\n    <\/div>\n\n\n    <nav v-if=\"paginas.length > 0 && !isLoading\" aria-label=\"Page navigation example\">\n        <ul class=\"pagination justify-content-center\">\n            <li class=\"page-item\">\n                <button class=\"page-link\" v-if=\"currentPage > 1\" @click=\"gotoPageAjax(1)\" aria-label=\"Previous\">\n                    <<\n                <\/button>\n            <\/li>\n            <li class=\"page-item\">\n                <button class=\"page-link\" v-if=\"currentPage > 1\" @click=\"prevPageAjax\" aria-label=\"Previous\">\n                    <i class=\"taesa-prev\"><\/i>\n                <\/button>\n            <\/li>\n            <li class=\"page-item\" :class=\"{'active':currentPage === pagina}\" v-for=\"(pagina,index) in paginas\">\n                <button class=\"page-link\" @click=\"gotoPageAjax(pagina)\" :disabled=\"currentPage === pagina || carregandoPagina || pagina === '...' \" v-text=\"pagina\"><\/button>\n            <\/li>\n            <li class=\"page-item\">\n                <button class=\"page-link\" v-if=\"currentPage < qtdPagina\" @click=\"nextPageAjax\" aria-label=\"Next\">\n                    <i class=\"taesa-next\"><\/i>\n                <\/button>\n            <\/li>\n            <li class=\"page-item\">\n                <button class=\"page-link\" v-if=\"currentPage < qtdPagina\" @click=\"gotoPageAjax(qtdPagina)\" aria-label=\"Next\">\n                    >>\n                <\/button>\n            <\/li>\n        <\/ul>\n    <\/nav>\n\n<\/div>\n\n<script type=\"application\/javascript\">\n    attrs = {\"pt\":\"aviso-acionistas\",\"ppp\":10,\"slug\":\"all\",\"cat\":\"\",\"exccat\":\"nao-dividendo\",\"orderby\":\"\",\"order\":\"\",\"taxonomy\":\"\",\"semdata\":\"0\",\"semcat\":\"0\",\"semanos\":\"0\",\"sembusca\":\"0\"};\n    var app = new Vue({\n        el: '#app',\n        data: {\n            resposta: {},\n            meus_posts: [],\n            posts: [],\n            anos: [],\n            busca: \"\",\n            post_selecionado: \"\",\n            ano_selecionado: \"\",\n            currentPage: 1,\n            pageNumber: 0,\n            postsPerPage: 10,\n            paginas: [],\n            qtdPagina: 0,\n            maxPaginas: 3,\n            pagina: 0,\n            carregandoPagina: false,\n            isLoading: true,\n            doSearch: _.debounce(function () {\n                this.filtro();\n            }, 1000)\n        },\n        watch: {\n            busca: function (newvalue, oldvalue) {\n                if (newvalue.length >= 3 && newvalue !== oldvalue) {\n                    this.busca = newvalue;\n                    this.pagina = 0;\n                    this.pageNumber = 0;\n                    this.doSearch();\n                }\n            }\n        },\n        methods: {\n\n            loadData: function (param) {\n                var vm = this;\n                vm.carregandoPagina = true;\n                vm.isLoading = true;\n                axios.get(ajaxurl + '?' + param).then(function (response) {\n\n                    var data_ajax = response.data.data;\n\n                    \/\/console.log(data_ajax);\n\n                    if (data_ajax.count >= 0) {\n                        \/\/console.log(\"valido\");\n                        vm.resposta = data_ajax;\n                        vm.posts = data_ajax.post.posts;\n\n                        if (vm.meus_posts.length === 0) {\n                            vm.meus_posts = data_ajax.meuspt.posts;\n                        }\n\n                        \/\/vm.postsPerPage = data_ajax.max_num_pages;\n                        vm.qtdPagina = Math.ceil(data_ajax.count \/ vm.postsPerPage);\n\n                        if (vm.qtdPagina > 1) {\n                            vm.paginas = Array.apply(null, {length: vm.qtdPagina}).map(function (value, index) {\n                                return index + 1;\n                            });\n                            if (vm.qtdPagina > vm.maxPaginas + 5) {\n                                vm.cortePagina();\n\n                            }\n                        } else {\n                            vm.paginas = [];\n                        }\n\n                        \/\/ for (var x = 0; x <= data_ajax.filtro.tamanho; x++) {\n                        \/\/     vm.anos.push((data_ajax.filtro.current_year - x));\n                        \/\/ }\n\n                        vm.anos = data_ajax.anos;\n\n                    }\n                    vm.isLoading = false;\n                    vm.carregandoPagina = false;\n                });\n\n            },\n\n            filtro: function () {\n                \/\/console.log(this.busca);\n                this.currentPage = 1;\n                var param = jQuery.param({\n                    action: 'meuspts',\n                    pt: this.post_selecionado != '' ? this.post_selecionado : attrs['pt'],\n                    slugs: attrs['pt'],\n                    ano: this.ano_selecionado != '' ? this.ano_selecionado : '',\n                    ppp: this.postsPerPage,\n                    cat: attrs['cat'],\n                    exccat: attrs['exccat'],\n                    lang: lang,\n                    busca: this.busca != '' ? this.busca : '',\n                });\n\n                this.loadData(param);\n            },\n\n            nextPageAjax: function () {\n                this.currentPage++;\n                var param = jQuery.param({\n                    action: 'meuspts',\n                    pt: this.post_selecionado != '' ? this.post_selecionado : attrs['pt'],\n                    slugs: attrs['pt'],\n                    ano: this.ano_selecionado != '' ? this.ano_selecionado : '',\n                    ppp: this.postsPerPage,\n                    p: this.currentPage,\n                    cat: attrs['cat'],\n                    exccat: attrs['exccat'],\n                    lang: lang,\n                    busca: this.busca != '' ? this.busca : '',\n                });\n\n                this.loadData(param);\n            },\n            gotoPageAjax: function (pg) {\n                this.currentPage = pg;\n\n                var param = jQuery.param({\n                    action: 'meuspts',\n                    pt: this.post_selecionado != '' ? this.post_selecionado : attrs['pt'],\n                    slugs: attrs['pt'],\n                    ano: this.ano_selecionado != '' ? this.ano_selecionado : '',\n                    ppp: this.postsPerPage,\n                    p: this.currentPage,\n                    cat: attrs['cat'],\n                    exccat: attrs['exccat'],\n                    lang: lang,\n                    busca: this.busca != '' ? this.busca : '',\n                });\n\n                this.loadData(param);\n\n            },\n            prevPageAjax: function () {\n                this.currentPage--;\n                var param = jQuery.param({\n                    action: 'meuspts',\n                    pt: this.post_selecionado != '' ? this.post_selecionado : attrs['pt'],\n                    slugs: attrs['pt'],\n                    ano: this.ano_selecionado != '' ? this.ano_selecionado : '',\n                    ppp: this.postsPerPage,\n                    p: this.currentPage,\n                    cat: attrs['cat'],\n                    exccat: attrs['exccat'],\n                    lang: lang,\n                    busca: this.busca != '' ? this.busca : '',\n                });\n\n                this.loadData(param);\n            },\n\n            cortePagina: function () {\n\n                var pagina_inicio = [];\n                var pagina_end = [];\n\n                \/\/console.log(this.currentPage);\n\n                var min = this.currentPage - 1;\n\n                var max = this.maxPaginas + (this.currentPage - 1);\n\n                if (this.currentPage > 1) {\n                    min = min - 1;\n                }\n\n                pagina_inicio = _.slice(this.paginas, min, max);\/\/0,3 1,4 2,5\n                pagina_end = _.slice(this.paginas, -(this.maxPaginas));\n\n                var diferenca = _.difference(pagina_inicio, pagina_end);\n\n                if (this.currentPage === 1 || diferenca.length === this.maxPaginas + 1) {\n                    pagina_inicio.push(\"...\");\n                }\n\n                var juntar = _.union(pagina_inicio, pagina_end);\n\n                if (this.paginas.length === this.currentPage) {\n                    juntar.sort();\n                }\n\n                \/\/console.log(pagina_inicio, pagina_end, juntar, diferenca);\n\n                this.paginas = juntar;\n\n            },\n\n            isZip: function (e, idx) {\n                \/\/console.log(this.posts[idx].documento_multi);\n                if (this.posts[idx].documento_multi !== false) {\n                    e.preventDefault();\n                    const urls = this.posts[idx].documento_multi.map(function (x) {\n                        return x.replace('http:\/\/', 'https:\/\/')\n                    });\n                    this.downloadUrls(urls, this.posts[idx].id);\n                }\n\n            },\n\n            downloadUrls: function (urls, id) {\n                var vm = this;\n                var zip = new JSZip();\n\n                Promise.all(urls.map(function (url) {\n                    return vm.request(url, zip)\n                }))\n                    .then(function () {\n                        zip.generateAsync({\n                            type: \"blob\"\n                        })\n                            .then(function (content) {\n                                saveAs(content, \"doc_\" + id + \".zip\");\n                            });\n                    })\n\n            },\n\n            request: function (url, zip) {\n\n                return new Promise(function (resolve) {\n\n                    JSZipUtils.getBinaryContent(url, function (err, data) {\n                        if (!err) {\n                            var filename = url.substr(url.lastIndexOf('\/') + 1);\n                            var dic = {binary: true};\n                            zip.file(filename, data, dic);\n                            resolve()\n\n                        }\n                    });\n\n                })\n\n            },\n\n        },\n        computed: {},\n        created: function () {\n\n            var param = jQuery.param({\n                action: 'meuspts',\n                pt: attrs['pt'],\n                slugs: attrs['pt'],\n                ppp: this.postsPerPage,\n                cat: attrs['cat'],\n                exccat: attrs['exccat'],\n                lang: lang,\n            });\n\n            this.loadData(param);\n        }\n    });\n<\/script>\n[vc_column_text]<\/p>\n<h6><em><strong>(*) Informaci\u00f3n disponible solo en portugu\u00e9s.<\/strong><\/em><\/h6>\n<p>[\/vc_column_text][\/vc_column][\/vc_row]<\/p>\n<\/div><span class=\"et_bloom_bottom_trigger\"><\/span>","protected":false},"excerpt":{"rendered":"<p>[vc_row css=\u00bb.vc_custom_1548953506759{margin-bottom: 20px !important;}\u00bb el_id=\u00bbnomobile\u00bb][vc_column offset=\u00bbvc_hidden-sm vc_hidden-xs\u00bb][\/vc_column][\/vc_row][vc_row][vc_column][vc_column_text css=\u00bb\u00bb]De acuerdo con el Estatuto Social de la Compa\u00f1\u00eda, en el Cap\u00edtulo VI &#8211; Ejercicio Social y Utilidades: \u201cLos Accionistas tienen derecho a un dividendo anual no acumulativo de por menos 50% (cincuenta por ciento) de la utilidad neta ajustada del ejercicio, de conformidad con el Art\u00edculo 202 [&hellip;]<\/p>\n","protected":false},"author":1,"featured_media":1638,"parent":2429,"menu_order":1,"comment_status":"closed","ping_status":"closed","template":"","meta":{"footnotes":""},"class_list":["post-2410","page","type-page","status-publish","has-post-thumbnail","hentry"],"_links":{"self":[{"href":"https:\/\/ri.taesa.com.br\/es\/wp-json\/wp\/v2\/pages\/2410","targetHints":{"allow":["GET"]}}],"collection":[{"href":"https:\/\/ri.taesa.com.br\/es\/wp-json\/wp\/v2\/pages"}],"about":[{"href":"https:\/\/ri.taesa.com.br\/es\/wp-json\/wp\/v2\/types\/page"}],"author":[{"embeddable":true,"href":"https:\/\/ri.taesa.com.br\/es\/wp-json\/wp\/v2\/users\/1"}],"replies":[{"embeddable":true,"href":"https:\/\/ri.taesa.com.br\/es\/wp-json\/wp\/v2\/comments?post=2410"}],"version-history":[{"count":24,"href":"https:\/\/ri.taesa.com.br\/es\/wp-json\/wp\/v2\/pages\/2410\/revisions"}],"predecessor-version":[{"id":293615,"href":"https:\/\/ri.taesa.com.br\/es\/wp-json\/wp\/v2\/pages\/2410\/revisions\/293615"}],"up":[{"embeddable":true,"href":"https:\/\/ri.taesa.com.br\/es\/wp-json\/wp\/v2\/pages\/2429"}],"wp:featuredmedia":[{"embeddable":true,"href":"https:\/\/ri.taesa.com.br\/es\/wp-json\/wp\/v2\/media\/1638"}],"wp:attachment":[{"href":"https:\/\/ri.taesa.com.br\/es\/wp-json\/wp\/v2\/media?parent=2410"}],"curies":[{"name":"wp","href":"https:\/\/api.w.org\/{rel}","templated":true}]}}