{"id":2416,"date":"2018-11-28T12:11:01","date_gmt":"2018-11-28T14:11:01","guid":{"rendered":"http:\/\/ri.taesa.com.br\/?page_id=2416"},"modified":"2024-08-13T11:25:39","modified_gmt":"2024-08-13T14:25:39","slug":"central-de-resultados","status":"publish","type":"page","link":"https:\/\/ri.taesa.com.br\/es\/divulgacion-al-mercado\/central-de-resultados\/","title":{"rendered":"Central de Resultados"},"content":{"rendered":"<div class=\"wpb-content-wrapper\"><p>[vc_row css=\u00bb.vc_custom_1548944254528{margin-bottom: 20px !important;}\u00bb el_id=\u00bbnomobile\u00bb][vc_column offset=\u00bbvc_hidden-sm vc_hidden-xs\u00bb]\n\t\t\t<!-- START centresultados REVOLUTION SLIDER 6.6.15 --><p class=\"rs-p-wp-fix\"><\/p>\n\t\t\t<rs-module-wrap id=\"rev_slider_17_1_wrapper\" data-source=\"gallery\" style=\"visibility:hidden;background:transparent;padding:0;margin:0px auto;margin-top:0;margin-bottom:0;\">\n\t\t\t\t<rs-module id=\"rev_slider_17_1\" style=\"\" data-version=\"6.6.15\">\n\t\t\t\t\t<rs-slides style=\"overflow: hidden; position: absolute;\">\n\t\t\t\t\t\t<rs-slide style=\"position: absolute;\" data-key=\"rs-17\" data-title=\"Slide\" data-anim=\"adpr:false;\">\n\t\t\t\t\t\t\t<img decoding=\"async\" src=\"\/\/ri.taesa.com.br\/wp-content\/plugins\/revslider\/public\/assets\/assets\/dummy.png\" alt=\"\" title=\"Central de Resultados\" class=\"rev-slidebg tp-rs-img rs-lazyload\" data-lazyload=\"\/\/ri.taesa.com.br\/wp-content\/uploads\/2018\/11\/cent-resultados.jpg\" data-no-retina>\n<!---->\t\t\t\t\t\t<\/rs-slide>\n\t\t\t\t\t<\/rs-slides>\n\t\t\t\t<\/rs-module>\n\t\t\t\t<script>\n\t\t\t\t\tsetREVStartSize({c: 'rev_slider_17_1',rl:[1240,1024,778,480],el:[],gw:[1366],gh:[300],type:'standard',justify:'',layout:'fullwidth',mh:\"0\"});if (window.RS_MODULES!==undefined && window.RS_MODULES.modules!==undefined && window.RS_MODULES.modules[\"revslider171\"]!==undefined) {window.RS_MODULES.modules[\"revslider171\"].once = false;window.revapi17 = undefined;if (window.RS_MODULES.checkMinimal!==undefined) window.RS_MODULES.checkMinimal()}\n\t\t\t\t<\/script>\n\t\t\t<\/rs-module-wrap>\n\t\t\t<!-- END REVOLUTION SLIDER -->\n[\/vc_column][\/vc_row][vc_row][vc_column][vc_column_text css=\u00bb\u00bb]<\/p>\n<h6>DISCLAIMER: <span class=\"ui-provider a b c d e f g h i j k l m n o p q r s t u v w x y z ab ac ae af ag ah ai aj ak\" dir=\"ltr\">La informaci\u00f3n financiera comparativa <\/span>(1T23, 2T23 y 1T24) fue reexpresada \u200b\u200bdebido al ajuste de la RAP de ciertos proyectos por la revisi\u00f3n tarifaria peri\u00f3dica (Resoluci\u00f3n Ratificatoria 3.343\/2024), de acuerdo con los lineamientos de la \u201cCPC 23 \/ IAS 8 \u2013 Pol\u00edticas Contables, Cambios en Estimaciones y Correcci\u00f3n de Errores\u201d. Toda la informaci\u00f3n relacionada con la reexpresi\u00f3n est\u00e1 disponible en el ITR y el l<strong class=\"text-cor-principal\">anzamiento <\/strong>de resultados del 2T24.<\/h6>\n<p>[\/vc_column_text]<div id=\"anos\"\n     class=\"anos-list align-content-center align-items-center d-flex justify-content-center position-relative mb-5\">\n\n    <div v-if=\"chuncked\" v-for=\"ano in anos[current_list]\" :class=\"{'ativo':current_ano==ano}\">\n        <a v-if=\"ano_existe(ano)\" :href=\"'?ano='+ano\" class=\"ano-link\" v-text=\"ano\"><\/a>\n        <div v-if=\"!ano_existe(ano)\" class=\"ano-sem-link\" v-text=\"ano\"><\/div>\n    <\/div>\n\n    <div v-if=\"!chuncked\" v-for=\"ano in anos\" :class=\"{'ativo':current_ano==ano}\">\n        <a :href=\"'?ano='+ano\" class=\"ano-link\" v-text=\"ano\"><\/a>\n    <\/div>\n\n    <button @click=\"prev()\" class=\"ano-prev position-absolute\" :class=\"{'fim':current_list == 0}\"><i\n                class=\"taesa-prev\"><\/i><\/button>\n    <button @click=\"next()\" class=\"ano-next position-absolute\" :class=\"{'fim':current_list+1==anos.length}\"><i\n                class=\"taesa-next\"><\/i><\/button>\n\n<\/div>\n\n    <div class=\"table-responsive\">\n        <table class=\"table text-center tabela-central-resultados\">\n            <thead>\n            <tr>\n                <td>&nbsp;<\/td>\n                                    <td><strong class=\"text-cor-principal fs-24\">\n                            1T24<\/strong><\/td>\n                                    <td><strong class=\"text-cor-principal fs-24\">\n                            2T24<\/strong><\/td>\n                                    <td><strong class=\"text-cor-principal fs-24\">\n                            3T24<\/strong><\/td>\n                                    <td><strong class=\"text-cor-principal fs-24\">\n                            4T24<\/strong><\/td>\n                            <\/tr>\n            <\/thead>\n                            <tr>\n                    <td class=\"text-left align-middle\"><strong\n                                class=\"text-cor-principal\">Lanzamiento de Resultados<\/strong><\/td>\n\n                                            <td>\n                                                                    <a id=\"post-292260\"\n                                           data-titulo=\"Lanzamiento de Resultados 1T24*\" class=\"hover-no-underline\"\n                                           target=\"_blank\"\n                                           href=\"https:\/\/ri.taesa.com.br\/wp-content\/uploads\/2024\/04\/Release-1T24_port_vFinal.pdf\">\n                                            <i class=\"taesa-itr text-cor-secundaria fs-36 hover-text-cor-principal\"><\/i>\n                                            <span style=\"vertical-align: top;\">*<\/span>\n                                        <\/a>\n                                    \n                                                                                    <\/td>\n                                            <td>\n                                                                    <a id=\"post-293471\"\n                                           data-titulo=\"Lanzamiento de Resultados 2T24*\" class=\"hover-no-underline\"\n                                           target=\"_blank\"\n                                           href=\"https:\/\/ri.taesa.com.br\/wp-content\/uploads\/2024\/08\/Release-2T24_port_vFINAL.pdf\">\n                                            <i class=\"taesa-itr text-cor-secundaria fs-36 hover-text-cor-principal\"><\/i>\n                                            <span style=\"vertical-align: top;\">*<\/span>\n                                        <\/a>\n                                    \n                                                                                    <\/td>\n                                            <td>\n                                                            <i class=\"taesa-itr text-cinza-claro-2 fs-36\"><\/i>\n                                                    <\/td>\n                                            <td>\n                                                            <i class=\"taesa-itr text-cinza-claro-2 fs-36\"><\/i>\n                                                    <\/td>\n                                    <\/tr>\n                            <tr>\n                    <td class=\"text-left align-middle\"><strong\n                                class=\"text-cor-principal\">Presentaci\u00f3n de Resultados<\/strong><\/td>\n\n                                            <td>\n                                                                    <a id=\"post-292714\"\n                                           data-titulo=\"Presentaci\u00f3n de Resultados 1T24*\" class=\"hover-no-underline\"\n                                           target=\"_blank\"\n                                           href=\"https:\/\/ri.taesa.com.br\/wp-content\/uploads\/2024\/05\/Apresentacao-1T24_vFINAL.pdf\">\n                                            <i class=\"taesa-ppt text-cor-secundaria fs-36 hover-text-cor-principal\"><\/i>\n                                            <span style=\"vertical-align: top;\">*<\/span>\n                                        <\/a>\n                                    \n                                                                                    <\/td>\n                                            <td>\n                                                                    <a id=\"post-293477\"\n                                           data-titulo=\"Presentaci\u00f3n de Resultados 2T24*\" class=\"hover-no-underline\"\n                                           target=\"_blank\"\n                                           href=\"https:\/\/ri.taesa.com.br\/wp-content\/uploads\/2024\/08\/Apresentacao-2T24_vFINAL.pdf\">\n                                            <i class=\"taesa-ppt text-cor-secundaria fs-36 hover-text-cor-principal\"><\/i>\n                                            <span style=\"vertical-align: top;\">*<\/span>\n                                        <\/a>\n                                    \n                                                                                    <\/td>\n                                            <td>\n                                                            <i class=\"taesa-ppt text-cinza-claro-2 fs-36\"><\/i>\n                                                    <\/td>\n                                            <td>\n                                                            <i class=\"taesa-ppt text-cinza-claro-2 fs-36\"><\/i>\n                                                    <\/td>\n                                    <\/tr>\n                            <tr>\n                    <td class=\"text-left align-middle\"><strong\n                                class=\"text-cor-principal\">Tablas de Lanzamiento de Resultados (Excel)<\/strong><\/td>\n\n                                            <td>\n                                                                    <a id=\"post-292755\"\n                                           data-titulo=\"Tabelas do Release de Resultados (Excel) 1T24\" class=\"hover-no-underline\"\n                                           target=\"_blank\"\n                                           href=\"https:\/\/ri.taesa.com.br\/wp-content\/uploads\/2024\/05\/Auxiliar-Release_TAESA_Site_1T24.xlsx\">\n                                            <i class=\"taesa-xls text-cor-secundaria fs-36 hover-text-cor-principal\"><\/i>\n                                            <span style=\"vertical-align: top;\"><\/span>\n                                        <\/a>\n                                    \n                                                                                    <\/td>\n                                            <td>\n                                                                    <a id=\"post-293524\"\n                                           data-titulo=\"Tabelas de Lanzamiento de Resultados (Excel) 2T24 *\" class=\"hover-no-underline\"\n                                           target=\"_blank\"\n                                           href=\"https:\/\/ri.taesa.com.br\/wp-content\/uploads\/2018\/11\/Auxiliar-Release_TAESA_Site_2T24_.xlsx\">\n                                            <i class=\"taesa-xls text-cor-secundaria fs-36 hover-text-cor-principal\"><\/i>\n                                            <span style=\"vertical-align: top;\">*<\/span>\n                                        <\/a>\n                                    \n                                                                                    <\/td>\n                                            <td>\n                                                            <i class=\"taesa-xls text-cinza-claro-2 fs-36\"><\/i>\n                                                    <\/td>\n                                            <td>\n                                                            <i class=\"taesa-xls text-cinza-claro-2 fs-36\"><\/i>\n                                                    <\/td>\n                                    <\/tr>\n                            <tr>\n                    <td class=\"text-left align-middle\"><strong\n                                class=\"text-cor-principal\">Audio\/Video de la Teleconferencia<\/strong><\/td>\n\n                                            <td>\n                                                                    <a id=\"post-292787\" data-video=\"https:\/\/www.youtube.com\/embed\/yfYDhRF9Tho\"\n                                           data-titulo=\"Videoconferencia de Resultados de 1T24*\"\n                                           class=\"modal-video hover-no-underline\"\n                                           href=\"#\">\n                                            <i class=\"taesa-videos text-cor-secundaria fs-36 hover-text-cor-principal\"><\/i>\n                                            <span style=\"vertical-align: top;\">*<\/span>\n                                        <\/a>\n                                    \n                                                                                    <\/td>\n                                            <td>\n                                                                    <a id=\"post-293531\" data-video=\"https:\/\/www.youtube.com\/embed\/BEdQVOuklu0\"\n                                           data-titulo=\"Videoconferencia de Resultados de 2T24*\"\n                                           class=\"modal-video hover-no-underline\"\n                                           href=\"#\">\n                                            <i class=\"taesa-videos text-cor-secundaria fs-36 hover-text-cor-principal\"><\/i>\n                                            <span style=\"vertical-align: top;\">*<\/span>\n                                        <\/a>\n                                    \n                                                                                    <\/td>\n                                            <td>\n                                                            <i class=\"taesa-music-files text-cinza-claro-2 fs-36\"><\/i>\n                                                    <\/td>\n                                            <td>\n                                                            <i class=\"taesa-music-files text-cinza-claro-2 fs-36\"><\/i>\n                                                    <\/td>\n                                    <\/tr>\n                            <tr>\n                    <td class=\"text-left align-middle\"><strong\n                                class=\"text-cor-principal\">Estados Financieros: ITR \/ DFP<\/strong><\/td>\n\n                                            <td>\n                                                                    <a id=\"post-292744\"\n                                           data-titulo=\"Estados Financieros (ITR) 1T24*\" class=\"hover-no-underline\"\n                                           target=\"_blank\"\n                                           href=\"https:\/\/ri.taesa.com.br\/wp-content\/uploads\/2024\/05\/1\u00b0-ITR24-TAESA.pdf\">\n                                            <i class=\"taesa-itr text-cor-secundaria fs-36 hover-text-cor-principal\"><\/i>\n                                            <span style=\"vertical-align: top;\">*<\/span>\n                                        <\/a>\n                                    \n                                                                                    <\/td>\n                                            <td>\n                                                                    <a id=\"post-293496\"\n                                           data-titulo=\"Estados Financieros (ITR) 2T24*\" class=\"hover-no-underline\"\n                                           target=\"_blank\"\n                                           href=\"https:\/\/ri.taesa.com.br\/wp-content\/uploads\/2024\/08\/TAESA-2\u00b0ITR24.pdf\">\n                                            <i class=\"taesa-itr text-cor-secundaria fs-36 hover-text-cor-principal\"><\/i>\n                                            <span style=\"vertical-align: top;\">*<\/span>\n                                        <\/a>\n                                    \n                                                                                    <\/td>\n                                            <td>\n                                                            <i class=\"taesa-itr text-cinza-claro-2 fs-36\"><\/i>\n                                                    <\/td>\n                                            <td>\n                                                            <i class=\"taesa-itr text-cinza-claro-2 fs-36\"><\/i>\n                                                    <\/td>\n                                    <\/tr>\n                            <tr>\n                    <td class=\"text-left align-middle\"><strong\n                                class=\"text-cor-principal\">Demostraciones Contables Regulatorias (DCR)<\/strong><\/td>\n\n                                            <td>\n                            &nbsp;                        <\/td>\n                                            <td>\n                            &nbsp;                        <\/td>\n                                            <td>\n                            &nbsp;                        <\/td>\n                                            <td>\n                                                                <i class=\"taesa-outros-docs text-cinza-claro-2 fs-36\"><\/i>\n                                                                                    <\/td>\n                                    <\/tr>\n                    <\/table>\n    <\/div>\n\n<script type=\"application\/javascript\">\n    anos_arr = [];\n    \/\/anos_arr = [\"2018\",\"2017\"];\n    anos_existentes_arr = [\"2024\",\"2023\",\"2022\",\"2021\",\"2020\",\"2019\",\"2018\",\"2017\",\"2016\",\"2015\",\"2014\",\"2013\",\"2012\",\"2011\",\"2010\",\"2009\",\"2008\",\"2007\",\"2006\"];\n\n    anos_existentes_arr = anos_existentes_arr.map(function (anos) {\n        return parseInt(anos);\n    });\n\n    current_year = 2024;\n\n    \/**\n     * Apensa para exemplo\n     * @type {Date}\n     *\/\n    hoje = new Date();\n    year_hoje = hoje.getFullYear();\n    year = anos_existentes_arr[0] === undefined ? year_hoje : anos_existentes_arr[0];\n    min_year = 2000;\n\n    for (var i = 0; i <= (year - min_year); i++) {\n        var ano = year - i;\n        anos_arr.push(ano);\n    }\n\n    get_called = 0;\n\n    var app = new Vue({\n        el: '#anos',\n        data: {\n            anos: anos_existentes_arr,\n            current_list: 0,\n            chunck_val: 10,\n            tablet: 4,\n            mobile: 2,\n            desktop: 10,\n            current_ano: current_year,\n            chuncked: false,\n            anos_existentes: anos_existentes_arr,\n        },\n        methods: {\n            prev: function () {\n                if (this.current_list > 0 && this.chuncked) {\n                    this.current_list--;\n                }\n            },\n            next: function () {\n                if ((this.current_list < this.anos.length - 1) && this.chuncked) {\n\n                    this.current_list++;\n\n                    this.arrumar_arr();\n                }\n            },\n            arrumar_arr: function () {\n\n                if (this.anos[this.current_list] == undefined) {\n                    this.current_list = 0;\n                }\n\n                if (this.current_list > 0) {\n\n                    var temp_ano = this.anos[this.current_list - 1];\n\n                    \/\/console.log(this.anos);\n                    \/\/console.log(this.current_list);\n                    \/\/console.log(this.anos[this.current_list]);\n\n                    if (this.anos[this.current_list].length < this.chunck_val) {\n\n                        var faltantes = temp_ano.length - this.anos[this.current_list].length;\n\n                        for (var i = 1; i <= faltantes; i++) {\n\n                            var pegar = temp_ano.length - i;\n\n                            this.anos[this.current_list].unshift(temp_ano[pegar]);\n                        }\n\n                        \/\/console.log(faltantes);\n                    }\n\n                }\n            },\n            view_arr: function () {\n                var vm = this;\n                this.anos.forEach(function (i, e) {\n                    \/\/console.log(i);\n                    if (_.isArray(i)) {\n                        i.forEach(function (x, z) {\n                            if (x == vm.current_ano) {\n                                \/\/console.log(e, z);\n                                vm.current_list = e;\n                            }\n                        })\n                    }\n\n                });\n            },\n            resize: function () {\n                \/\/console.log(window.innerWidth);\n                this.criar_anos();\n\n                if (this.chuncked) {\n                    this.arrumar_arr();\n                    this.view_arr();\n                }\n\n            },\n            criar_anos: function () {\n\n                var tam = document.getElementById(\"anos\").offsetWidth;\n\n                if (tam <= 992 && tam > 468) {\n                    this.chunck_val = this.tablet;\n                } else if (tam <= 468) {\n                    this.chunck_val = this.mobile;\n                } else {\n                    this.chunck_val = this.desktop;\n                }\n\n                if (anos_existentes_arr.length > this.chunck_val) {\n                    this.anos = _.chunk(anos_existentes_arr, this.chunck_val);\n                    this.chuncked = true;\n                } else {\n                    this.anos = anos_existentes_arr;\n                    this.chuncked = false;\n                }\n\n                \/\/console.log(this.anos);\n            },\n            ano_existe: function (ano) {\n\n                return _.includes(this.anos_existentes, ano);\n            }\n        },\n        created: function () {\n\n            var vm = this;\n\n            vm.criar_anos();\n\n            this.anos_existentes = this.anos_existentes.map(function (a) {\n                return parseInt(a);\n            });\n\n            window.addEventListener('resize', function () {\n                vm.resize();\n            });\n\n            if (get_called === 1) {\n                setTimeout(function () {\n                    jQuery('html,body').animate({\n                        scrollTop: jQuery(\"#anos\").offset().top - 50\n                    }, 'slow');\n                }, 700);\n\n            }\n\n\n        }\n    });\n\n<\/script>\n[vc_column_text css=\u00bb.vc_custom_1561476211085{margin-top: 20px !important;}\u00bb]<\/p>\n<h6><em>(*) Informaci\u00f3n disponible solamente en portugu\u00e9s.<\/em><\/h6>\n<p>[\/vc_column_text][\/vc_column][\/vc_row]<\/p>\n<\/div><span class=\"et_bloom_bottom_trigger\"><\/span>","protected":false},"excerpt":{"rendered":"<p>[vc_row css=\u00bb.vc_custom_1548944254528{margin-bottom: 20px !important;}\u00bb el_id=\u00bbnomobile\u00bb][vc_column offset=\u00bbvc_hidden-sm vc_hidden-xs\u00bb][\/vc_column][\/vc_row][vc_row][vc_column][vc_column_text css=\u00bb\u00bb] DISCLAIMER: La informaci\u00f3n financiera comparativa (1T23, 2T23 y 1T24) fue reexpresada \u200b\u200bdebido al ajuste de la RAP de ciertos proyectos por la revisi\u00f3n tarifaria peri\u00f3dica (Resoluci\u00f3n Ratificatoria 3.343\/2024), de acuerdo con los lineamientos de la \u201cCPC 23 \/ IAS 8 \u2013 Pol\u00edticas Contables, Cambios en Estimaciones y [&hellip;]<\/p>\n","protected":false},"author":1,"featured_media":1620,"parent":2414,"menu_order":1,"comment_status":"closed","ping_status":"closed","template":"","meta":{"footnotes":""},"class_list":["post-2416","page","type-page","status-publish","has-post-thumbnail","hentry"],"_links":{"self":[{"href":"https:\/\/ri.taesa.com.br\/es\/wp-json\/wp\/v2\/pages\/2416","targetHints":{"allow":["GET"]}}],"collection":[{"href":"https:\/\/ri.taesa.com.br\/es\/wp-json\/wp\/v2\/pages"}],"about":[{"href":"https:\/\/ri.taesa.com.br\/es\/wp-json\/wp\/v2\/types\/page"}],"author":[{"embeddable":true,"href":"https:\/\/ri.taesa.com.br\/es\/wp-json\/wp\/v2\/users\/1"}],"replies":[{"embeddable":true,"href":"https:\/\/ri.taesa.com.br\/es\/wp-json\/wp\/v2\/comments?post=2416"}],"version-history":[{"count":4,"href":"https:\/\/ri.taesa.com.br\/es\/wp-json\/wp\/v2\/pages\/2416\/revisions"}],"predecessor-version":[{"id":293515,"href":"https:\/\/ri.taesa.com.br\/es\/wp-json\/wp\/v2\/pages\/2416\/revisions\/293515"}],"up":[{"embeddable":true,"href":"https:\/\/ri.taesa.com.br\/es\/wp-json\/wp\/v2\/pages\/2414"}],"wp:featuredmedia":[{"embeddable":true,"href":"https:\/\/ri.taesa.com.br\/es\/wp-json\/wp\/v2\/media\/1620"}],"wp:attachment":[{"href":"https:\/\/ri.taesa.com.br\/es\/wp-json\/wp\/v2\/media?parent=2416"}],"curies":[{"name":"wp","href":"https:\/\/api.w.org\/{rel}","templated":true}]}}