{"id":2446,"date":"2020-05-20T15:05:08","date_gmt":"2020-05-20T18:05:08","guid":{"rendered":"http:\/\/ri.taesa.com.br\/?page_id=2446"},"modified":"2024-05-07T14:59:59","modified_gmt":"2024-05-07T17:59:59","slug":"hable-con-ri","status":"publish","type":"page","link":"https:\/\/ri.taesa.com.br\/es\/servicios-a-los-inversores\/hable-con-ri\/","title":{"rendered":"Hable con el RI"},"content":{"rendered":"<div class=\"wpb-content-wrapper\"><p>[vc_row css=\u00bb.vc_custom_1548964244966{margin-bottom: 20px !important;}\u00bb el_id=\u00bbnomobile\u00bb][vc_column offset=\u00bbvc_hidden-sm vc_hidden-xs\u00bb]\n\t\t\t<!-- START faleri REVOLUTION SLIDER 6.6.15 --><p class=\"rs-p-wp-fix\"><\/p>\n\t\t\t<rs-module-wrap id=\"rev_slider_45_1_wrapper\" data-source=\"gallery\" style=\"visibility:hidden;background:transparent;padding:0;margin:0px auto;margin-top:0;margin-bottom:0;\">\n\t\t\t\t<rs-module id=\"rev_slider_45_1\" style=\"\" data-version=\"6.6.15\">\n\t\t\t\t\t<rs-slides style=\"overflow: hidden; position: absolute;\">\n\t\t\t\t\t\t<rs-slide style=\"position: absolute;\" data-key=\"rs-45\" data-title=\"Slide\" data-anim=\"adpr:false;\">\n\t\t\t\t\t\t\t<img decoding=\"async\" src=\"\/\/ri.taesa.com.br\/wp-content\/plugins\/revslider\/public\/assets\/assets\/dummy.png\" alt=\"\" title=\"Hable con el RI\" class=\"rev-slidebg tp-rs-img rs-lazyload\" data-lazyload=\"\/\/ri.taesa.com.br\/wp-content\/uploads\/2018\/11\/banners-fale-ri.jpg\" data-no-retina>\n<!---->\t\t\t\t\t\t<\/rs-slide>\n\t\t\t\t\t<\/rs-slides>\n\t\t\t\t<\/rs-module>\n\t\t\t\t<script>\n\t\t\t\t\tsetREVStartSize({c: 'rev_slider_45_1',rl:[1240,1024,778,480],el:[],gw:[1366],gh:[300],type:'standard',justify:'',layout:'fullwidth',mh:\"0\"});if (window.RS_MODULES!==undefined && window.RS_MODULES.modules!==undefined && window.RS_MODULES.modules[\"revslider451\"]!==undefined) {window.RS_MODULES.modules[\"revslider451\"].once = false;window.revapi45 = undefined;if (window.RS_MODULES.checkMinimal!==undefined) window.RS_MODULES.checkMinimal()}\n\t\t\t\t<\/script>\n\t\t\t<\/rs-module-wrap>\n\t\t\t<!-- END REVOLUTION SLIDER -->\n[\/vc_column][\/vc_row][vc_row][vc_column width=\u00bb1\/2&#8243;]<noscript class=\"ninja-forms-noscript-message\">\n\tAviso: Se requiere JavaScript para este contenido.<\/noscript>\n<div id=\"nf-form-3-cont\" class=\"nf-form-cont\" aria-live=\"polite\" aria-labelledby=\"nf-form-title-3\" aria-describedby=\"nf-form-errors-3\" role=\"form\">\n\n    <div class=\"nf-loading-spinner\"><\/div>\n\n<\/div>\n        <!-- That data is being printed as a workaround to page builders reordering the order of the scripts loaded-->\n        <script>var formDisplay=1;var nfForms=nfForms||[];var form=[];form.id='3';form.settings={\"objectType\":\"Form Setting\",\"editActive\":true,\"title\":\"Contact Me - Espanhol\",\"created_at\":\"2019-01-21 17:15:15\",\"default_label_pos\":\"above\",\"show_title\":\"0\",\"clear_complete\":\"1\",\"hide_complete\":\"1\",\"logged_in\":\"\",\"key\":\"\",\"conditions\":[],\"wrapper_class\":\"\",\"element_class\":\"\",\"add_submit\":\"1\",\"not_logged_in_msg\":\"\",\"sub_limit_number\":\"\",\"sub_limit_msg\":\"\",\"calculations\":[],\"formContentData\":[\"nombre_1548098184764\",\"correo_electronico_1561669482034\",\"telefono_optional_1562085345878\",\"empresa_optional_1548098242555\",\"mensaje_1548098285975\",\"enviar_1548098299490\"],\"container_styles_background-color\":\"\",\"container_styles_border\":\"\",\"container_styles_border-style\":\"\",\"container_styles_border-color\":\"\",\"container_styles_color\":\"\",\"container_styles_height\":\"\",\"container_styles_width\":\"\",\"container_styles_font-size\":\"\",\"container_styles_margin\":\"\",\"container_styles_padding\":\"\",\"container_styles_display\":\"\",\"container_styles_float\":\"\",\"container_styles_show_advanced_css\":\"0\",\"container_styles_advanced\":\"\",\"title_styles_background-color\":\"\",\"title_styles_border\":\"\",\"title_styles_border-style\":\"\",\"title_styles_border-color\":\"\",\"title_styles_color\":\"\",\"title_styles_height\":\"\",\"title_styles_width\":\"\",\"title_styles_font-size\":\"\",\"title_styles_margin\":\"\",\"title_styles_padding\":\"\",\"title_styles_display\":\"\",\"title_styles_float\":\"\",\"title_styles_show_advanced_css\":\"0\",\"title_styles_advanced\":\"\",\"row_styles_background-color\":\"\",\"row_styles_border\":\"\",\"row_styles_border-style\":\"\",\"row_styles_border-color\":\"\",\"row_styles_color\":\"\",\"row_styles_height\":\"\",\"row_styles_width\":\"\",\"row_styles_font-size\":\"\",\"row_styles_margin\":\"\",\"row_styles_padding\":\"\",\"row_styles_display\":\"\",\"row_styles_show_advanced_css\":\"0\",\"row_styles_advanced\":\"\",\"row-odd_styles_background-color\":\"\",\"row-odd_styles_border\":\"\",\"row-odd_styles_border-style\":\"\",\"row-odd_styles_border-color\":\"\",\"row-odd_styles_color\":\"\",\"row-odd_styles_height\":\"\",\"row-odd_styles_width\":\"\",\"row-odd_styles_font-size\":\"\",\"row-odd_styles_margin\":\"\",\"row-odd_styles_padding\":\"\",\"row-odd_styles_display\":\"\",\"row-odd_styles_show_advanced_css\":\"0\",\"row-odd_styles_advanced\":\"\",\"success-msg_styles_background-color\":\"\",\"success-msg_styles_border\":\"\",\"success-msg_styles_border-style\":\"\",\"success-msg_styles_border-color\":\"\",\"success-msg_styles_color\":\"\",\"success-msg_styles_height\":\"\",\"success-msg_styles_width\":\"\",\"success-msg_styles_font-size\":\"\",\"success-msg_styles_margin\":\"\",\"success-msg_styles_padding\":\"\",\"success-msg_styles_display\":\"\",\"success-msg_styles_show_advanced_css\":\"0\",\"success-msg_styles_advanced\":\"\",\"error_msg_styles_background-color\":\"\",\"error_msg_styles_border\":\"\",\"error_msg_styles_border-style\":\"\",\"error_msg_styles_border-color\":\"\",\"error_msg_styles_color\":\"\",\"error_msg_styles_height\":\"\",\"error_msg_styles_width\":\"\",\"error_msg_styles_font-size\":\"\",\"error_msg_styles_margin\":\"\",\"error_msg_styles_padding\":\"\",\"error_msg_styles_display\":\"\",\"error_msg_styles_show_advanced_css\":\"0\",\"error_msg_styles_advanced\":\"\",\"currency\":\"\",\"unique_field_error\":\"Um formul\\u00e1rio com este valor j\\u00e1 foi enviado.\",\"changeEmailErrorMsg\":\"Introduce una direcci\\u00f3n de correo electr\\u00f3nico v\\u00e1lida.\",\"changeDateErrorMsg\":\"\\u00a1Introduce una fecha v\\u00e1lida!\",\"confirmFieldErrorMsg\":\"Estos campos deben coincidir.\",\"fieldNumberNumMinError\":\"Error de n\\u00famero m\\u00ednimo\",\"fieldNumberNumMaxError\":\"Error de n\\u00famero m\\u00e1ximo\",\"fieldNumberIncrementBy\":\"Increm\\u00e9ntalo por \",\"formErrorsCorrectErrors\":\"Corrige los errores antes de enviar este formulario.\",\"validateRequiredField\":\"Esto es un campo obligatorio.\",\"honeypotHoneypotError\":\"Error de Honeypot\",\"fieldsMarkedRequired\":\"Los campos marcados con <span class=\\\"ninja-forms-req-symbol\\\">*<\\\/span> son obligatorios\",\"drawerDisabled\":false,\"allow_public_link\":0,\"embed_form\":\"\",\"ninjaForms\":\"Ninja Forms\",\"fieldTextareaRTEInsertLink\":\"Insertar enlace\",\"fieldTextareaRTEInsertMedia\":\"Insertar medios\",\"fieldTextareaRTESelectAFile\":\"Seleccione un archivo\",\"formHoneypot\":\"Si eres un ser humano y est\\u00e1s viendo este campo, por favor d\\u00e9jalo vac\\u00edo.\",\"fileUploadOldCodeFileUploadInProgress\":\"Subida de archivo en curso.\",\"fileUploadOldCodeFileUpload\":\"SUBIDA DE ARCHIVO\",\"currencySymbol\":\"&#36;\",\"thousands_sep\":\".\",\"decimal_point\":\",\",\"siteLocale\":\"es_ES\",\"dateFormat\":\"d\\\/m\\\/Y\",\"startOfWeek\":\"0\",\"of\":\"de\",\"previousMonth\":\"Mes anterior\",\"nextMonth\":\"Pr\\u00f3ximo mes\",\"months\":[\"Enero\",\"Febrero\",\"Marzo\",\"Abril\",\"Mayo\",\"Junio\",\"Julio\",\"Agosto\",\"Septiembre\",\"Octubre\",\"Noviembre\",\"Diciembre\"],\"monthsShort\":[\"Ene\",\"Feb\",\"Mar\",\"Abr\",\"Mayo\",\"Jun\",\"Jul\",\"Ago\",\"Sep\",\"Oct\",\"Nov\",\"Dic\"],\"weekdays\":[\"Domingo\",\"Lunes\",\"Martes\",\"Mi\\u00e9rcoles\",\"Jueves\",\"Viernes\",\"S\\u00e1bado\"],\"weekdaysShort\":[\"Dom\",\"Lun\",\"Mar\",\"Mi\\u00e9\",\"Jue\",\"Vie\",\"S\\u00e1b\"],\"weekdaysMin\":[\"Do\",\"Lu\",\"Ma\",\"Mi\",\"Ju\",\"Vi\",\"S\\u00e1\"],\"recaptchaConsentMissing\":\"reCaptcha validation couldn&#039;t load.\",\"recaptchaMissingCookie\":\"reCaptcha v3 validation couldn&#039;t load the cookie needed to submit the form.\",\"recaptchaConsentEvent\":\"Accept reCaptcha cookies before sending the form.\",\"currency_symbol\":\"\",\"beforeForm\":\"\",\"beforeFields\":\"\",\"afterFields\":\"\",\"afterForm\":\"\"};form.fields=[{\"objectType\":\"Field\",\"objectDomain\":\"fields\",\"editActive\":false,\"order\":1,\"label\":\"NOMBRE\",\"key\":\"nombre_1548098184764\",\"type\":\"textbox\",\"created_at\":\"2018-12-03 09:28:14\",\"label_pos\":\"above\",\"required\":1,\"placeholder\":\"\",\"default\":\"\",\"wrapper_class\":\"\",\"element_class\":\"form-control\",\"container_class\":\"taesa-account\",\"input_limit\":\"\",\"input_limit_type\":\"characters\",\"input_limit_msg\":\"Character(s) left\",\"manual_key\":\"\",\"disable_input\":\"\",\"admin_label\":\"\",\"help_text\":\"\",\"desc_text\":\"\",\"disable_browser_autocomplete\":\"\",\"mask\":\"\",\"custom_mask\":\"\",\"wrap_styles_background-color\":\"\",\"wrap_styles_border\":\"\",\"wrap_styles_border-style\":\"\",\"wrap_styles_border-color\":\"\",\"wrap_styles_color\":\"\",\"wrap_styles_height\":\"\",\"wrap_styles_width\":\"\",\"wrap_styles_font-size\":\"\",\"wrap_styles_margin\":\"\",\"wrap_styles_padding\":\"\",\"wrap_styles_display\":\"\",\"wrap_styles_float\":\"\",\"wrap_styles_show_advanced_css\":0,\"wrap_styles_advanced\":\"\",\"label_styles_background-color\":\"\",\"label_styles_border\":\"\",\"label_styles_border-style\":\"\",\"label_styles_border-color\":\"\",\"label_styles_color\":\"\",\"label_styles_height\":\"\",\"label_styles_width\":\"\",\"label_styles_font-size\":\"\",\"label_styles_margin\":\"\",\"label_styles_padding\":\"\",\"label_styles_display\":\"\",\"label_styles_float\":\"\",\"label_styles_show_advanced_css\":0,\"label_styles_advanced\":\"\",\"element_styles_background-color\":\"\",\"element_styles_border\":\"\",\"element_styles_border-style\":\"\",\"element_styles_border-color\":\"\",\"element_styles_color\":\"\",\"element_styles_height\":\"\",\"element_styles_width\":\"\",\"element_styles_font-size\":\"\",\"element_styles_margin\":\"\",\"element_styles_padding\":\"\",\"element_styles_display\":\"\",\"element_styles_float\":\"\",\"element_styles_show_advanced_css\":0,\"element_styles_advanced\":\"\",\"cellcid\":\"c3277\",\"custom_name_attribute\":\"\",\"personally_identifiable\":\"\",\"drawerDisabled\":\"\",\"field_label\":\"NAME\",\"field_key\":\"name_1548097619049\",\"value\":\"\",\"id\":14,\"beforeField\":\"\",\"afterField\":\"\",\"parentType\":\"textbox\",\"element_templates\":[\"textbox\",\"input\"],\"old_classname\":\"\",\"wrap_template\":\"wrap\"},{\"objectType\":\"Field\",\"objectDomain\":\"fields\",\"editActive\":false,\"order\":2,\"label\":\"CORREO ELECTR\\u00d3NICO\",\"key\":\"correo_electronico_1561669482034\",\"type\":\"email\",\"created_at\":\"2018-12-03 09:28:14\",\"label_pos\":\"above\",\"required\":1,\"placeholder\":\"\",\"default\":\"\",\"wrapper_class\":\"\",\"element_class\":\"form-control\",\"container_class\":\"taesa-envelope\",\"admin_label\":\"\",\"help_text\":\"\",\"desc_text\":\"\",\"wrap_styles_background-color\":\"\",\"wrap_styles_border\":\"\",\"wrap_styles_border-style\":\"\",\"wrap_styles_border-color\":\"\",\"wrap_styles_color\":\"\",\"wrap_styles_height\":\"\",\"wrap_styles_width\":\"\",\"wrap_styles_font-size\":\"\",\"wrap_styles_margin\":\"\",\"wrap_styles_padding\":\"\",\"wrap_styles_display\":\"\",\"wrap_styles_float\":\"\",\"wrap_styles_show_advanced_css\":0,\"wrap_styles_advanced\":\"\",\"label_styles_background-color\":\"\",\"label_styles_border\":\"\",\"label_styles_border-style\":\"\",\"label_styles_border-color\":\"\",\"label_styles_color\":\"\",\"label_styles_height\":\"\",\"label_styles_width\":\"\",\"label_styles_font-size\":\"\",\"label_styles_margin\":\"\",\"label_styles_padding\":\"\",\"label_styles_display\":\"\",\"label_styles_float\":\"\",\"label_styles_show_advanced_css\":0,\"label_styles_advanced\":\"\",\"element_styles_background-color\":\"\",\"element_styles_border\":\"\",\"element_styles_border-style\":\"\",\"element_styles_border-color\":\"\",\"element_styles_color\":\"\",\"element_styles_height\":\"\",\"element_styles_width\":\"\",\"element_styles_font-size\":\"\",\"element_styles_margin\":\"\",\"element_styles_padding\":\"\",\"element_styles_display\":\"\",\"element_styles_float\":\"\",\"element_styles_show_advanced_css\":0,\"element_styles_advanced\":\"\",\"cellcid\":\"c3281\",\"custom_name_attribute\":\"email\",\"personally_identifiable\":1,\"drawerDisabled\":false,\"field_label\":\"E-MAIL\",\"field_key\":\"e-mail_1548097624104\",\"value\":\"\",\"id\":15,\"beforeField\":\"\",\"afterField\":\"\",\"parentType\":\"email\",\"element_templates\":[\"email\",\"input\"],\"old_classname\":\"\",\"wrap_template\":\"wrap\"},{\"objectType\":\"Field\",\"objectDomain\":\"fields\",\"editActive\":false,\"order\":3,\"type\":\"phone\",\"label\":\"TEL\\u00c9FONO (OPTIONAL)\",\"key\":\"telefono_optional_1562085345878\",\"label_pos\":\"above\",\"required\":0,\"default\":\"\",\"placeholder\":\"\",\"container_class\":\"taesa-telefone\",\"element_class\":\"form-control\",\"input_limit\":\"\",\"input_limit_type\":\"characters\",\"input_limit_msg\":\"Caractere(s) restante(s)\",\"manual_key\":\"\",\"admin_label\":\"\",\"help_text\":\"\",\"mask\":\"custom\",\"custom_mask\":\"(99) 9999-9999\",\"custom_name_attribute\":\"phone\",\"personally_identifiable\":1,\"drawerDisabled\":false,\"field_label\":\"TELEPHONE\",\"field_key\":\"telephone_1548097638350\",\"value\":\"\",\"id\":17,\"beforeField\":\"\",\"afterField\":\"\",\"parentType\":\"textbox\",\"element_templates\":[\"tel\",\"textbox\",\"input\"],\"old_classname\":\"\",\"wrap_template\":\"wrap\"},{\"objectType\":\"Field\",\"objectDomain\":\"fields\",\"editActive\":false,\"order\":4,\"type\":\"textbox\",\"label\":\"EMPRESA (OPTIONAL)\",\"key\":\"empresa_optional_1548098242555\",\"label_pos\":\"above\",\"required\":\"\",\"default\":\"\",\"placeholder\":\"\",\"container_class\":\"taesa-grupo\",\"element_class\":\"form-control\",\"input_limit\":\"\",\"input_limit_type\":\"characters\",\"input_limit_msg\":\"Caractere(s) restante(s)\",\"manual_key\":\"\",\"admin_label\":\"\",\"help_text\":\"\",\"mask\":\"\",\"custom_mask\":\"\",\"custom_name_attribute\":\"\",\"personally_identifiable\":\"\",\"drawerDisabled\":\"\",\"field_label\":\"COMPANY (OPTIONAL)\",\"field_key\":\"company_optional_1548097651358\",\"value\":\"\",\"id\":18,\"beforeField\":\"\",\"afterField\":\"\",\"parentType\":\"textbox\",\"element_templates\":[\"textbox\",\"input\"],\"old_classname\":\"\",\"wrap_template\":\"wrap\"},{\"objectType\":\"Field\",\"objectDomain\":\"fields\",\"editActive\":false,\"order\":5,\"type\":\"textarea\",\"label\":\"MENSAJE\",\"key\":\"mensaje_1548098285975\",\"label_pos\":\"above\",\"required\":1,\"default\":\"\",\"placeholder\":\"\",\"container_class\":\"\",\"element_class\":\"form-control\",\"input_limit\":\"\",\"input_limit_type\":\"characters\",\"input_limit_msg\":\"Caractere(s) restante(s)\",\"manual_key\":\"\",\"admin_label\":\"\",\"help_text\":\"\",\"textarea_rte\":\"\",\"disable_rte_mobile\":\"\",\"textarea_media\":\"\",\"drawerDisabled\":\"\",\"field_label\":\"MENSAGE\",\"field_key\":\"mensage_1548097661605\",\"value\":\"\",\"id\":19,\"beforeField\":\"\",\"afterField\":\"\",\"parentType\":\"textarea\",\"element_templates\":[\"textarea\",\"input\"],\"old_classname\":\"\",\"wrap_template\":\"wrap\"},{\"objectType\":\"Field\",\"objectDomain\":\"fields\",\"editActive\":false,\"order\":6,\"label\":\"ENVIAR\",\"key\":\"enviar_1548098299490\",\"type\":\"submit\",\"created_at\":\"2018-12-03 09:28:14\",\"processing_label\":\"ENV\\u00cdO\",\"container_class\":\"\",\"element_class\":\"btn btn-cor-principal px-6\",\"wrap_styles_background-color\":\"\",\"wrap_styles_border\":\"\",\"wrap_styles_border-style\":\"\",\"wrap_styles_border-color\":\"\",\"wrap_styles_color\":\"\",\"wrap_styles_height\":\"\",\"wrap_styles_width\":\"\",\"wrap_styles_font-size\":\"\",\"wrap_styles_margin\":\"\",\"wrap_styles_padding\":\"\",\"wrap_styles_display\":\"\",\"wrap_styles_float\":\"\",\"wrap_styles_show_advanced_css\":0,\"wrap_styles_advanced\":\"\",\"label_styles_background-color\":\"\",\"label_styles_border\":\"\",\"label_styles_border-style\":\"\",\"label_styles_border-color\":\"\",\"label_styles_color\":\"\",\"label_styles_height\":\"\",\"label_styles_width\":\"\",\"label_styles_font-size\":\"\",\"label_styles_margin\":\"\",\"label_styles_padding\":\"\",\"label_styles_display\":\"\",\"label_styles_float\":\"\",\"label_styles_show_advanced_css\":0,\"label_styles_advanced\":\"\",\"element_styles_background-color\":\"\",\"element_styles_border\":\"\",\"element_styles_border-style\":\"\",\"element_styles_border-color\":\"\",\"element_styles_color\":\"\",\"element_styles_height\":\"\",\"element_styles_width\":\"\",\"element_styles_font-size\":\"\",\"element_styles_margin\":\"\",\"element_styles_padding\":\"\",\"element_styles_display\":\"\",\"element_styles_float\":\"\",\"element_styles_show_advanced_css\":0,\"element_styles_advanced\":\"\",\"submit_element_hover_styles_background-color\":\"\",\"submit_element_hover_styles_border\":\"\",\"submit_element_hover_styles_border-style\":\"\",\"submit_element_hover_styles_border-color\":\"\",\"submit_element_hover_styles_color\":\"\",\"submit_element_hover_styles_height\":\"\",\"submit_element_hover_styles_width\":\"\",\"submit_element_hover_styles_font-size\":\"\",\"submit_element_hover_styles_margin\":\"\",\"submit_element_hover_styles_padding\":\"\",\"submit_element_hover_styles_display\":\"\",\"submit_element_hover_styles_float\":\"\",\"submit_element_hover_styles_show_advanced_css\":0,\"submit_element_hover_styles_advanced\":\"\",\"cellcid\":\"c3287\",\"drawerDisabled\":false,\"field_label\":\"SEND\",\"field_key\":\"send_1548097667981\",\"id\":16,\"beforeField\":\"\",\"afterField\":\"\",\"value\":\"\",\"label_pos\":\"above\",\"parentType\":\"textbox\",\"element_templates\":[\"submit\",\"button\",\"input\"],\"old_classname\":\"\",\"wrap_template\":\"wrap-no-label\"}];nfForms.push(form);<\/script>\n        [vc_column_text css=\u00bb.vc_custom_1582920487825{margin-bottom: 30px !important;}\u00bb]Haga <a href=\"https:\/\/ri.taesa.com.br\/es\/servicios-a-los-inversores\/informe-de-ganancias\/\" target=\"_blank\" rel=\"noopener noreferrer\">clic aqui<\/a> para acceder al Informe de Ganancias[\/vc_column_text][\/vc_column][vc_column width=\u00bb1\/2&#8243; el_class=\u00bbfont-secundaria\u00bb][vc_column_text]<\/p>\n<p style=\"color: #253e6a; font-size: 1.1rem;\">Transmissora Alian\u00e7a de Energia El\u00e9trica S.A. \u2013 TAESA:<\/p>\n<p>[\/vc_column_text][vc_row_inner css=\u00bb.vc_custom_1561648106913{margin-right: 0px !important;margin-bottom: 20px !important;margin-left: 0px !important;border-top-width: 1px !important;border-right-width: 1px !important;border-bottom-width: 1px !important;border-left-width: 1px !important;padding-right: 20px !important;padding-bottom: 12px !important;padding-left: 20px !important;border-left-color: #ced4da !important;border-left-style: solid !important;border-right-color: #ced4da !important;border-right-style: solid !important;border-top-color: #ced4da !important;border-top-style: solid !important;border-bottom-color: #ced4da !important;border-bottom-style: solid !important;}\u00bb][vc_column_inner][vc_column_text css=\u00bb\u00bb]<\/p>\n<div class=\"d-flex\">\n<div class=\"mr-3\"><img loading=\"lazy\" decoding=\"async\" class=\"alignnone size-full wp-image-78784\" src=\"https:\/\/ri.taesa.com.br\/wp-content\/uploads\/2021\/06\/Icon_telefone.png\" alt=\"\" width=\"22\" height=\"22\" \/><\/div>\n<div class=\"mr-3\" style=\"font-size: 0.9rem;\">Tel: + 55 (21) 2212-6000<\/div>\n<div class=\"mr-3\"><img loading=\"lazy\" decoding=\"async\" class=\"alignnone size-full wp-image-78784\" src=\"https:\/\/ri.taesa.com.br\/wp-content\/uploads\/2021\/06\/Icon_telefone.png\" alt=\"\" width=\"22\" height=\"22\" \/><\/div>\n<div style=\"font-size: 0.9rem;\">Fax: + 55 (21) 2212-6041<\/div>\n<\/div>\n<p>[\/vc_column_text][vc_column_text css=\u00bb.vc_custom_1656006607804{margin-top: 20px !important;margin-bottom: 10px !important;}\u00bb]Av. das Am\u00e9ricas, n\u00b0 2480 \u2013 Bloco 6 &#8211; Barra da Tijuca<br \/>\nRio de Janeiro &#8211; RJ \u2013 CEP: 22640-101[\/vc_column_text][\/vc_column_inner][\/vc_row_inner][vc_column_text css=\u00bb.vc_custom_1561488064033{margin-top: 30px !important;margin-bottom: 20px !important;}\u00bb]<\/p>\n<p style=\"color: #253e6a; font-size: 1.1rem;\">Equipo de Relaci\u00f3n con Inversionistas<\/p>\n<p>[\/vc_column_text][vc_row_inner css=\u00bb.vc_custom_1561648112986{margin-top: 30px !important;margin-right: 0px !important;margin-bottom: 30px !important;margin-left: 0px !important;border-top-width: 1px !important;border-right-width: 1px !important;border-bottom-width: 1px !important;border-left-width: 1px !important;padding-top: 0px !important;padding-right: 20px !important;padding-bottom: 26px !important;padding-left: 20px !important;border-left-color: #ced4da !important;border-left-style: solid !important;border-right-color: #ced4da !important;border-right-style: solid !important;border-top-color: #ced4da !important;border-top-style: solid !important;border-bottom-color: #ced4da !important;border-bottom-style: solid !important;border-radius: 1px !important;}\u00bb][vc_column_inner][vc_column_text css=\u00bb.vc_custom_1715104268381{margin-bottom: 10px !important;}\u00bb]<\/p>\n<p data-pm-slice=\"1 1 []\">Rinaldo Pecchio Junior &#8211; Director de Relaci\u00f3n con Inversionistas &#8211; Tel.: +55 (21) 2212-6000<\/p>\n<p>[\/vc_column_text][vc_column_text css=\u00bb.vc_custom_1715104274325{margin-top: 30px !important;margin-bottom: 10px !important;}\u00bb]Cristiano Grangeiro &#8211; Gerente Ejecutivo de RI &#8211; Tel.: +55 (21) 2212-6000[\/vc_column_text][vc_column_text css=\u00bb.vc_custom_1715104796327{margin-top: 30px !important;margin-bottom: 10px !important;}\u00bb]Juliana Castelli &#8211;<span class=\"ui-provider\"> Especialista de RI<\/span>\u2013 \u00a0Tel.: +55 (21) 2212-7204[\/vc_column_text][vc_column_text css=\u00bb.vc_custom_1624035839304{margin-top: 30px !important;}\u00bb]<\/p>\n<div class=\"d-flex\">\n<div class=\"mr-3\"><img loading=\"lazy\" decoding=\"async\" class=\"alignnone size-full wp-image-78787\" src=\"https:\/\/ri.taesa.com.br\/wp-content\/uploads\/2021\/06\/Icon-emal.png\" alt=\"\" width=\"22\" height=\"16\" \/><\/div>\n<div style=\"font-size: 0.9rem;\"><a class=\"underline mr-5\" href=\"mailto:investor.relations@taesa.com.br\">investor.relations@taesa.com.br<\/a><\/div>\n<\/div>\n<p>[\/vc_column_text][\/vc_column_inner][\/vc_row_inner][\/vc_column][\/vc_row][vc_row][vc_column][vc_column_text]<\/p>\n<p style=\"color: #253e6a; font-size: 1.1rem;\">Direcciones y contactos de las agencias especializadas en atender el accionista de TAESA:<\/p>\n<p>[\/vc_column_text][vc_column_text]La atenci\u00f3n a los accionistas de TAESA se efect\u00faa en las agencias especializadas en valores mobiliarios del Banco Ita\u00fa S.A. &#8211; banco custodio de las acciones de TAESA -, cuyas direcciones de contacto se encuentran abajo, o en cualquier agencia de la red. El tel\u00e9fono y el correo electr\u00f3nico de contacto del departamento de accionistas del Banco Ita\u00fa son los siguientes: (0xx11) 3003-9285 (capitales) o 0800 7209285 (dem\u00e1s localidades).[\/vc_column_text][vc_tta_accordion style=\u00bbflat\u00bb gap=\u00bb5&#8243; active_section=\u00bb0&#8243; collapsible_all=\u00bbtrue\u00bb][vc_tta_section title=\u00bbRio de Janeiro\u00bb tab_id=\u00bb1543854226369-50fc346a-8eba\u00bb][vc_column_text]Contacto: M\u00f4nica Lopes Carvalho Rodrigues<br \/>\nAv. Almirante Barroso, 52- 2\u00ba andar &#8211; Centro<br \/>\nRio de Janeiro &#8211; RJ<br \/>\nTel.: (0xx21) 2508-8086[\/vc_column_text][\/vc_tta_section][vc_tta_section title=\u00bbS\u00e3o Paulo\u00bb tab_id=\u00bb1543854250345-31b7f42b-b3e9&#8243;][vc_column_text]Contacto: Claudia A Germano Vasconcellos<br \/>\nR. Boa Vista, 176 \u2013 1\u00ba Subsolo<br \/>\nCentro &#8211; Sao Paulo\/SP<br \/>\nTel.: (0xx11) 3247-3139[\/vc_column_text][\/vc_tta_section][\/vc_tta_accordion][\/vc_column][\/vc_row]<\/p>\n<\/div><span class=\"et_bloom_bottom_trigger\"><\/span>","protected":false},"excerpt":{"rendered":"<p>[vc_row css=\u00bb.vc_custom_1548964244966{margin-bottom: 20px !important;}\u00bb el_id=\u00bbnomobile\u00bb][vc_column offset=\u00bbvc_hidden-sm vc_hidden-xs\u00bb][\/vc_column][\/vc_row][vc_row][vc_column width=\u00bb1\/2&#8243;][vc_column_text css=\u00bb.vc_custom_1582920487825{margin-bottom: 30px !important;}\u00bb]Haga clic aqui para acceder al Informe de Ganancias[\/vc_column_text][\/vc_column][vc_column width=\u00bb1\/2&#8243; el_class=\u00bbfont-secundaria\u00bb][vc_column_text] Transmissora Alian\u00e7a de Energia El\u00e9trica S.A. \u2013 TAESA: [\/vc_column_text][vc_row_inner css=\u00bb.vc_custom_1561648106913{margin-right: 0px !important;margin-bottom: 20px !important;margin-left: 0px !important;border-top-width: 1px !important;border-right-width: 1px !important;border-bottom-width: 1px !important;border-left-width: 1px !important;padding-right: 20px !important;padding-bottom: 12px !important;padding-left: 20px !important;border-left-color: #ced4da !important;border-left-style: solid !important;border-right-color: [&hellip;]<\/p>\n","protected":false},"author":1,"featured_media":2306,"parent":2444,"menu_order":1,"comment_status":"closed","ping_status":"closed","template":"","meta":{"footnotes":""},"class_list":["post-2446","page","type-page","status-publish","has-post-thumbnail","hentry"],"_links":{"self":[{"href":"https:\/\/ri.taesa.com.br\/es\/wp-json\/wp\/v2\/pages\/2446","targetHints":{"allow":["GET"]}}],"collection":[{"href":"https:\/\/ri.taesa.com.br\/es\/wp-json\/wp\/v2\/pages"}],"about":[{"href":"https:\/\/ri.taesa.com.br\/es\/wp-json\/wp\/v2\/types\/page"}],"author":[{"embeddable":true,"href":"https:\/\/ri.taesa.com.br\/es\/wp-json\/wp\/v2\/users\/1"}],"replies":[{"embeddable":true,"href":"https:\/\/ri.taesa.com.br\/es\/wp-json\/wp\/v2\/comments?post=2446"}],"version-history":[{"count":11,"href":"https:\/\/ri.taesa.com.br\/es\/wp-json\/wp\/v2\/pages\/2446\/revisions"}],"predecessor-version":[{"id":292532,"href":"https:\/\/ri.taesa.com.br\/es\/wp-json\/wp\/v2\/pages\/2446\/revisions\/292532"}],"up":[{"embeddable":true,"href":"https:\/\/ri.taesa.com.br\/es\/wp-json\/wp\/v2\/pages\/2444"}],"wp:featuredmedia":[{"embeddable":true,"href":"https:\/\/ri.taesa.com.br\/es\/wp-json\/wp\/v2\/media\/2306"}],"wp:attachment":[{"href":"https:\/\/ri.taesa.com.br\/es\/wp-json\/wp\/v2\/media?parent=2446"}],"curies":[{"name":"wp","href":"https:\/\/api.w.org\/{rel}","templated":true}]}}