{"id":2476,"date":"2022-04-25T14:17:08","date_gmt":"2022-04-25T17:17:08","guid":{"rendered":"http:\/\/ri.taesa.com.br\/?page_id=2476"},"modified":"2024-06-04T11:28:35","modified_gmt":"2024-06-04T14:28:35","slug":"premios-y-reconocimientos","status":"publish","type":"page","link":"https:\/\/ri.taesa.com.br\/es\/taesa\/premios-y-reconocimientos\/","title":{"rendered":"Premios y Reconocimientos"},"content":{"rendered":"<div class=\"wpb-content-wrapper\"><p>[vc_row][vc_column width=\u00bb1\/4&#8243;][vc_single_image image=\u00bb293089&#8243; img_size=\u00bbfull\u00bb alignment=\u00bbcenter\u00bb css=\u00bb.vc_custom_1717511305951{margin-bottom: 20px !important;padding-right: 10px !important;padding-left: 10px !important;}\u00bb][\/vc_column][vc_column width=\u00bb3\/4&#8243;][vc_column_text css=\u00bb\u00bb]<\/p>\n<h5>Premio y Certificaci\u00f3n Great Place to Work (GPTW)<\/h5>\n<p>&nbsp;<\/p>\n<p>Por cuarto a\u00f1o consecutivo, TAESA gan\u00f3 el GPTW Energia Highlight (4ta edici\u00f3n) \u2013 Generaci\u00f3n, Distribuci\u00f3n y Transmisi\u00f3n, en referencia a las investigaciones realizadas en 2023. En 2024, ocupamos el 4to lugar en el ranking y este reconocimiento demuestra que todos los colaboradores contribuyeron a la construcci\u00f3n de un ambiente de trabajo seguro e inspirador.<\/p>\n<p>GPTW es una consultor\u00eda global que apoya a las organizaciones a lograr mejores resultados a trav\u00e9s de una cultura de confianza, alto desempe\u00f1o e innovaci\u00f3n.[\/vc_column_text][\/vc_column][\/vc_row][vc_row][vc_column][vc_separator css=\u00bb.vc_custom_1548075215716{margin-top: 20px !important;margin-bottom: 40px !important;}\u00bb][\/vc_column][\/vc_row][vc_row][vc_column width=\u00bb1\/4&#8243;][vc_single_image image=\u00bb146777&#8243; img_size=\u00bbfull\u00bb alignment=\u00bbcenter\u00bb css=\u00bb.vc_custom_1676555067676{margin-bottom: 20px !important;padding-right: 10px !important;padding-left: 10px !important;}\u00bb][\/vc_column][vc_column width=\u00bb3\/4&#8243;][vc_column_text]<\/p>\n<h5><strong>100+ Innovadoras en el Uso de TI en 2022 \u2013 IT M\u00eddia<\/strong><\/h5>\n<p>&nbsp;<\/p>\n<p>TAESA gan\u00f3 el t\u00edtulo por tercer a\u00f1o consecutivo y, en 2022, el proyecto premiado fue el de realidad virtual (VR TAESA), que permite interactuar con el entorno, realizar visitas guiadas y capacitaci\u00f3n\/entrenamientos.<\/p>\n<p>En 2020, la Compa\u00f1\u00eda innov\u00f3 con la plataforma Salud TAESA, que refuerza el cuidado genuino de las personas. Ya en 2021, fue con la eficiencia operativa de SIGNO, que facilita la toma de decisiones de la Operaci\u00f3n y reduce los riesgos de la parcela variable (deducci\u00f3n por indisponibilidad), asegurando la excelencia en todo lo que hacemos[\/vc_column_text][\/vc_column][\/vc_row][vc_row][vc_column][vc_separator css=\u00bb.vc_custom_1548075215716{margin-top: 20px !important;margin-bottom: 40px !important;}\u00bb][\/vc_column][\/vc_row][vc_row][vc_column width=\u00bb1\/4&#8243;][vc_single_image image=\u00bb81305&#8243; img_size=\u00bbfull\u00bb alignment=\u00bbcenter\u00bb css=\u00bb.vc_custom_1626349926738{margin-bottom: 20px !important;padding-right: 10px !important;padding-left: 10px !important;}\u00bb][\/vc_column][vc_column width=\u00bb3\/4&#8243;][vc_column_text]<\/p>\n<h5><strong>Melhores da Bolsa 2021<\/strong><\/h5>\n<p>&nbsp;<\/p>\n<p>TAESA fue reconocida como la mejor empresa del sector de servicios p\u00fablicos por \u201cMelhores da Bolsa 2021\u201d, premio anual de InfoMoney del mercado basado en un criterio de clasificaci\u00f3n dise\u00f1ado por el proveedor de servicios financieros Economatica y la escuela de negocios Ibemec. El an\u00e1lisis incorpora criterios tanto cuantativos como cualitativos para las empresas que cotizan en bolsa durante um per\u00edodo de tres anos, valorizando coherencia en los resultados.<\/p>\n<p>[\/vc_column_text][\/vc_column][\/vc_row][vc_row][vc_column][vc_separator css=\u00bb.vc_custom_1548075215716{margin-top: 20px !important;margin-bottom: 40px !important;}\u00bb][\/vc_column][\/vc_row][vc_row][vc_column width=\u00bb1\/4&#8243;][vc_single_image image=\u00bb44544&#8243; img_size=\u00bb180&#215;180&#8243; alignment=\u00bbcenter\u00bb css=\u00bb.vc_custom_1573068854694{margin-bottom: 20px !important;}\u00bb][\/vc_column][vc_column width=\u00bb3\/4&#8243;][vc_column_text]<\/p>\n<h5>Premio Mejores Empresas en SST<\/h5>\n<p>&nbsp;<\/p>\n<p>Taesa\u00a0ha sido elegida la mejor empresa del segmento de Energ\u00eda en el \u00e1rea de Seguridad y Salud Laboral (\u201cSST\u201d) por la Asociaci\u00f3n Nacional de la Industria de Material de Seguridad y Protecci\u00f3n Laboral (ANIMASEG) en el 2019. Indicada por la Asociaci\u00f3n Brasile\u00f1a de Compa\u00f1\u00edas de Energ\u00eda El\u00e9ctrica (ABCE), Taesa cumpli\u00f3 todos los requisitos para garantizarse el premio, incluido el compromiso da alta administraci\u00f3n de la Compa\u00f1\u00eda con la pol\u00edtica de seguridad en el trabajo, la inexistencia de accidentes graves que impliquen a su equipo de empleados durante el a\u00f1o anterior al premio y su excelente desempe\u00f1o en temas de SST.[\/vc_column_text][\/vc_column][\/vc_row][vc_row][vc_column][vc_separator css=\u00bb.vc_custom_1548075215716{margin-top: 20px !important;margin-bottom: 40px !important;}\u00bb][\/vc_column][\/vc_row][vc_row][vc_column width=\u00bb1\/4&#8243;][vc_single_image image=\u00bb42952&#8243; img_size=\u00bb180&#215;180&#8243; alignment=\u00bbcenter\u00bb css=\u00bb.vc_custom_1565793387167{margin-bottom: 20px !important;}\u00bb][\/vc_column][vc_column width=\u00bb3\/4&#8243;][vc_column_text]<\/p>\n<h5>Premio <em>Broadcast Empresas<\/em><\/h5>\n<p>&nbsp;<\/p>\n<p>Taesa recibi\u00f3 el Premio Broadcast Empresas, preparado por Ag\u00eancia Estado en asociaci\u00f3n con Econom\u00e1tica, que analiz\u00f3 190 empresas que cotizan en bolsa cotizadas en B3 (bolsa de valores de S\u00e3o Paulo) durante 2018. El premio presenta el ranking de las 10 empresas con mejor desempe\u00f1o de 2018 desde el punto de vista del accionista. La Compa\u00f1\u00eda estaba en el noveno lugar y fue bien evaluada con el enfoque en la entrega de proyectos, una atractiva pol\u00edtica de dividendos y una estrategia de crecimiento consistente. Adem\u00e1s, la Compa\u00f1\u00eda recibi\u00f3 el premio Small Cap, ya que es la compa\u00f1\u00eda mejor posicionada en el ranking dentro de esta categor\u00eda de compa\u00f1\u00edas que figuran en B3.[\/vc_column_text][\/vc_column][\/vc_row][vc_row][vc_column][vc_separator css=\u00bb.vc_custom_1548075215716{margin-top: 20px !important;margin-bottom: 40px !important;}\u00bb][\/vc_column][\/vc_row][vc_row][vc_column width=\u00bb1\/4&#8243;][vc_single_image image=\u00bb28537&#8243; img_size=\u00bbfull\u00bb alignment=\u00bbcenter\u00bb css=\u00bb.vc_custom_1552667801286{margin-bottom: 20px !important;}\u00bb][\/vc_column][vc_column width=\u00bb3\/4&#8243;][vc_column_text]<\/p>\n<h5>Premio <em>Valor Carreira<\/em><\/h5>\n<p>&nbsp;<\/p>\n<p>TAESA ha sido reconocida en 5.\u00b0 lugar en la categor\u00eda de 501 a 1000 trabajadores. Es un galard\u00f3n en reconocimiento a las compa\u00f1\u00edas que presentan las mejores pr\u00e1cticas en gesti\u00f3n de personal y que conducen a las organizaciones a un nivel diferenciado de entrega de valor.[\/vc_column_text][\/vc_column][\/vc_row][vc_row][vc_column][vc_separator css=\u00bb.vc_custom_1548075215716{margin-top: 20px !important;margin-bottom: 40px !important;}\u00bb][\/vc_column][\/vc_row][vc_row][vc_column width=\u00bb1\/4&#8243;][vc_single_image image=\u00bb2976&#8243; img_size=\u00bb150&#215;286&#8243; alignment=\u00bbcenter\u00bb css=\u00bb.vc_custom_1552667882950{margin-bottom: 20px !important;}\u00bb][\/vc_column][vc_column width=\u00bb3\/4&#8243;][vc_column_text]<\/p>\n<h5>Premio Valor 1000<\/h5>\n<p>&nbsp;<\/p>\n<p>La revista VALOR ECON\u00d4MICO, una de las m\u00e1s importantes publicaciones sobre econom\u00eda y negocios de Brasil, eligi\u00f3 a TAESA, en la 15.\u00aa edici\u00f3n del premio VALOR 1000, como la mejor empresa de Energ\u00eda El\u00e9ctrica del pa\u00eds. Las empresas son evaluadas, en el an\u00e1lisis de las campeonas sectoriales, por el conjunto de indicadores: Ingreso Neto, Margen EBITDA, Crecimiento Sostenible, Rentabilidad del Patrimonio Neto, Margen de la Actividad, Liquidez Corriente, Giro del Activo y Cobertura de Intereses.[\/vc_column_text][\/vc_column][\/vc_row][vc_row][vc_column][vc_separator css=\u00bb.vc_custom_1548075215716{margin-top: 20px !important;margin-bottom: 40px !important;}\u00bb][\/vc_column][\/vc_row][vc_row][vc_column width=\u00bb1\/4&#8243;][vc_single_image image=\u00bb2947&#8243; img_size=\u00bbthumb\u00bb alignment=\u00bbcenter\u00bb][vc_single_image image=\u00bb2953&#8243; img_size=\u00bbthumb\u00bb alignment=\u00bbcenter\u00bb css=\u00bb.vc_custom_1548076067391{margin-bottom: 20px !important;}\u00bb][\/vc_column][vc_column width=\u00bb3\/4&#8243;][vc_column_text]<\/p>\n<h5>Trofeo Transparencia<\/h5>\n<p>&nbsp;<\/p>\n<p>El Trofeo Transparencia ANEFAC\u00ae \u2013 Premio ANEFAC \u2013 FIPECAFI \u2013 SERASA EXPERIAN, fue creado en 1997, con el objetivo de reconocer y homenajear las compa\u00f1\u00edas que adoptan las mejores pr\u00e1cticas de transparencia en informaci\u00f3n contable, publicada al mercado por medio de sus estados financieros. \u00c1lvaro Ricardino, fue el idealizador del premio, que incentiva la transparencia corporativa en el mercado y cuenta con la evaluaci\u00f3n t\u00e9cnica de la FIPECAFI (Fundaci\u00f3n Instituto de Investigaciones Contables, Actuariales y Financieras) y el incentivo de SerasaExperian.<\/p>\n<p>Es el \u00fanico premio de esta categor\u00eda en Brasil, las ganadoras son contempladas tras el an\u00e1lisis de m\u00e1s de dos mil estados financieros. Entre los criterios para recibir este reconocimiento, figuran: la calidad y el grado de la informaci\u00f3n contenida en los estados financieros y notas explicativas, la transparencia de la informaci\u00f3n prestada, la calidad y consistencia del informe de administraci\u00f3n y la adhesi\u00f3n a los principios contables, en el ejercicio del a\u00f1o anterior a la premiaci\u00f3n. La elecci\u00f3n se divide en dos categor\u00edas: compa\u00f1\u00edas con ingreso neto por encima de R$5 mil millones y con ingreso neto hasta R$5 mil millones.[\/vc_column_text][\/vc_column][\/vc_row][vc_row][vc_column][vc_separator css=\u00bb.vc_custom_1548075215716{margin-top: 20px !important;margin-bottom: 40px !important;}\u00bb][\/vc_column][\/vc_row][vc_section][\/vc_section]<\/p>\n<\/div><span class=\"et_bloom_bottom_trigger\"><\/span>","protected":false},"excerpt":{"rendered":"<p>[vc_row][vc_column width=\u00bb1\/4&#8243;][vc_single_image image=\u00bb293089&#8243; img_size=\u00bbfull\u00bb alignment=\u00bbcenter\u00bb css=\u00bb.vc_custom_1717511305951{margin-bottom: 20px !important;padding-right: 10px !important;padding-left: 10px !important;}\u00bb][\/vc_column][vc_column width=\u00bb3\/4&#8243;][vc_column_text css=\u00bb\u00bb] Premio y Certificaci\u00f3n Great Place to Work (GPTW) &nbsp; Por cuarto a\u00f1o consecutivo, TAESA gan\u00f3 el GPTW Energia Highlight (4ta edici\u00f3n) \u2013 Generaci\u00f3n, Distribuci\u00f3n y Transmisi\u00f3n, en referencia a las investigaciones realizadas en 2023. En 2024, ocupamos el 4to lugar en [&hellip;]<\/p>\n","protected":false},"author":1,"featured_media":2946,"parent":2459,"menu_order":9,"comment_status":"closed","ping_status":"closed","template":"","meta":{"footnotes":""},"class_list":["post-2476","page","type-page","status-publish","has-post-thumbnail","hentry"],"_links":{"self":[{"href":"https:\/\/ri.taesa.com.br\/es\/wp-json\/wp\/v2\/pages\/2476","targetHints":{"allow":["GET"]}}],"collection":[{"href":"https:\/\/ri.taesa.com.br\/es\/wp-json\/wp\/v2\/pages"}],"about":[{"href":"https:\/\/ri.taesa.com.br\/es\/wp-json\/wp\/v2\/types\/page"}],"author":[{"embeddable":true,"href":"https:\/\/ri.taesa.com.br\/es\/wp-json\/wp\/v2\/users\/1"}],"replies":[{"embeddable":true,"href":"https:\/\/ri.taesa.com.br\/es\/wp-json\/wp\/v2\/comments?post=2476"}],"version-history":[{"count":7,"href":"https:\/\/ri.taesa.com.br\/es\/wp-json\/wp\/v2\/pages\/2476\/revisions"}],"predecessor-version":[{"id":293092,"href":"https:\/\/ri.taesa.com.br\/es\/wp-json\/wp\/v2\/pages\/2476\/revisions\/293092"}],"up":[{"embeddable":true,"href":"https:\/\/ri.taesa.com.br\/es\/wp-json\/wp\/v2\/pages\/2459"}],"wp:featuredmedia":[{"embeddable":true,"href":"https:\/\/ri.taesa.com.br\/es\/wp-json\/wp\/v2\/media\/2946"}],"wp:attachment":[{"href":"https:\/\/ri.taesa.com.br\/es\/wp-json\/wp\/v2\/media?parent=2476"}],"curies":[{"name":"wp","href":"https:\/\/api.w.org\/{rel}","templated":true}]}}