{"id":45767,"date":"2023-07-10T12:03:44","date_gmt":"2023-07-10T15:03:44","guid":{"rendered":"https:\/\/ri.taesa.com.br\/codigo-de-etica\/"},"modified":"2023-07-10T14:22:14","modified_gmt":"2023-07-10T17:22:14","slug":"codigo-de-conducta-etica","status":"publish","type":"page","link":"https:\/\/ri.taesa.com.br\/es\/compliance\/codigo-de-conducta-etica\/","title":{"rendered":"C\u00f3digo de Conducta \u00c9tica y Compliance"},"content":{"rendered":"<div class=\"wpb-content-wrapper\"><p>[vc_row el_class=\u00bbno-mobile\u00bb css=\u00bb.vc_custom_1581603135727{margin-bottom: 20px !important;}\u00bb][vc_column][vc_single_image image=\u00bb1610&#8243; img_size=\u00bbfull\u00bb][\/vc_column][\/vc_row][vc_row css=\u00bb.vc_custom_1581603101438{margin-bottom: 50px !important;}\u00bb][vc_column][vc_column_text]TAESA cuenta con un C\u00f3digo de \u00c9tica, Conducta y Cumplimiento, cuyo contenido aborda la conducta requerida de los empleados y fortalece la cultura organizacional de la empresa. El material est\u00e1 basado en principios \u00e9ticos generales, posee valores universales de fundamental importancia para cualquier comportamiento y est\u00e1 en l\u00ednea con la misi\u00f3n, visi\u00f3n y valores de la Compa\u00f1\u00eda:<\/p>\n<p><strong>MISI\u00d3N<\/strong><br \/>\nConectamos Brasil con energ\u00eda segura y confiable.<\/p>\n<p><strong>VISI\u00d3N<\/strong><br \/>\nSer la empresa de transmisi\u00f3n de energ\u00eda el\u00e9ctrica m\u00e1s valiosa para la sociedad.<\/p>\n<p><strong>VALORES:<\/strong><br \/>\nRealmente nos preocupamos por las <strong>personas<\/strong>.<br \/>\nActuamos con <strong>integridad<\/strong> construyendo relaciones de <strong>confianza<\/strong>.<br \/>\nBuscamos la <strong>excelencia<\/strong> en todo lo que hacemos.<br \/>\n\u00a1TAESA <strong>somos nosotros!<\/strong>[\/vc_column_text][\/vc_column][\/vc_row][vc_row css=\u00bb.vc_custom_1581603095056{margin-bottom: 30px !important;}\u00bb][vc_column][vc_column_text]<\/p>\n<div class=\"embed-responsive embed-responsive-4by3\"><iframe class=\"embed-responsive-item\" src=\"https:\/\/institucional.taesa.com.br\/tsa_es\/\"><\/iframe><\/div>\n<p>[\/vc_column_text][\/vc_column][\/vc_row][vc_row css=\u00bb.vc_custom_1581603101438{margin-bottom: 50px !important;}\u00bb][vc_column][vc_column_text]<span style=\"font-style: italic;\">Todas las fotos del equipo de Taesa y las l\u00edneas de transmisi\u00f3n utilizadas en la preparaci\u00f3n de este material son parte de la \u00abColecci\u00f3n Taesa\u00bb.<\/span>[\/vc_column_text][\/vc_column][\/vc_row][vc_row css=\u00bb.vc_custom_1581603309858{margin-bottom: 30px !important;}\u00bb][vc_column width=\u00bb1\/2&#8243;][vc_column_text]<\/p>\n<h3>Compliance<\/h3>\n<p>[\/vc_column_text][vc_video link=\u00bbhttps:\/\/youtu.be\/CtLVxjigJ4w\u00bb][\/vc_column][vc_column width=\u00bb1\/2&#8243;][vc_column_text]<\/p>\n<h3>Canales de Comunicacion<\/h3>\n<p>[\/vc_column_text][vc_video link=\u00bbhttps:\/\/youtu.be\/WZjvmBD_9C4&#8243;][\/vc_column][\/vc_row][vc_row][vc_column width=\u00bb1\/2&#8243;][vc_column_text]<\/p>\n<h3>Acoso<\/h3>\n<p>[\/vc_column_text][vc_video link=\u00bbhttps:\/\/youtu.be\/f3afeyibWWA\u00bb][\/vc_column][vc_column width=\u00bb1\/2&#8243;][vc_column_text]<\/p>\n<h3>Sostenibilidad<\/h3>\n<p>[\/vc_column_text][vc_video link=\u00bbhttps:\/\/youtu.be\/yhRWajG2Qq0&#8243;][\/vc_column][\/vc_row][vc_row][vc_column][vc_column_text el_class=\u00bb.botao_padrao\u00bb]<a class=\"btn btn-cor-secundaria btn-responsive no-underline\" href=\"https:\/\/ri.taesa.com.br\/wp-content\/uploads\/2018\/11\/10_taesa_codigo_etica_espanhol-1.pdf\" target=\"_blank\" rel=\"noopener\"><i class=\"taesa-download\"><\/i> Download &#8211; C\u00f3digo de Conducta \u00c9tica y Compliance<\/a>[\/vc_column_text][\/vc_column][\/vc_row]<\/p>\n<\/div><span class=\"et_bloom_bottom_trigger\"><\/span>","protected":false},"excerpt":{"rendered":"<p>[vc_row el_class=\u00bbno-mobile\u00bb css=\u00bb.vc_custom_1581603135727{margin-bottom: 20px !important;}\u00bb][vc_column][vc_single_image image=\u00bb1610&#8243; img_size=\u00bbfull\u00bb][\/vc_column][\/vc_row][vc_row css=\u00bb.vc_custom_1581603101438{margin-bottom: 50px !important;}\u00bb][vc_column][vc_column_text]TAESA cuenta con un C\u00f3digo de \u00c9tica, Conducta y Cumplimiento, cuyo contenido aborda la conducta requerida de los empleados y fortalece la cultura organizacional de la empresa. El material est\u00e1 basado en principios \u00e9ticos generales, posee valores universales de fundamental importancia para cualquier comportamiento y est\u00e1 [&hellip;]<\/p>\n","protected":false},"author":1,"featured_media":45969,"parent":69983,"menu_order":2,"comment_status":"closed","ping_status":"closed","template":"","meta":{"footnotes":""},"class_list":["post-45767","page","type-page","status-publish","has-post-thumbnail","hentry"],"_links":{"self":[{"href":"https:\/\/ri.taesa.com.br\/es\/wp-json\/wp\/v2\/pages\/45767","targetHints":{"allow":["GET"]}}],"collection":[{"href":"https:\/\/ri.taesa.com.br\/es\/wp-json\/wp\/v2\/pages"}],"about":[{"href":"https:\/\/ri.taesa.com.br\/es\/wp-json\/wp\/v2\/types\/page"}],"author":[{"embeddable":true,"href":"https:\/\/ri.taesa.com.br\/es\/wp-json\/wp\/v2\/users\/1"}],"replies":[{"embeddable":true,"href":"https:\/\/ri.taesa.com.br\/es\/wp-json\/wp\/v2\/comments?post=45767"}],"version-history":[{"count":5,"href":"https:\/\/ri.taesa.com.br\/es\/wp-json\/wp\/v2\/pages\/45767\/revisions"}],"predecessor-version":[{"id":203603,"href":"https:\/\/ri.taesa.com.br\/es\/wp-json\/wp\/v2\/pages\/45767\/revisions\/203603"}],"up":[{"embeddable":true,"href":"https:\/\/ri.taesa.com.br\/es\/wp-json\/wp\/v2\/pages\/69983"}],"wp:featuredmedia":[{"embeddable":true,"href":"https:\/\/ri.taesa.com.br\/es\/wp-json\/wp\/v2\/media\/45969"}],"wp:attachment":[{"href":"https:\/\/ri.taesa.com.br\/es\/wp-json\/wp\/v2\/media?parent=45767"}],"curies":[{"name":"wp","href":"https:\/\/api.w.org\/{rel}","templated":true}]}}