{"id":46034,"date":"2021-03-05T10:50:58","date_gmt":"2021-03-05T13:50:58","guid":{"rendered":"https:\/\/ri.taesa.com.br\/?page_id=46034"},"modified":"2024-03-20T14:38:52","modified_gmt":"2024-03-20T17:38:52","slug":"informe-de-ganancias","status":"publish","type":"page","link":"https:\/\/ri.taesa.com.br\/es\/servicios-a-los-inversores\/informe-de-ganancias\/","title":{"rendered":"Informe de Ganancias"},"content":{"rendered":"<div class=\"wpb-content-wrapper\"><p>[vc_row css=\u00bb.vc_custom_1548964729164{margin-bottom: 40px !important;}\u00bb el_id=\u00bbnomobile\u00bb][vc_column offset=\u00bbvc_hidden-sm vc_hidden-xs\u00bb]\n\t\t\t<!-- START Informe de Rendimentos REVOLUTION SLIDER 6.6.15 --><p class=\"rs-p-wp-fix\"><\/p>\n\t\t\t<rs-module-wrap id=\"rev_slider_67_1_wrapper\" data-source=\"gallery\" style=\"visibility:hidden;background:transparent;padding:0;margin:0px auto;margin-top:0;margin-bottom:0;\">\n\t\t\t\t<rs-module id=\"rev_slider_67_1\" style=\"\" data-version=\"6.6.15\">\n\t\t\t\t\t<rs-slides style=\"overflow: hidden; position: absolute;\">\n\t\t\t\t\t\t<rs-slide style=\"position: absolute;\" data-key=\"rs-67\" data-title=\"Slide\" data-anim=\"adpr:false;\">\n\t\t\t\t\t\t\t<img decoding=\"async\" src=\"\/\/ri.taesa.com.br\/wp-content\/plugins\/revslider\/public\/assets\/assets\/dummy.png\" alt=\"\" title=\"Informe de Ganancias\" class=\"rev-slidebg tp-rs-img rs-lazyload\" data-lazyload=\"\/\/ri.taesa.com.br\/wp-content\/uploads\/2018\/11\/Informe-de-Rendimentos-fundo.jpg\" data-no-retina>\n<!---->\t\t\t\t\t\t<\/rs-slide>\n\t\t\t\t\t<\/rs-slides>\n\t\t\t\t<\/rs-module>\n\t\t\t\t<script>\n\t\t\t\t\tsetREVStartSize({c: 'rev_slider_67_1',rl:[1240,1024,778,480],el:[],gw:[1366],gh:[300],type:'standard',justify:'',layout:'fullwidth',mh:\"0\"});if (window.RS_MODULES!==undefined && window.RS_MODULES.modules!==undefined && window.RS_MODULES.modules[\"revslider671\"]!==undefined) {window.RS_MODULES.modules[\"revslider671\"].once = false;window.revapi67 = undefined;if (window.RS_MODULES.checkMinimal!==undefined) window.RS_MODULES.checkMinimal()}\n\t\t\t\t<\/script>\n\t\t\t<\/rs-module-wrap>\n\t\t\t<!-- END REVOLUTION SLIDER -->\n[\/vc_column][\/vc_row][vc_row css=\u00bb.vc_custom_1544466863077{margin-bottom: 20px !important;}\u00bb][vc_column][vc_column_text]Informamos que este a\u00f1o, los Informes de Ingresos, emitidos por el accionista de Transmissora Alian\u00e7a de Energia El\u00e9trica S \/ A (TAESA), estar\u00e1n disponibles en el <a href=\"https:\/\/correspondenciasdigitais.com.br\/login\">Portal de Correspondencia Digital<\/a>.<br \/>\nAcceda al Portal: <a href=\"https:\/\/correspondenciasdigitais.com.br\/login\">https:\/\/correspondenciasdigitais.com.br\/login<\/a>.<\/p>\n<p>\u00bfQu\u00e9 es el Portal de correspondencia digital?<br \/>\nEs una plataforma donde los inversores pueden ver, guardar, imprimir y enviar por correo electr\u00f3nico sus informes de ganancias digitalmente.<\/p>\n<p>\u00bfC\u00f3mo inicio sesi\u00f3n por primera vez?<br \/>\n1. En la direcci\u00f3n (<a href=\"http:\/\/www.correspondenciasdigitais.com.br\">www.correspondenciasdigitais.com.br<\/a>), haga clic en Primer acceso;<br \/>\n2. Ingrese su n\u00famero de CPF y fecha de nacimiento (Individual) o CNPJ y fecha de fundaci\u00f3n (Entidad Legal);<br \/>\n3. Elija la opci\u00f3n para verificar su identidad (n\u00famero de tel\u00e9fono o correo electr\u00f3nico).<br \/>\n4. Ingrese el c\u00f3digo recibido por correo electr\u00f3nico y \/ o tel\u00e9fono y cree su contrase\u00f1a personal;<br \/>\n5. Bien, ahora solo necesita ingresar su CPF \/ CNPJ y una nueva contrase\u00f1a registrada para acceder a sus documentos.<\/p>\n<p>En caso de problemas, los inversores pueden ponerse en contacto con el centro de servicio al inversor por tel\u00e9fono a continuaci\u00f3n:<\/p>\n<p>\u2022 <strong>Servicio exclusivo a inversores<\/strong><br \/>\n3003-9285 (whatsapp) (capitales y regiones metropolitanas)<br \/>\n0800 7209285 (otras ubicaciones)<br \/>\nDe lunes a viernes de 9 a 18h.<\/p>\n<p>\u2022 Servicio exclusivo de impuesto sobre la renta<br \/>\nPortal: <a href=\"https:\/\/correspondenciasdigitais.com.br\/login\">https:\/\/correspondenciasdigitais.com.br\/login<\/a><br \/>\nCorreo electr\u00f3nico: <a href=\"mailto:informesdeescrituracao@itau-unibanco.com.br\">informesdeescrituracao@itau-unibanco.com.br<\/a><\/p>\n<p>\u00bfQu\u00e9 es el servicio de contabilidad de activos (acciones \/ fondos cerrados u obligaciones)?<br \/>\nEs el servicio de custodia de sus acciones \/ fondos cerrados u obligaciones. El tenedor de libros es la instituci\u00f3n contratada por la empresa que tiene acciones negociadas en la bolsa de valores para mantener, actualizar, coordinar eventos corporativos, pagar dividendos, intereses sobre el capital o ingresos en el caso de FII, adem\u00e1s de brindar asistencia a los accionistas \/ accionistas. , por lo que incluso si adquiere acciones \/ cuotas a trav\u00e9s de un corredor de bolsa y las acciones \/ cuotas de la empresa a la que compr\u00f3, Ita\u00fa es el banco contable, Ita\u00fa ser\u00e1 responsable de poner a disposici\u00f3n su informe de resultados.[\/vc_column_text][\/vc_column][\/vc_row]<\/p>\n<\/div><span class=\"et_bloom_bottom_trigger\"><\/span>","protected":false},"excerpt":{"rendered":"<p>[vc_row css=\u00bb.vc_custom_1548964729164{margin-bottom: 40px !important;}\u00bb el_id=\u00bbnomobile\u00bb][vc_column offset=\u00bbvc_hidden-sm vc_hidden-xs\u00bb][\/vc_column][\/vc_row][vc_row css=\u00bb.vc_custom_1544466863077{margin-bottom: 20px !important;}\u00bb][vc_column][vc_column_text]Informamos que este a\u00f1o, los Informes de Ingresos, emitidos por el accionista de Transmissora Alian\u00e7a de Energia El\u00e9trica S \/ A (TAESA), estar\u00e1n disponibles en el Portal de Correspondencia Digital. Acceda al Portal: https:\/\/correspondenciasdigitais.com.br\/login. \u00bfQu\u00e9 es el Portal de correspondencia digital? Es una plataforma donde los [&hellip;]<\/p>\n","protected":false},"author":1,"featured_media":46035,"parent":2444,"menu_order":7,"comment_status":"closed","ping_status":"closed","template":"","meta":{"footnotes":""},"class_list":["post-46034","page","type-page","status-publish","has-post-thumbnail","hentry"],"_links":{"self":[{"href":"https:\/\/ri.taesa.com.br\/es\/wp-json\/wp\/v2\/pages\/46034","targetHints":{"allow":["GET"]}}],"collection":[{"href":"https:\/\/ri.taesa.com.br\/es\/wp-json\/wp\/v2\/pages"}],"about":[{"href":"https:\/\/ri.taesa.com.br\/es\/wp-json\/wp\/v2\/types\/page"}],"author":[{"embeddable":true,"href":"https:\/\/ri.taesa.com.br\/es\/wp-json\/wp\/v2\/users\/1"}],"replies":[{"embeddable":true,"href":"https:\/\/ri.taesa.com.br\/es\/wp-json\/wp\/v2\/comments?post=46034"}],"version-history":[{"count":1,"href":"https:\/\/ri.taesa.com.br\/es\/wp-json\/wp\/v2\/pages\/46034\/revisions"}],"predecessor-version":[{"id":291429,"href":"https:\/\/ri.taesa.com.br\/es\/wp-json\/wp\/v2\/pages\/46034\/revisions\/291429"}],"up":[{"embeddable":true,"href":"https:\/\/ri.taesa.com.br\/es\/wp-json\/wp\/v2\/pages\/2444"}],"wp:featuredmedia":[{"embeddable":true,"href":"https:\/\/ri.taesa.com.br\/es\/wp-json\/wp\/v2\/media\/46035"}],"wp:attachment":[{"href":"https:\/\/ri.taesa.com.br\/es\/wp-json\/wp\/v2\/media?parent=46034"}],"curies":[{"name":"wp","href":"https:\/\/api.w.org\/{rel}","templated":true}]}}