{"id":6599,"date":"2024-03-12T14:00:53","date_gmt":"2024-03-12T17:00:53","guid":{"rendered":"http:\/\/ri.taesa.com.br\/?page_id=6599"},"modified":"2024-08-14T16:48:45","modified_gmt":"2024-08-14T19:48:45","slug":"contabilidad-en-el-sector-de-transmision","status":"publish","type":"page","link":"https:\/\/ri.taesa.com.br\/es\/informacion-financiera\/contabilidad-en-el-sector-de-transmision\/","title":{"rendered":"Contabilidad en el Sector de Transmisi\u00f3n"},"content":{"rendered":"<div class=\"wpb-content-wrapper\"><p>[vc_row css=\u00bb.vc_custom_1548956217993{margin-bottom: 20px !important;}\u00bb el_id=\u00bbnomobile\u00bb][vc_column offset=\u00bbvc_hidden-sm vc_hidden-xs\u00bb]\n\t\t\t<!-- START Contabilidade no Setor de Transmiss\u00e3o REVOLUTION SLIDER 6.6.15 --><p class=\"rs-p-wp-fix\"><\/p>\n\t\t\t<rs-module-wrap id=\"rev_slider_50_1_wrapper\" data-source=\"gallery\" style=\"visibility:hidden;background:transparent;padding:0;margin:0px auto;margin-top:0;margin-bottom:0;\">\n\t\t\t\t<rs-module id=\"rev_slider_50_1\" style=\"\" data-version=\"6.6.15\">\n\t\t\t\t\t<rs-slides style=\"overflow: hidden; position: absolute;\">\n\t\t\t\t\t\t<rs-slide style=\"position: absolute;\" data-key=\"rs-50\" data-title=\"Slide\" data-anim=\"adpr:false;\">\n\t\t\t\t\t\t\t<img decoding=\"async\" src=\"\/\/ri.taesa.com.br\/wp-content\/plugins\/revslider\/public\/assets\/assets\/dummy.png\" alt=\"\" title=\"Contabilidad en el Sector de Transmisi\u00f3n\" class=\"rev-slidebg tp-rs-img rs-lazyload\" data-lazyload=\"\/\/ri.taesa.com.br\/wp-content\/uploads\/2018\/11\/Contabilidade-no-Setor-de-Transmiss\u00e3o2.jpg\" data-no-retina>\n<!---->\t\t\t\t\t\t<\/rs-slide>\n\t\t\t\t\t<\/rs-slides>\n\t\t\t\t<\/rs-module>\n\t\t\t\t<script>\n\t\t\t\t\tsetREVStartSize({c: 'rev_slider_50_1',rl:[1240,1024,778,480],el:[],gw:[1366],gh:[300],type:'standard',justify:'',layout:'fullwidth',mh:\"0\"});if (window.RS_MODULES!==undefined && window.RS_MODULES.modules!==undefined && window.RS_MODULES.modules[\"revslider501\"]!==undefined) {window.RS_MODULES.modules[\"revslider501\"].once = false;window.revapi50 = undefined;if (window.RS_MODULES.checkMinimal!==undefined) window.RS_MODULES.checkMinimal()}\n\t\t\t\t<\/script>\n\t\t\t<\/rs-module-wrap>\n\t\t\t<!-- END REVOLUTION SLIDER -->\n[\/vc_column][\/vc_row][vc_row css=\u00bb.vc_custom_1544727098921{margin-bottom: 20px !important;}\u00bb][vc_column][vc_column_text css=\u00bb.vc_custom_1715201100240{margin-bottom: 20px !important;}\u00bb]<\/p>\n<h5>Adopci\u00f3n del CPC 47 (IFRS 15)<\/h5>\n<p>A partir del 1\u00ba de enero de 2018, pas\u00f3 a ser obligatoria la adopci\u00f3n del IFRS 9 (CPC 48) o del IFRS 15 (CPC 47), con la divulgaci\u00f3n de esta contabilizaci\u00f3n, a partir de los Estados Financieros Anuales de 2018. La Compa\u00f1\u00eda opt\u00f3 por adoptar el IFRS 15, cuyos principios se basan en el modelo de negocio que identifica el contrato con el cliente (bienes o servicios) y sus respectivas obligaciones contractuales de desempe\u00f1o, defini\u00e9ndose el precio de la transacci\u00f3n y el reconocimiento de los ingresos, a partir de la realizaci\u00f3n de esas obligaciones (reconocimiento del Activo Contractual).<\/p>\n<p>El Activo Contractual se calcula mensualmente a partir del flujo futuro de lo recibido tra\u00eddo al valor presente por la Tasa del Proyecto, que se refiere al costo de capital del activo valuado al momento de su adquisici\u00f3n.[\/vc_column_text][\/vc_column][\/vc_row][vc_row][vc_column width=\u00bb1\/2&#8243;][vc_column_text css=\u00bb.vc_custom_1561646815845{margin-bottom: 20px !important;}\u00bb]<\/p>\n<h5>Flujo de efectivo del proyecto<\/h5>\n<p>[\/vc_column_text][vc_single_image image=\u00bb41424&#8243; img_size=\u00bbfull\u00bb alignment=\u00bbcenter\u00bb css=\u00bb.vc_custom_1561736603965{margin-bottom: 20px !important;border-top-width: 1px !important;border-right-width: 1px !important;border-bottom-width: 1px !important;border-left-width: 1px !important;padding-top: 15px !important;padding-bottom: 15px !important;border-left-color: #eaeaea !important;border-left-style: solid !important;border-right-color: #eaeaea !important;border-right-style: solid !important;border-top-color: #eaeaea !important;border-top-style: solid !important;border-bottom-color: #eaeaea !important;border-bottom-style: solid !important;border-radius: 5px !important;}\u00bb][\/vc_column][vc_column width=\u00bb1\/2&#8243;][vc_column_text css=\u00bb.vc_custom_1653053751389{margin-bottom: 10px !important;}\u00bb]En el m\u00e9todo contable adoptado (CPC 47 &#8211; Activo Contractual), las eficiencias generadas en el proyecto en construcci\u00f3n se contabilizan como margen de construcci\u00f3n en los ingresos. Es decir, los ingresos de construcci\u00f3n pasan a constituir un margen de construcci\u00f3n, calculado por la diferencia entre el Valor Presente de RAP y el Valor Futuro del Costo de la Construcci\u00f3n, en el momento de la entrada en operaci\u00f3n (vea la figura al lado).\u00a0 En otras palabras, los ingresos de construcci\u00f3n pasan a ser calculados a lo largo del per\u00edodo preoperacional, piel costo de implementaci\u00f3n m\u00e1s el margen de implementaci\u00f3n, que tambi\u00e9n incluye el inter\u00e9s sobre el activo en el per\u00edodo, calculado por el Project Fee sobre el saldo del activo del contrato de concesi\u00f3n. Por lo tanto, en Activo Contrato de Concesi\u00f3n el margen de ejecuci\u00f3n impacta el Estado de Resultados del proyecto.<\/p>\n<p>En el m\u00e9todo del Activo Contractual, ese ingreso de remuneraci\u00f3n se calcula con base en la Tasa del Proyecto sobre el saldo del activo contractual y pasa a ser contabilizado solamente despu\u00e9s de la entrada en operaci\u00f3n del proyecto. Durante el per\u00edodo em construcci\u00f3n, los intereses de remuneraci\u00f3n son parte de la Receta de Construcci\u00f3n y el c\u00e1lculo es el mismo descrito anteriormente.[\/vc_column_text][\/vc_column][\/vc_row][vc_row][vc_column][vc_column_text css=\u00bb.vc_custom_1723664921112{margin-bottom: 40px !important;}\u00bb]<\/p>\n<div class=\"ZyvIDe\">\n<div class=\"a8FIud X0rvP L6rCcb\" data-apply-responsive-style=\"true\" data-classes=\"\" data-initial-translation-length=\"369\" data-saved-translation-limit-reached=\"false\">\n<div data-show-delay-ms=\"250\" data-append-to-body=\"false\" data-propagate-tooltip-mouseover-events=\"true\" data-anchor-corner=\"bottom-end\" data-enable-skip-handler=\"false\" data-popup-corner=\"top-end\">\n<div><span class=\"JLqJ4b ChMk0b\" data-language-for-alternatives=\"es\" data-language-to-translate-into=\"pt\" data-phrase-index=\"0\" data-number-of-phrases=\"8\"><span class=\"Q4iAWc\">Luego del inicio de operaciones, el Activo del Contrato se ajusta mensualmente por inflaci\u00f3n (IGP-M o IPCA,<\/span><\/span> <span class=\"JLqJ4b ChMk0b\" data-language-for-alternatives=\"es\" data-language-to-translate-into=\"pt\" data-phrase-index=\"2\" data-number-of-phrases=\"8\"><span class=\"Q4iAWc\">seg\u00fan cada concesi\u00f3n), calculado por la correcci\u00f3n monetaria de los ingresos futuros puestos en valor<\/span><\/span> <span class=\"JLqJ4b ChMk0b\" data-language-for-alternatives=\"es\" data-language-to-translate-into=\"pt\" data-phrase-index=\"4\" data-number-of-phrases=\"8\"><span class=\"Q4iAWc\">presente para la tarifa del proyecto.<\/span><\/span> <span class=\"JLqJ4b ChMk0b\" data-language-for-alternatives=\"es\" data-language-to-translate-into=\"pt\" data-phrase-index=\"5\" data-number-of-phrases=\"8\"><span class=\"Q4iAWc\">Los ingresos de O&amp;M son una parte del RAP destinada a remunerar la operaci\u00f3n y<\/span><\/span> <span class=\"JLqJ4b ChMk0b\" data-language-for-alternatives=\"es\" data-language-to-translate-into=\"pt\" data-phrase-index=\"7\" data-number-of-phrases=\"8\"><span class=\"Q4iAWc\">mantenimiento de los bienes concesionados.<\/span><\/span><\/div>\n<div><\/div>\n<\/div>\n<\/div>\n<\/div>\n<h5>Impactos del cambio contable de CPC-47 registrado hasta ahora:<\/h5>\n<p>El ajuste generado por la adopci\u00f3n del CPC 47 a partir del 1\u00ba de enero de 2018:<\/p>\n<p>(i) Para el saldo inicial (de partida) del Activo Contractual en 1\u00ba de enero de 2018, el ajuste fue lanzado en la cuenta de reserva especial del ejercicio 2018 (Patrimonio Neto), R$ 113.399.544,45, referido a a\u00f1os anteriores;<\/p>\n<p>(ii) Para el Ejercicio Social de 2018, el ajuste fue lanzado en los Estados de Resultados de un monto de R$ 116.924.085,17 y destinado a la cuenta de reserva especial al final del a\u00f1o, neto del 5% que se retuvo como Reserva Legal;<\/p>\n<p>(iii) Para el a\u00f1o fiscal 2019, el ajuste se contabiliz\u00f3 en los Estados de Resultados por un monto de R $ 291.323.518,24 y se asign\u00f3 a la cuenta de reserva especial al final del a\u00f1o, neto del 5% que se retuvo como reserva legal.<\/p>\n<p>(iv) Para el Ejercicio 2020, se contabiliz\u00f3 el ajuste en las Cuentas de Resultados por el monto de R$ 631.469.547,58 (incluyendo el monto de R$ 124.947.792,20 relacionado con el OF\u00cdCIO-CIRCULAR\/CVM\/SNC\/SEP\/n\u00ba04\/2020) que se asign\u00f3 a la cuenta de reserva especial al final del a\u00f1o. Adem\u00e1s, el monto de R $ 63.583.002,83 tambi\u00e9n relacionado con la CIRCULAR OFICINA\/CVM\/SNC\/SEP\/n\u00ba 04\/2020 de los a\u00f1os anteriores se registr\u00f3 en la cuenta de reserva especial, en el patrimonio neto de 2020.<\/p>\n<p>(v) Para el Ejercicio 2021, el ajuste fue registrado en el Estado de Resultados por el valor de R$ 408.098.711,76, que fue destinado a la cuenta de reserva especial al final del ejercicio.<\/p>\n<p>(vi) Para el ejercicio 2022, el ajuste fue registrado en el estado de resultados en el valor neto de R$ 94.232.513,75, que fue destinado a la cuenta de reserva especial al final del ejercicio, compuesta por una reserva de R$ 207.632.058,20 y una realizaci\u00f3n de R$ 113.399.544,45 referente al pago de dividendos provisorios en diciembre de 2022.<\/p>\n<p>(vii) Para el Ejercicio 2023, el ajuste fue registrado en el Estado de Resultados por el valor neto de R$ 232.903.901,03 que fue destinado a la cuenta de reserva de ingresos netos no realizados al final del a\u00f1o.<\/p>\n<p>\u00c9 importante ressaltar que para los ejercicios sociales de 2021, 2022, 2023 y primer trimestre de 2024 a reserva legal (5%) n\u00e3o foi constitu\u00edda com base no art. 193 par\u00e1grafo 1\u00ba da Lei das S.A. que indica que a Companhia podr\u00e1 deixar de constituir una reserva legal no exerc\u00edcio quando o saldo dessa reserva, acrescido do montante das reservas de capital de que trata o \u00a7 1\u00ba do artigo 182, exceder el 30% del capital social .<\/p>\n<p>Por resoluci\u00f3n del Consejo de Administraci\u00f3n, en reuni\u00f3n celebrada el 13 de diciembre de 2023, la Sociedad transfiri\u00f3 el valor de R$ 1.698.618.543,59 de la cuenta de reserva especial de utilidades a la cuenta de reserva de utilidades no realizadas, cuya realizaci\u00f3n se realizar\u00e1 mediante pagos de dividendos a cuenta, dependiendo de la disponibilidad de efectivo de la Compa\u00f1\u00eda.<\/p>\n<p>Debido a la reexpresi\u00f3n de los estados financieros de Taesa a partir del 1 de enero de 2023, se compens\u00f3 de la Reserva de Ganancias No Realizadas el valor de R$ 156.049.501,44, que se refiere a ajustes acumulados hasta el 31 de diciembre de 2023. Por lo tanto, los ajustes mencionados suman R$ 1.795.885.323,35, con R$ 1.775.472.943,18 registrados como Reserva de Ganancias No Realizadas y R$ 20.412.380,17 como Reserva Legal (5%).<\/p>\n<p>El 30 de junio de 2024, los ajustes generados por la adopci\u00f3n del CPC-47 en el resultado neto ascienden a R$ 41.105.696,06, registrados en la cuenta de Resultados Acumulados.<\/p>\n<p>Es importante resaltar que los efectos relacionados con la adopci\u00f3n del CPC 47 (Margen de Construcci\u00f3n) se excluyen de la utilidad neta distribuible y durante el a\u00f1o se registran en la cuenta Utilidades Retenidas, imput\u00e1ndose a las cuentas Reserva de Utilidades No Realizadas y Reserva Legal al final del a\u00f1o. del ejercicio fiscal.[\/vc_column_text][\/vc_column][\/vc_row][vc_row][vc_column][vc_column_text css=\u00bb.vc_custom_1653050032230{margin-bottom: 20px !important;}\u00bb][\/vc_column_text][vc_column_text css=\u00bb.vc_custom_1653482220895{margin-bottom: 20px !important;}\u00bb]<a class=\"btn btn-cor-secundaria btn-responsive no-underline\" href=\"https:\/\/ri.taesa.com.br\/wp-content\/uploads\/2018\/05\/IFRS-na-Transmissao-de-Energia-Ativo-de-Contrato-003esp.pdf\" target=\"_blank\"><i class=\"taesa-download\"><\/i> Descargar - Presentaci\u00f3n sobre la Impulsi\u00f3n del Activo Contractual<\/a>[\/vc_column_text][vc_column_text][\/vc_column_text][\/vc_column][\/vc_row]<\/p>\n<\/div><span class=\"et_bloom_bottom_trigger\"><\/span>","protected":false},"excerpt":{"rendered":"<p>[vc_row css=\u00bb.vc_custom_1548956217993{margin-bottom: 20px !important;}\u00bb el_id=\u00bbnomobile\u00bb][vc_column offset=\u00bbvc_hidden-sm vc_hidden-xs\u00bb][\/vc_column][\/vc_row][vc_row css=\u00bb.vc_custom_1544727098921{margin-bottom: 20px !important;}\u00bb][vc_column][vc_column_text css=\u00bb.vc_custom_1715201100240{margin-bottom: 20px !important;}\u00bb] Adopci\u00f3n del CPC 47 (IFRS 15) A partir del 1\u00ba de enero de 2018, pas\u00f3 a ser obligatoria la adopci\u00f3n del IFRS 9 (CPC 48) o del IFRS 15 (CPC 47), con la divulgaci\u00f3n de esta contabilizaci\u00f3n, a partir de los Estados [&hellip;]<\/p>\n","protected":false},"author":1,"featured_media":40973,"parent":2429,"menu_order":5,"comment_status":"closed","ping_status":"closed","template":"","meta":{"footnotes":""},"class_list":["post-6599","page","type-page","status-publish","has-post-thumbnail","hentry"],"_links":{"self":[{"href":"https:\/\/ri.taesa.com.br\/es\/wp-json\/wp\/v2\/pages\/6599","targetHints":{"allow":["GET"]}}],"collection":[{"href":"https:\/\/ri.taesa.com.br\/es\/wp-json\/wp\/v2\/pages"}],"about":[{"href":"https:\/\/ri.taesa.com.br\/es\/wp-json\/wp\/v2\/types\/page"}],"author":[{"embeddable":true,"href":"https:\/\/ri.taesa.com.br\/es\/wp-json\/wp\/v2\/users\/1"}],"replies":[{"embeddable":true,"href":"https:\/\/ri.taesa.com.br\/es\/wp-json\/wp\/v2\/comments?post=6599"}],"version-history":[{"count":15,"href":"https:\/\/ri.taesa.com.br\/es\/wp-json\/wp\/v2\/pages\/6599\/revisions"}],"predecessor-version":[{"id":293558,"href":"https:\/\/ri.taesa.com.br\/es\/wp-json\/wp\/v2\/pages\/6599\/revisions\/293558"}],"up":[{"embeddable":true,"href":"https:\/\/ri.taesa.com.br\/es\/wp-json\/wp\/v2\/pages\/2429"}],"wp:featuredmedia":[{"embeddable":true,"href":"https:\/\/ri.taesa.com.br\/es\/wp-json\/wp\/v2\/media\/40973"}],"wp:attachment":[{"href":"https:\/\/ri.taesa.com.br\/es\/wp-json\/wp\/v2\/media?parent=6599"}],"curies":[{"name":"wp","href":"https:\/\/api.w.org\/{rel}","templated":true}]}}