{"id":87202,"date":"2020-08-14T14:00:41","date_gmt":"2020-08-14T17:00:41","guid":{"rendered":"https:\/\/ri.taesa.com.br\/taesa\/perfil-corporativo\/"},"modified":"2020-08-14T14:00:41","modified_gmt":"2020-08-14T17:00:41","slug":"perfil-corporativo","status":"publish","type":"page","link":"https:\/\/ri.taesa.com.br\/es\/taesa\/perfil-corporativo\/","title":{"rendered":"Perfil Corporativo"},"content":{"rendered":"<div class=\"wpb-content-wrapper\"><p>[vc_row][vc_column][vc_column_text]<strong>Transmissora Alian\u00e7a de Energia El\u00e9trica S.A. &#8211; TAESA &#8211;<\/strong> es uno de los mayores grupos privados de transmisi\u00f3n de energ\u00eda el\u00e9ctrica de Brasil en t\u00e9rminos del Ingreso Anual \u2013 RAP. La empresa se dedica exclusivamente a la construcci\u00f3n, operaci\u00f3n y mantenimiento de activos de transmisi\u00f3n, con 11.682 km de l\u00edneas en operaci\u00f3n y 1.976 km de l\u00edneas en construcci\u00f3n, totalizando 13,658 km de extensi\u00f3n y 97 subestaciones. Adem\u00e1s, posee activos en operaci\u00f3n con nivel de tensi\u00f3n entre 230 y 525kV, presencia en todas las regiones del pa\u00eds (18 Estados y Distrito Federal) y un Centro de Operaci\u00f3n y Control ubicado en Bras\u00edlia. Actualmente TAESA detiene 39 concesiones de transmisi\u00f3n: (i) 10 concesiones que forman la compa\u00f1\u00eda <em>holding<\/em> (TSN, Novatrans, ETEO, GTESA, PATESA, Munirah, NTE, STE, ATE y ATE II); (ii) 10 invertidas integrales (Brasnorte, ATE III, S\u00e3o Gotardo, Mariana, Miracema, Jana\u00faba, Sant\u2019Ana, S\u00e3o Jo\u00e3o, S\u00e3o Pedro y Lagoa Nova); y (iii) 19 participaciones (ETAU, Transmineiras y los Grupos AIE y TBE).[\/vc_column_text][\/vc_column][\/vc_row][vc_row][vc_column width=\u00bb1\/2&#8243;][vc_column_text css=\u00bb.vc_custom_1561143914583{margin-bottom: 20px !important;}\u00bb]<\/p>\n<h5>Mapa simplificado con las concesiones de TAESA<\/h5>\n<p>[\/vc_column_text][vc_single_image image=\u00bb50874&#8243; img_size=\u00bbfull\u00bb css=\u00bb.vc_custom_1585254445600{margin-right: 0px !important;margin-bottom: 0px !important;margin-left: 0px !important;border-top-width: 1px !important;border-right-width: 1px !important;border-bottom-width: 1px !important;border-left-width: 1px !important;border-left-color: #eaeaea !important;border-left-style: solid !important;border-right-color: #eaeaea !important;border-right-style: solid !important;border-top-color: #eaeaea !important;border-top-style: solid !important;border-bottom-color: #eaeaea !important;border-bottom-style: solid !important;}\u00bb][vc_column_text css=\u00bb.vc_custom_1559918728467{padding-top: 14px !important;padding-bottom: 14px !important;padding-left: 15px !important;background-color: #eaeaea !important;}\u00bb]<\/p>\n<p style=\"text-align: left; font-size: 14px;\"><a href=\"http:\/\/ri.taesa.com.br\/es\/la-taesa\/concesiones\/\">Mayores detalles en la secci\u00f3n Concesiones<\/a><\/p>\n<p>[\/vc_column_text][\/vc_column][vc_column width=\u00bb1\/2&#8243; css=\u00bb.vc_custom_1551450681168{margin-top: 44px !important;}\u00bb][vc_table allow_html=\u00bb1&#8243; el_class=\u00bbajuste-bot bold-tab\u00bb][borders_all;borders_all;bg#001141;c#ffffff;b]TAESA%20en%20N%C3%BAmeros|[borders_all;borders_all;14px]%3Cb%3E39%20concesiones%3A%3C%2Fb%3E%2010%20concesiones%20en%20la%20%3Ci%3Eholding%3C%2Fi%3E%2C%2010%20invertidas%20integrales%20y%2019%20participaciones|[borders_all;borders_all;borders_all;14px]Un%20total%20de%20%3Cb%3E13.658%20km%3C%2Fb%3E%20de%20l%C3%ADneas%20de%20transmisi%C3%B3n%20y%2097%20subestaciones%20(%3Cb%3E11.682%20km%3C%2Fb%3E%20de%20l%C3%ADneas%20en%20operaci%C3%B3n%20y%20%3Cb%3E1.976%20km%3C%2Fb%3E%20de%20l%C3%ADneas%20en%20construcci%C3%B3n)|[borders_all;borders_all;borders_all;14px]Presencia%20en%20%3Cb%3E18%20Estados%20y%20en%20el%20Distrito%20Federal%3C%2Fb%3E%3A%20Alagoas%2C%20Bahia%2C%20Esp%C3%ADrito%20Santo%2C%20Goi%C3%A1s%2C%20Maranh%C3%A3o%2C%20Mato%20Grosso%2C%20Minas%20Gerais%2C%20Par%C3%A1%2C%20Para%C3%ADba%2C%20Paran%C3%A1%2C%20Pernambuco%2C%20Piau%C3%AD%2C%20Rio%20Grande%20do%20Norte%2C%20Rio%20Grande%20do%20Sul%2C%20Santa%20Catarina%2C%20S%C3%A3o%20Paulo%2C%20Sergipe%20y%20Tocantins.|[14px;borders_all;borders_all]Medio%20plazo%20de%20las%20concesiones%3A%20%3Cb%3E15%2C2%20a%C3%B1os%3C%2Fb%3E%20(al%2001%2F10%2F2021)|[14px;borders_all;borders_all]Tasa%20de%20disponibilidad%20de%20las%20l%C3%ADneas%3A%20%3Cb%3E99%2C94%25%3C%2Fb%3E%20%2F%20Parcela%20Variable%20(deducci%C3%B3n%20por%20indisponibilidad)%20-%20PV%3A%20%3Cb%3ER%24%2011%2C3%20millones%3C%2Fb%3E%20(1%2C28%25%20de%20la%20RAP%20consolidada)%20-%201T21|[14px;borders_all;borders_all]RAP%20total%20de%20%3Cb%3ER%243.323%20millones%3C%2Fb%3E%20(ciclo%202020-2021)%3A%20%3Cb%3ER%24%202.710millones%3C%2Fb%3E%20operacional%20(14%25%20del%20market%20share%C2%B9)%20y%20%3Cb%3ER%24%20%E2%80%AD613%2C4%E2%80%AC%20%20%E2%80%ACmillones%3C%2Fb%3E%20en%20construcci%C3%B3n%20(12%25%20del%20market%20share%C2%B9%20-%20RAP%20total)|[borders_all;14px]Inversiones%20realizadas%20entre%202006%20y%201T21%20(CAPEX%20%2B%20M%26A)%3A%20%3Cb%3ER%24%208%2C7%20mil%20millones%3C%2Fb%3E|[14px;borders_all;borders_all]Dividendos%20pagados%20entre%202009%20entre%202T21%3A%20%3Cb%3ER%24%209%2C5%20mil%20millones%3C%2Fb%3E[\/vc_table][vc_column_text css=\u00bb.vc_custom_1559918316941{margin-top: -15px !important;}\u00bb]<\/p>\n<h6>\u00b9 Market share solo tiene en cuenta las concesiones de categor\u00eda 2 y 3.<\/h6>\n<p>[\/vc_column_text][\/vc_column][\/vc_row][vc_row css=\u00bb.vc_custom_1557424977965{margin-top: 15px !important;}\u00bb][vc_column][vc_table allow_html=\u00bb1&#8243; el_class=\u00bbajuste-top\u00bb][borders_all;bg#001141;c#ffffff;b]Informaci%C3%B3n%20Financiera%20(6M21%20-%20TAESA%20Consolidado)|[borders_all;14px]EBITDA%20de%20%3Cb%3ER%24%20647%2C8%20millones%3C%2Fb%3E%20y%20margen%20EBITDA%20de%20%3Cb%3E82%2C1%25%3C%2Fb%3E|[borders_all;14px]Utilidad%20Neta%20IFRS%20de%20%3Cb%3ER%24%201253%2C7%20millones%3C%2Fb%3E%20%2F%20Utilidad%20Neta%20Ajustada%C2%B2%20de%20%3Cb%3ER%24%201101%2C09%20%20millones%3C%2Fb%3E%20%2F%20Dividendos-JCP%20(Intereses%20sobre%20el%20capital%20propio)%20distribuidos%20de%20%3Cb%3ER%24%201028%2C5%20millones%3C%2Fb%3E%20(payout%20de%20%3Cb%3E98%2C0%25%3C%2Fb%3E%20de%20la%20utilidad%20neta%20ajustada%20y%20%3Cb%3E83%2C9%25%3C%2Fb%3E%20de%20la%20utilidad%20neta%201T21)|[borders_all;borders_all;14px]Deuda%20Bruta%20de%20%3Cb%3ER%24%206.665%2C7%20millones%3C%2Fb%3E%20%2F%20Efectivo%20de%20%3Cb%3ER%24%20729%2C3%20millones%3C%2Fb%3E%20%2F%20Deuda%20Neta%20de%20%3Cb%3ER%24%205.936%2C5%20millones%3C%2Fb%3E%3C%2Fbr%3ECosto%20Promedio%20nominal%20de%20%3Cb%3E4%2C36%25%3C%2Fb%3E%20y%20Plazo%20Medio%20de%20%3Cb%3E5%2C6%20a%C3%B1os%3C%2Fb%3E|[borders_all;14px]Deuda%20Neta%2FEBITDA%3A%20%3Cb%3E4%2C6x%3C%2Fb%3E%20(considera%20las%20empresas%20controladas%20en%20conjunto%20y%20asociadas)|[borders_all;14px]Market%20Cap%3A%20%3Cb%3ER%24%2013%2C6%20mil%20millones%3C%2Fb%3E%20(al%2019%2F05%2F2021)[\/vc_table][vc_column_text css=\u00bb.vc_custom_1561122563832{margin-top: -15px !important;}\u00bb]<\/p>\n<h6>\u00b2 Utilidad Neta Ajustada excluye los efectos de la adopci\u00f3n del CPC 47 reflejando el m\u00e9todo contable utilizado anteriormente (Activo Financiero a costo amortizado)<\/h6>\n<p>[\/vc_column_text][\/vc_column][\/vc_row]<\/p>\n<\/div><span class=\"et_bloom_bottom_trigger\"><\/span>","protected":false},"excerpt":{"rendered":"<p>[vc_row][vc_column][vc_column_text]Transmissora Alian\u00e7a de Energia El\u00e9trica S.A. &#8211; TAESA &#8211; es uno de los mayores grupos privados de transmisi\u00f3n de energ\u00eda el\u00e9ctrica de Brasil en t\u00e9rminos del Ingreso Anual \u2013 RAP. La empresa se dedica exclusivamente a la construcci\u00f3n, operaci\u00f3n y mantenimiento de activos de transmisi\u00f3n, con 11.682 km de l\u00edneas en operaci\u00f3n y 1.976 km [&hellip;]<\/p>\n","protected":false},"author":1,"featured_media":87230,"parent":2459,"menu_order":1,"comment_status":"closed","ping_status":"closed","template":"","meta":{"footnotes":""},"class_list":["post-87202","page","type-page","status-publish","has-post-thumbnail","hentry"],"_links":{"self":[{"href":"https:\/\/ri.taesa.com.br\/es\/wp-json\/wp\/v2\/pages\/87202","targetHints":{"allow":["GET"]}}],"collection":[{"href":"https:\/\/ri.taesa.com.br\/es\/wp-json\/wp\/v2\/pages"}],"about":[{"href":"https:\/\/ri.taesa.com.br\/es\/wp-json\/wp\/v2\/types\/page"}],"author":[{"embeddable":true,"href":"https:\/\/ri.taesa.com.br\/es\/wp-json\/wp\/v2\/users\/1"}],"replies":[{"embeddable":true,"href":"https:\/\/ri.taesa.com.br\/es\/wp-json\/wp\/v2\/comments?post=87202"}],"version-history":[{"count":0,"href":"https:\/\/ri.taesa.com.br\/es\/wp-json\/wp\/v2\/pages\/87202\/revisions"}],"up":[{"embeddable":true,"href":"https:\/\/ri.taesa.com.br\/es\/wp-json\/wp\/v2\/pages\/2459"}],"wp:featuredmedia":[{"embeddable":true,"href":"https:\/\/ri.taesa.com.br\/es\/wp-json\/wp\/v2\/media\/87230"}],"wp:attachment":[{"href":"https:\/\/ri.taesa.com.br\/es\/wp-json\/wp\/v2\/media?parent=87202"}],"curies":[{"name":"wp","href":"https:\/\/api.w.org\/{rel}","templated":true}]}}